
{"id":5400,"date":"2015-09-10T15:41:48","date_gmt":"2015-09-10T15:41:48","guid":{"rendered":"https:\/\/flupol.pt\/id\/projetos\/"},"modified":"2017-07-19T09:26:53","modified_gmt":"2017-07-19T09:26:53","slug":"proyectos","status":"publish","type":"page","link":"https:\/\/flupol.pt\/es\/id\/proyectos\/","title":{"rendered":"PROYECTOS"},"content":{"rendered":"<p>[vc_row][vc_column][vc_custom_heading text=\u00bbMODPAN\u00bb font_container=\u00bbtag:h1|text_align:center\u00bb use_theme_fonts=\u00bbyes\u00bb css=\u00bb.vc_custom_1452186506814{margin-bottom: 4px !important;}\u00bb][vc_custom_heading text=\u00bbProyectos\u00bb font_container=\u00bbtag:h4|font_size:12|text_align:center|color:%23af0c0f|line_height:16px\u00bb use_theme_fonts=\u00bbyes\u00bb css=\u00bb.vc_custom_1500455839958{margin-top: 2px !important;margin-bottom: 5px !important;}\u00bb]<style type=\"text\/css\" >#l_j9pklkyf178wrxk3c697{width:200px;}#l_j9pklkyf178wrxk3c697.sc_line ,#l_j9pklkyf178wrxk3c697 .sc_line {border-top:1px solid #bcbcbc; border-bottom:1px solid #bcbcbc; height:4px;}#l_j9pklkyf178wrxk3c697.sc_line ,#l_j9pklkyf178wrxk3c697 .sc_line{margin-left:auto!important; margin-right:auto!important;}#l_j9pklkyf178wrxk3c697 {margin:5px 0 0px 0; padding:0;}<\/style><div class=\"clearfix\"><\/div><div id=\"l_j9pklkyf178wrxk3c697\"  class=\"sc_line rd_line_double\" ><\/div>[\/vc_column][\/vc_row][vc_row row_padding_top=\u00bb100&#8243;][vc_column width=\u00bb1\/2&#8243; css=\u00bb.vc_custom_1438428223593{padding-bottom: 70px !important;}\u00bb][vc_column_text]Con este proyecto, FLUPOL pretende presentar un producto que potencia un cambio de paradigma en la industria de la panificaci\u00f3n a partir del desarrollo de un nuevo concepto de estructura met\u00e1lica modular en las herramientas con las siguientes ventajas:<\/p>\n<ul>\n<li>Ahorrar espacio en las instalaciones del cliente: stock de bater\u00edas de moldes y no de conjuntos;<\/li>\n<li>Aumentar la eficiencia de producci\u00f3n:\n<ul>\n<li>Sustituir las bater\u00edas de moldes individuales autom\u00e1ticamente en la l\u00ednea de producci\u00f3n, cuando sea necesario;<\/li>\n<li>Los conjuntos estar\u00e1n siempre en servicio;<\/li>\n<li>El cliente utilizar\u00e1 exclusivamente bater\u00edas de moldes nuevos, eliminando los costes asociados a nuevas aplicaciones de recubrimientos y de renovaci\u00f3n y aprovechando la durabilidad ampliada del recubrimiento en las bater\u00edas de moldes nuevas;<\/li>\n<li>Cuando una bater\u00eda de molde est\u00e1 da\u00f1ada, el cliente puede sustituirlo individualmente y no el conjunto completo;<\/li>\n<\/ul>\n<\/li>\n<li>Contribuir a la reducci\u00f3n de la huella de CO2: sustituir 1 cami\u00f3n por 1 palet y eliminar el transporte bilateral.<\/li>\n<\/ul>\n<p>En abril de 2015, FLUPOL someti\u00f3 una solicitud de patente para esta soluci\u00f3n: PAT.PEND.108376. [\/vc_column_text][\/vc_column][vc_column width=\u00bb1\/2&#8243;][vc_single_image image=\u00bb3986&#8243; img_size=\u00bblarge\u00bb onclick=\u00bbzoom\u00bb][\/vc_column][\/vc_row][vc_row row_padding_top=\u00bb20&#8243; row_padding_bottom=\u00bb20&#8243;][vc_column width=\u00bb1\/4&#8243; css=\u00bb.vc_custom_1447676668072{padding-top: 55px !important;padding-bottom: 50px !important;border-radius: 1px !important;}\u00bb][\/vc_column][vc_column width=\u00bb1\/2&#8243; css=\u00bb.vc_custom_1447676653767{padding-top: 55px !important;padding-bottom: 50px !important;}\u00bb]<style type=\"text\/css\" >#rand_8mcxe6g7ogkmi539b607 {margin-top:0px; margin-bottom:0px; }<\/style><style type=\"text\/css\" >#rand_8mcxe6g7ogkmi539b607:hover .icon_circle i{color:#ad1718 !important;}#rand_8mcxe6g7ogkmi539b607:hover .icon_circle{background:#2d3e50 !important; border:4px solid #ad1718!important;}<\/style> <style type='text\/css'> @font-face{font-family: 'ws'; src:url('https:\/\/flupol.pt\/wp-content\/themes\/TheFox\/includes\/4k-icons\/icons\/4k-icons-pack05\/icons\/fonts\/ws.eot'); src:url('https:\/\/flupol.pt\/wp-content\/themes\/TheFox\/includes\/4k-icons\/icons\/4k-icons-pack05\/icons\/fonts\/ws.eot?#iefix') format('embedded-opentype'), url('https:\/\/flupol.pt\/wp-content\/themes\/TheFox\/includes\/4k-icons\/icons\/4k-icons-pack05\/icons\/fonts\/ws.woff') format('woff'), url('https:\/\/flupol.pt\/wp-content\/themes\/TheFox\/includes\/4k-icons\/icons\/4k-icons-pack05\/icons\/fonts\/ws.ttf') format('truetype'), url('https:\/\/flupol.pt\/wp-content\/themes\/TheFox\/includes\/4k-icons\/icons\/4k-icons-pack05\/icons\/fonts\/ws.svg#oi') format('svg'); font-weight: normal; font-style: normal;}#rand_8mcxe6g7ogkmi539b607 .ws-retweet:before{font-family: 'ws'; font-weight: normal; font-style: normal;}#rand_8mcxe6g7ogkmi539b607 .ws-retweet:before{content: \"\\e81a\";}<\/style>\n<div id=\"rand_8mcxe6g7ogkmi539b607\" class=\"icon_box2_alt \" style=\"background:rgba(0,0,0,0); border:1px solid #b2b2b2; \"><div class=\"icon_circle\" style=\"background-color:#ad1718;\"><i class=\"ws-retweet\" ><\/i><\/div><h3 style=\"color:;\" >SOCIOS<\/h3><p style=\"color:;\" ><\/p>\n<p style=\"text-align: center;\"><a href=\"https:\/\/flupol.pt\/es\/detail\/inegi\/\">INEGI<\/a><\/p>\n<p><\/p><\/div>[\/vc_column][vc_column width=\u00bb1\/4&#8243;][\/vc_column][\/vc_row][vc_row][vc_column]<style type=\"text\/css\" >#l_ri4ufxm9y4zeqm2ganni{width:300px;}#l_ri4ufxm9y4zeqm2ganni.sc_line ,#l_ri4ufxm9y4zeqm2ganni .sc_line {border-top:1px dashed ; border-bottom:1px dashed ; height:5px;}#l_ri4ufxm9y4zeqm2ganni.sc_line ,#l_ri4ufxm9y4zeqm2ganni .sc_line{margin-left:auto!important; margin-right:auto!important;}#l_ri4ufxm9y4zeqm2ganni {margin:0px 0 0px 0; padding:0;}<\/style><div class=\"clearfix\"><\/div><div id=\"l_ri4ufxm9y4zeqm2ganni\"  class=\"sc_line rd_line_d_dashed\" ><\/div>[\/vc_column][\/vc_row][vc_row][vc_column][vc_custom_heading text=\u00bbNano aditivos para recubrimientos\u00bb font_container=\u00bbtag:h1|text_align:center\u00bb use_theme_fonts=\u00bbyes\u00bb css=\u00bb.vc_custom_1500456290724{margin-bottom: 4px !important;}\u00bb][vc_custom_heading text=\u00bbProyectos\u00bb font_container=\u00bbtag:h4|font_size:12|text_align:center|color:%23af0c0f|line_height:16px\u00bb use_theme_fonts=\u00bbyes\u00bb css=\u00bb.vc_custom_1500456407836{margin-top: 2px !important;margin-bottom: 5px !important;}\u00bb]<style type=\"text\/css\" >#l_we5ju7bwyga47us2jj8i{width:200px;}#l_we5ju7bwyga47us2jj8i.sc_line ,#l_we5ju7bwyga47us2jj8i .sc_line {border-top:1px solid #bcbcbc; border-bottom:1px solid #bcbcbc; height:4px;}#l_we5ju7bwyga47us2jj8i.sc_line ,#l_we5ju7bwyga47us2jj8i .sc_line{margin-left:auto!important; margin-right:auto!important;}#l_we5ju7bwyga47us2jj8i {margin:5px 0 0px 0; padding:0;}<\/style><div class=\"clearfix\"><\/div><div id=\"l_we5ju7bwyga47us2jj8i\"  class=\"sc_line rd_line_double\" ><\/div>[\/vc_column][\/vc_row][vc_row row_padding_top=\u00bb100&#8243;][vc_column width=\u00bb1\/2&#8243;][vc_single_image image=\u00bb2469&#8243; img_size=\u00bblarge\u00bb onclick=\u00bbzoom\u00bb][\/vc_column][vc_column width=\u00bb1\/2&#8243; css=\u00bb.vc_custom_1438428223593{padding-bottom: 70px !important;}\u00bb][vc_column_text]El principal objetivo en este proyecto fue el desarrollo de recubrimientos funcionales nanocompuestos basados en la tecnolog\u00eda de los fluoropol\u00edmeros enfocados en el \u00e1rea de la tribolog\u00eda.<\/p>\n<p>Estos recubrimientos se han desarrollado para proporcionar una lubricaci\u00f3n seca con bajo fricci\u00f3n y una elevada resistencia al desgaste en situaciones donde la lubricaci\u00f3n fluida convencional es imposible o indeseable (por ejemplo: vac\u00edo, ambientes qu\u00edmicamente agresivos, temperaturas extremas inferiores a -20\u00baC o superiores a 200\u00baC).[\/vc_column_text][\/vc_column][\/vc_row][vc_row row_padding_top=\u00bb20&#8243; row_padding_bottom=\u00bb20&#8243;][vc_column width=\u00bb1\/4&#8243; css=\u00bb.vc_custom_1447676668072{padding-top: 55px !important;padding-bottom: 50px !important;border-radius: 1px !important;}\u00bb][\/vc_column][vc_column width=\u00bb1\/2&#8243; css=\u00bb.vc_custom_1447676653767{padding-top: 55px !important;padding-bottom: 50px !important;}\u00bb]<style type=\"text\/css\" >#rand_anicmq0zq72a1nx7ip3q {margin-top:0px; margin-bottom:0px; }<\/style><style type=\"text\/css\" >#rand_anicmq0zq72a1nx7ip3q:hover .icon_circle i{color:#ad1718 !important;}#rand_anicmq0zq72a1nx7ip3q:hover .icon_circle{background:#2d3e50 !important; border:4px solid #ad1718!important;}<\/style> <style type='text\/css'> @font-face{font-family: 'ws'; src:url('https:\/\/flupol.pt\/wp-content\/themes\/TheFox\/includes\/4k-icons\/icons\/4k-icons-pack05\/icons\/fonts\/ws.eot'); src:url('https:\/\/flupol.pt\/wp-content\/themes\/TheFox\/includes\/4k-icons\/icons\/4k-icons-pack05\/icons\/fonts\/ws.eot?#iefix') format('embedded-opentype'), url('https:\/\/flupol.pt\/wp-content\/themes\/TheFox\/includes\/4k-icons\/icons\/4k-icons-pack05\/icons\/fonts\/ws.woff') format('woff'), url('https:\/\/flupol.pt\/wp-content\/themes\/TheFox\/includes\/4k-icons\/icons\/4k-icons-pack05\/icons\/fonts\/ws.ttf') format('truetype'), url('https:\/\/flupol.pt\/wp-content\/themes\/TheFox\/includes\/4k-icons\/icons\/4k-icons-pack05\/icons\/fonts\/ws.svg#oi') format('svg'); font-weight: normal; font-style: normal;}#rand_anicmq0zq72a1nx7ip3q .ws-retweet:before{font-family: 'ws'; font-weight: normal; font-style: normal;}#rand_anicmq0zq72a1nx7ip3q .ws-retweet:before{content: \"\\e81a\";}<\/style>\n<div id=\"rand_anicmq0zq72a1nx7ip3q\" class=\"icon_box2_alt \" style=\"background:rgba(0,0,0,0); border:1px solid #b2b2b2; \"><div class=\"icon_circle\" style=\"background-color:#ad1718;\"><i class=\"ws-retweet\" ><\/i><\/div><h3 style=\"color:;\" >SOCIOS<\/h3><p style=\"color:;\" ><a href=\"https:\/\/flupol.pt\/es\/detail\/feup\/\">FEUP<\/a>, <a href=\"https:\/\/flupol.pt\/es\/detail\/lepabe\/\">LEPABE<\/a>, <a href=\"https:\/\/flupol.pt\/es\/detail\/cetrib\/\">CETRIB<\/a><\/p><\/div>[\/vc_column][vc_column width=\u00bb1\/4&#8243;][\/vc_column][\/vc_row][vc_row][vc_column]<style type=\"text\/css\" >#l_rh075t4royml63tgd1pf{width:300px;}#l_rh075t4royml63tgd1pf.sc_line ,#l_rh075t4royml63tgd1pf .sc_line {border-top:1px dashed ; border-bottom:1px dashed ; height:5px;}#l_rh075t4royml63tgd1pf.sc_line ,#l_rh075t4royml63tgd1pf .sc_line{margin-left:auto!important; margin-right:auto!important;}#l_rh075t4royml63tgd1pf {margin:0px 0 0px 0; padding:0;}<\/style><div class=\"clearfix\"><\/div><div id=\"l_rh075t4royml63tgd1pf\"  class=\"sc_line rd_line_d_dashed\" ><\/div>[\/vc_column][\/vc_row]<\/p>\n","protected":false},"excerpt":{"rendered":"<p>[vc_row][vc_column][vc_custom_heading text=\u00bbMODPAN\u00bb font_container=\u00bbtag:h1|text_align:center\u00bb use_theme_fonts=\u00bbyes\u00bb css=\u00bb.vc_custom_1452186506814{margin-bottom: 4px !important;}\u00bb][vc_custom_heading text=\u00bbProyectos\u00bb font_container=\u00bbtag:h4|font_size:12|text_align:center|color:%23af0c0f|line_height:16px\u00bb use_theme_fonts=\u00bbyes\u00bb css=\u00bb.vc_custom_1500455839958{margin-top: 2px !important;margin-bottom: 5px !important;}\u00bb][\/vc_column][\/vc_row][vc_row row_padding_top=\u00bb100&#8243;][vc_column width=\u00bb1\/2&#8243; css=\u00bb.vc_custom_1438428223593{padding-bottom: 70px !important;}\u00bb][vc_column_text]Con este proyecto, FLUPOL pretende presentar un producto que potencia un cambio de paradigma en la industria de la panificaci\u00f3n a partir del desarrollo de un nuevo concepto de estructura met\u00e1lica modular en las herramientas con<br \/><a href=\"https:\/\/flupol.pt\/es\/id\/proyectos\/\" class=\"more\">Read more<\/a><\/p>\n","protected":false},"author":1,"featured_media":0,"parent":5374,"menu_order":0,"comment_status":"closed","ping_status":"closed","template":"","meta":{"_joinchat":[]},"yoast_head":"<!-- This site is optimized with the Yoast SEO plugin v18.8 - https:\/\/yoast.com\/wordpress\/plugins\/seo\/ -->\n<title>PROYECTOS - Flupol<\/title>\n<meta name=\"robots\" content=\"index, follow, max-snippet:-1, max-image-preview:large, max-video-preview:-1\" \/>\n<link rel=\"canonical\" href=\"https:\/\/flupol.pt\/es\/id\/proyectos\/\" \/>\n<meta property=\"og:locale\" content=\"es_ES\" \/>\n<meta property=\"og:type\" content=\"article\" \/>\n<meta property=\"og:title\" content=\"PROYECTOS - Flupol\" \/>\n<meta property=\"og:description\" content=\"[vc_row][vc_column][vc_custom_heading text=\u00bbMODPAN\u00bb font_container=\u00bbtag:h1|text_align:center\u00bb use_theme_fonts=\u00bbyes\u00bb css=\u00bb.vc_custom_1452186506814{margin-bottom: 4px !important;}\u00bb][vc_custom_heading text=\u00bbProyectos\u00bb font_container=\u00bbtag:h4|font_size:12|text_align:center|color:%23af0c0f|line_height:16px\u00bb use_theme_fonts=\u00bbyes\u00bb css=\u00bb.vc_custom_1500455839958{margin-top: 2px !important;margin-bottom: 5px !important;}\u00bb][\/vc_column][\/vc_row][vc_row row_padding_top=\u00bb100&#8243;][vc_column width=\u00bb1\/2&#8243; css=\u00bb.vc_custom_1438428223593{padding-bottom: 70px !important;}\u00bb][vc_column_text]Con este proyecto, FLUPOL pretende presentar un producto que potencia un cambio de paradigma en la industria de la panificaci\u00f3n a partir del desarrollo de un nuevo concepto de estructura met\u00e1lica modular en las herramientas conRead more\" \/>\n<meta property=\"og:url\" content=\"https:\/\/flupol.pt\/es\/id\/proyectos\/\" \/>\n<meta property=\"og:site_name\" content=\"Flupol\" \/>\n<meta property=\"article:modified_time\" content=\"2017-07-19T09:26:53+00:00\" \/>\n<meta name=\"twitter:card\" content=\"summary\" \/>\n<meta name=\"twitter:label1\" content=\"Tiempo de lectura\" \/>\n\t<meta name=\"twitter:data1\" content=\"3 minutos\" \/>\n<script type=\"application\/ld+json\" class=\"yoast-schema-graph\">{\"@context\":\"https:\/\/schema.org\",\"@graph\":[{\"@type\":\"WebSite\",\"@id\":\"https:\/\/flupol.pt\/#website\",\"url\":\"https:\/\/flupol.pt\/\",\"name\":\"Flupol\",\"description\":\"Surface Engineering\",\"potentialAction\":[{\"@type\":\"SearchAction\",\"target\":{\"@type\":\"EntryPoint\",\"urlTemplate\":\"https:\/\/flupol.pt\/?s={search_term_string}\"},\"query-input\":\"required name=search_term_string\"}],\"inLanguage\":\"es\"},{\"@type\":\"WebPage\",\"@id\":\"https:\/\/flupol.pt\/es\/id\/proyectos\/#webpage\",\"url\":\"https:\/\/flupol.pt\/es\/id\/proyectos\/\",\"name\":\"PROYECTOS - Flupol\",\"isPartOf\":{\"@id\":\"https:\/\/flupol.pt\/#website\"},\"datePublished\":\"2015-09-10T15:41:48+00:00\",\"dateModified\":\"2017-07-19T09:26:53+00:00\",\"breadcrumb\":{\"@id\":\"https:\/\/flupol.pt\/es\/id\/proyectos\/#breadcrumb\"},\"inLanguage\":\"es\",\"potentialAction\":[{\"@type\":\"ReadAction\",\"target\":[\"https:\/\/flupol.pt\/es\/id\/proyectos\/\"]}]},{\"@type\":\"BreadcrumbList\",\"@id\":\"https:\/\/flupol.pt\/es\/id\/proyectos\/#breadcrumb\",\"itemListElement\":[{\"@type\":\"ListItem\",\"position\":1,\"name\":\"In\u00edcio\",\"item\":\"https:\/\/flupol.pt\/es\/\"},{\"@type\":\"ListItem\",\"position\":2,\"name\":\"I&#038;D\",\"item\":\"https:\/\/flupol.pt\/es\/id\/\"},{\"@type\":\"ListItem\",\"position\":3,\"name\":\"PROYECTOS\"}]}]}<\/script>\n<!-- \/ Yoast SEO plugin. -->","yoast_head_json":{"title":"PROYECTOS - Flupol","robots":{"index":"index","follow":"follow","max-snippet":"max-snippet:-1","max-image-preview":"max-image-preview:large","max-video-preview":"max-video-preview:-1"},"canonical":"https:\/\/flupol.pt\/es\/id\/proyectos\/","og_locale":"es_ES","og_type":"article","og_title":"PROYECTOS - Flupol","og_description":"[vc_row][vc_column][vc_custom_heading text=\u00bbMODPAN\u00bb font_container=\u00bbtag:h1|text_align:center\u00bb use_theme_fonts=\u00bbyes\u00bb css=\u00bb.vc_custom_1452186506814{margin-bottom: 4px !important;}\u00bb][vc_custom_heading text=\u00bbProyectos\u00bb font_container=\u00bbtag:h4|font_size:12|text_align:center|color:%23af0c0f|line_height:16px\u00bb use_theme_fonts=\u00bbyes\u00bb css=\u00bb.vc_custom_1500455839958{margin-top: 2px !important;margin-bottom: 5px !important;}\u00bb][\/vc_column][\/vc_row][vc_row row_padding_top=\u00bb100&#8243;][vc_column width=\u00bb1\/2&#8243; css=\u00bb.vc_custom_1438428223593{padding-bottom: 70px !important;}\u00bb][vc_column_text]Con este proyecto, FLUPOL pretende presentar un producto que potencia un cambio de paradigma en la industria de la panificaci\u00f3n a partir del desarrollo de un nuevo concepto de estructura met\u00e1lica modular en las herramientas conRead more","og_url":"https:\/\/flupol.pt\/es\/id\/proyectos\/","og_site_name":"Flupol","article_modified_time":"2017-07-19T09:26:53+00:00","twitter_card":"summary","twitter_misc":{"Tiempo de lectura":"3 minutos"},"schema":{"@context":"https:\/\/schema.org","@graph":[{"@type":"WebSite","@id":"https:\/\/flupol.pt\/#website","url":"https:\/\/flupol.pt\/","name":"Flupol","description":"Surface Engineering","potentialAction":[{"@type":"SearchAction","target":{"@type":"EntryPoint","urlTemplate":"https:\/\/flupol.pt\/?s={search_term_string}"},"query-input":"required name=search_term_string"}],"inLanguage":"es"},{"@type":"WebPage","@id":"https:\/\/flupol.pt\/es\/id\/proyectos\/#webpage","url":"https:\/\/flupol.pt\/es\/id\/proyectos\/","name":"PROYECTOS - Flupol","isPartOf":{"@id":"https:\/\/flupol.pt\/#website"},"datePublished":"2015-09-10T15:41:48+00:00","dateModified":"2017-07-19T09:26:53+00:00","breadcrumb":{"@id":"https:\/\/flupol.pt\/es\/id\/proyectos\/#breadcrumb"},"inLanguage":"es","potentialAction":[{"@type":"ReadAction","target":["https:\/\/flupol.pt\/es\/id\/proyectos\/"]}]},{"@type":"BreadcrumbList","@id":"https:\/\/flupol.pt\/es\/id\/proyectos\/#breadcrumb","itemListElement":[{"@type":"ListItem","position":1,"name":"In\u00edcio","item":"https:\/\/flupol.pt\/es\/"},{"@type":"ListItem","position":2,"name":"I&#038;D","item":"https:\/\/flupol.pt\/es\/id\/"},{"@type":"ListItem","position":3,"name":"PROYECTOS"}]}]}},"_links":{"self":[{"href":"https:\/\/flupol.pt\/es\/wp-json\/wp\/v2\/pages\/5400"}],"collection":[{"href":"https:\/\/flupol.pt\/es\/wp-json\/wp\/v2\/pages"}],"about":[{"href":"https:\/\/flupol.pt\/es\/wp-json\/wp\/v2\/types\/page"}],"author":[{"embeddable":true,"href":"https:\/\/flupol.pt\/es\/wp-json\/wp\/v2\/users\/1"}],"replies":[{"embeddable":true,"href":"https:\/\/flupol.pt\/es\/wp-json\/wp\/v2\/comments?post=5400"}],"version-history":[{"count":3,"href":"https:\/\/flupol.pt\/es\/wp-json\/wp\/v2\/pages\/5400\/revisions"}],"predecessor-version":[{"id":5403,"href":"https:\/\/flupol.pt\/es\/wp-json\/wp\/v2\/pages\/5400\/revisions\/5403"}],"up":[{"embeddable":true,"href":"https:\/\/flupol.pt\/es\/wp-json\/wp\/v2\/pages\/5374"}],"wp:attachment":[{"href":"https:\/\/flupol.pt\/es\/wp-json\/wp\/v2\/media?parent=5400"}],"curies":[{"name":"wp","href":"https:\/\/api.w.org\/{rel}","templated":true}]}}