
{"id":5377,"date":"2015-09-10T15:39:40","date_gmt":"2015-09-10T15:39:40","guid":{"rendered":"https:\/\/flupol.pt\/id\/laboratorio\/"},"modified":"2017-07-19T08:37:33","modified_gmt":"2017-07-19T08:37:33","slug":"laboratorio","status":"publish","type":"page","link":"https:\/\/flupol.pt\/es\/id\/laboratorio\/","title":{"rendered":"LABORATORIO"},"content":{"rendered":"<p>[vc_row row_padding_top=\u00bb100&#8243;][vc_column width=\u00bb1\/2&#8243; css=\u00bb.vc_custom_1438428223593{padding-bottom: 70px !important;}\u00bb][vc_custom_heading text=\u00bbLABORATORIO\u00bb font_container=\u00bbtag:h1|text_align:right\u00bb use_theme_fonts=\u00bbyes\u00bb css=\u00bb.vc_custom_1500453356435{margin-bottom: 4px !important;}\u00bb][vc_custom_heading text=\u00bbI&amp;D\u00bb font_container=\u00bbtag:h4|font_size:12|text_align:right|color:%23af0c0f|line_height:16px\u00bb use_theme_fonts=\u00bbyes\u00bb css=\u00bb.vc_custom_1447686469805{margin-top: 2px !important;margin-bottom: 5px !important;}\u00bb]<style type=\"text\/css\" >#l_ksczoj8fdm17c5lpk927{width:200px;}#l_ksczoj8fdm17c5lpk927.sc_line ,#l_ksczoj8fdm17c5lpk927 .sc_line {border-top:1px solid #bcbcbc; border-bottom:1px solid #bcbcbc; height:4px;}#l_ksczoj8fdm17c5lpk927.sc_line ,#l_ksczoj8fdm17c5lpk927 .sc_line{margin-left:auto!important;}#l_ksczoj8fdm17c5lpk927 {margin:5px 0 5px 0; padding:0;}<\/style><div class=\"clearfix\"><\/div><div id=\"l_ksczoj8fdm17c5lpk927\"  class=\"sc_line rd_line_double\" ><\/div>[vc_column_text]El laboratorio de I&amp;D de Flupol est\u00e1 enfocado en el desarrollo y la prueba de formulaciones para recubrimientos.<\/p>\n<p>Las formulaciones completas se desarrollan a partir de componentes aislados que cubren pol\u00edmeros de alto rendimiento, nanomateriales de diferentes naturalezas qu\u00edmicas, incluyendo microcargas m\u00e1s tradicionales. El laboratorio est\u00e1 equipado para llevar a cabo soluciones y dispersiones de pol\u00edmeros, molienda de nanomateriales, dispersi\u00f3n y estabilizaci\u00f3n, as\u00ed como para llevar a cabo la s\u00edntesis avanzada de microc\u00e1psulas.<\/p>\n<p>Para la caracterizaci\u00f3n de los recubrimientos FLUPOL utiliza t\u00e9cnicas de evaluaci\u00f3n de la energ\u00eda de superficie, adhesi\u00f3n por cross-hatch, resistencia a la abrasi\u00f3n y microscop\u00eda \u00f3ptica. Para los recubrimientos desarrollados para aplicaciones tribol\u00f3gicas, se realizan pruebas exhaustivas en varias combinaciones P.V (presi\u00f3n x velocidad) en un trib\u00f3metro servocontrolado, de acuerdo con las normas ASTM D3702 (anilla de respaldo) y ASTM G99 (pin-disco). Estas pruebas tribol\u00f3gicas proporcionan una informaci\u00f3n detallada sobre el coeficiente de fricci\u00f3n y la tasa de desgaste de cada recubrimiento.[\/vc_column_text][\/vc_column][vc_column width=\u00bb1\/2&#8243;][vc_single_image image=\u00bb4098&#8243; img_size=\u00bblarge\u00bb onclick=\u00bbzoom\u00bb][\/vc_column][\/vc_row][vc_row row_padding_top=\u00bb20&#8243; row_padding_bottom=\u00bb20&#8243;][vc_column width=\u00bb1\/4&#8243; css=\u00bb.vc_custom_1447676668072{padding-top: 55px !important;padding-bottom: 50px !important;border-radius: 1px !important;}\u00bb][\/vc_column][vc_column width=\u00bb1\/2&#8243; css=\u00bb.vc_custom_1447676653767{padding-top: 55px !important;padding-bottom: 50px !important;}\u00bb]<style type=\"text\/css\" >#rand_12id4hxxfg3m4sw8nyz7 {margin-top:0px; margin-bottom:0px; }<\/style><style type=\"text\/css\" >#rand_12id4hxxfg3m4sw8nyz7:hover .icon_circle i{color:#ad1718 !important;}#rand_12id4hxxfg3m4sw8nyz7:hover .icon_circle{background:#2d3e50 !important; border:4px solid #ad1718!important;}<\/style> <style type='text\/css'> @font-face{font-family: 'ws'; src:url('https:\/\/flupol.pt\/wp-content\/themes\/TheFox\/includes\/4k-icons\/icons\/4k-icons-pack05\/icons\/fonts\/ws.eot'); src:url('https:\/\/flupol.pt\/wp-content\/themes\/TheFox\/includes\/4k-icons\/icons\/4k-icons-pack05\/icons\/fonts\/ws.eot?#iefix') format('embedded-opentype'), url('https:\/\/flupol.pt\/wp-content\/themes\/TheFox\/includes\/4k-icons\/icons\/4k-icons-pack05\/icons\/fonts\/ws.woff') format('woff'), url('https:\/\/flupol.pt\/wp-content\/themes\/TheFox\/includes\/4k-icons\/icons\/4k-icons-pack05\/icons\/fonts\/ws.ttf') format('truetype'), url('https:\/\/flupol.pt\/wp-content\/themes\/TheFox\/includes\/4k-icons\/icons\/4k-icons-pack05\/icons\/fonts\/ws.svg#oi') format('svg'); font-weight: normal; font-style: normal;}#rand_12id4hxxfg3m4sw8nyz7 .ws-retweet:before{font-family: 'ws'; font-weight: normal; font-style: normal;}#rand_12id4hxxfg3m4sw8nyz7 .ws-retweet:before{content: \"\\e81a\";}<\/style>\n<div id=\"rand_12id4hxxfg3m4sw8nyz7\" class=\"icon_box2_alt \" style=\"background:rgba(0,0,0,0); border:1px solid #b2b2b2; \"><div class=\"icon_circle\" style=\"background-color:#ad1718;\"><i class=\"ws-retweet\" ><\/i><\/div><h3 style=\"color:;\" >SOCIOS<\/h3><p style=\"color:;\" ><\/p>\n<p style=\"text-align: center;\"><a href=\"https:\/\/flupol.pt\/es\/detail\/feup\/\">FEUP<\/a>, <a href=\"https:\/\/flupol.pt\/es\/detail\/lepabe\/\">LEPABE<\/a>, <a href=\"https:\/\/flupol.pt\/es\/detail\/cetrib\/\">CETRIB<\/a><\/p>\n<p><\/p><\/div>[\/vc_column][vc_column width=\u00bb1\/4&#8243;][\/vc_column][\/vc_row]<\/p>\n","protected":false},"excerpt":{"rendered":"<p>[vc_row row_padding_top=\u00bb100&#8243;][vc_column width=\u00bb1\/2&#8243; css=\u00bb.vc_custom_1438428223593{padding-bottom: 70px !important;}\u00bb][vc_custom_heading text=\u00bbLABORATORIO\u00bb font_container=\u00bbtag:h1|text_align:right\u00bb use_theme_fonts=\u00bbyes\u00bb css=\u00bb.vc_custom_1500453356435{margin-bottom: 4px !important;}\u00bb][vc_custom_heading text=\u00bbI&amp;D\u00bb font_container=\u00bbtag:h4|font_size:12|text_align:right|color:%23af0c0f|line_height:16px\u00bb use_theme_fonts=\u00bbyes\u00bb css=\u00bb.vc_custom_1447686469805{margin-top: 2px !important;margin-bottom: 5px !important;}\u00bb][vc_column_text]El laboratorio de I&amp;D de Flupol est\u00e1 enfocado en el desarrollo y la prueba de formulaciones para recubrimientos. Las formulaciones completas se desarrollan a partir de componentes aislados que cubren pol\u00edmeros de alto rendimiento, nanomateriales de<br \/><a href=\"https:\/\/flupol.pt\/es\/id\/laboratorio\/\" class=\"more\">Read more<\/a><\/p>\n","protected":false},"author":1,"featured_media":0,"parent":5374,"menu_order":0,"comment_status":"closed","ping_status":"closed","template":"","meta":{"_joinchat":[]},"yoast_head":"<!-- This site is optimized with the Yoast SEO plugin v18.8 - https:\/\/yoast.com\/wordpress\/plugins\/seo\/ -->\n<title>LABORATORIO - Flupol<\/title>\n<meta name=\"robots\" content=\"index, follow, max-snippet:-1, max-image-preview:large, max-video-preview:-1\" \/>\n<link rel=\"canonical\" href=\"https:\/\/flupol.pt\/es\/id\/laboratorio\/\" \/>\n<meta property=\"og:locale\" content=\"es_ES\" \/>\n<meta property=\"og:type\" content=\"article\" \/>\n<meta property=\"og:title\" content=\"LABORATORIO - Flupol\" \/>\n<meta property=\"og:description\" content=\"[vc_row row_padding_top=\u00bb100&#8243;][vc_column width=\u00bb1\/2&#8243; css=\u00bb.vc_custom_1438428223593{padding-bottom: 70px !important;}\u00bb][vc_custom_heading text=\u00bbLABORATORIO\u00bb font_container=\u00bbtag:h1|text_align:right\u00bb use_theme_fonts=\u00bbyes\u00bb css=\u00bb.vc_custom_1500453356435{margin-bottom: 4px !important;}\u00bb][vc_custom_heading text=\u00bbI&amp;D\u00bb font_container=\u00bbtag:h4|font_size:12|text_align:right|color:%23af0c0f|line_height:16px\u00bb use_theme_fonts=\u00bbyes\u00bb css=\u00bb.vc_custom_1447686469805{margin-top: 2px !important;margin-bottom: 5px !important;}\u00bb][vc_column_text]El laboratorio de I&amp;D de Flupol est\u00e1 enfocado en el desarrollo y la prueba de formulaciones para recubrimientos. Las formulaciones completas se desarrollan a partir de componentes aislados que cubren pol\u00edmeros de alto rendimiento, nanomateriales deRead more\" \/>\n<meta property=\"og:url\" content=\"https:\/\/flupol.pt\/es\/id\/laboratorio\/\" \/>\n<meta property=\"og:site_name\" content=\"Flupol\" \/>\n<meta property=\"article:modified_time\" content=\"2017-07-19T08:37:33+00:00\" \/>\n<meta name=\"twitter:card\" content=\"summary\" \/>\n<meta name=\"twitter:label1\" content=\"Tiempo de lectura\" \/>\n\t<meta name=\"twitter:data1\" content=\"2 minutos\" \/>\n<script type=\"application\/ld+json\" class=\"yoast-schema-graph\">{\"@context\":\"https:\/\/schema.org\",\"@graph\":[{\"@type\":\"WebSite\",\"@id\":\"https:\/\/flupol.pt\/#website\",\"url\":\"https:\/\/flupol.pt\/\",\"name\":\"Flupol\",\"description\":\"Surface Engineering\",\"potentialAction\":[{\"@type\":\"SearchAction\",\"target\":{\"@type\":\"EntryPoint\",\"urlTemplate\":\"https:\/\/flupol.pt\/?s={search_term_string}\"},\"query-input\":\"required name=search_term_string\"}],\"inLanguage\":\"es\"},{\"@type\":\"WebPage\",\"@id\":\"https:\/\/flupol.pt\/es\/id\/laboratorio\/#webpage\",\"url\":\"https:\/\/flupol.pt\/es\/id\/laboratorio\/\",\"name\":\"LABORATORIO - Flupol\",\"isPartOf\":{\"@id\":\"https:\/\/flupol.pt\/#website\"},\"datePublished\":\"2015-09-10T15:39:40+00:00\",\"dateModified\":\"2017-07-19T08:37:33+00:00\",\"breadcrumb\":{\"@id\":\"https:\/\/flupol.pt\/es\/id\/laboratorio\/#breadcrumb\"},\"inLanguage\":\"es\",\"potentialAction\":[{\"@type\":\"ReadAction\",\"target\":[\"https:\/\/flupol.pt\/es\/id\/laboratorio\/\"]}]},{\"@type\":\"BreadcrumbList\",\"@id\":\"https:\/\/flupol.pt\/es\/id\/laboratorio\/#breadcrumb\",\"itemListElement\":[{\"@type\":\"ListItem\",\"position\":1,\"name\":\"In\u00edcio\",\"item\":\"https:\/\/flupol.pt\/es\/\"},{\"@type\":\"ListItem\",\"position\":2,\"name\":\"I&#038;D\",\"item\":\"https:\/\/flupol.pt\/es\/id\/\"},{\"@type\":\"ListItem\",\"position\":3,\"name\":\"LABORATORIO\"}]}]}<\/script>\n<!-- \/ Yoast SEO plugin. -->","yoast_head_json":{"title":"LABORATORIO - Flupol","robots":{"index":"index","follow":"follow","max-snippet":"max-snippet:-1","max-image-preview":"max-image-preview:large","max-video-preview":"max-video-preview:-1"},"canonical":"https:\/\/flupol.pt\/es\/id\/laboratorio\/","og_locale":"es_ES","og_type":"article","og_title":"LABORATORIO - Flupol","og_description":"[vc_row row_padding_top=\u00bb100&#8243;][vc_column width=\u00bb1\/2&#8243; css=\u00bb.vc_custom_1438428223593{padding-bottom: 70px !important;}\u00bb][vc_custom_heading text=\u00bbLABORATORIO\u00bb font_container=\u00bbtag:h1|text_align:right\u00bb use_theme_fonts=\u00bbyes\u00bb css=\u00bb.vc_custom_1500453356435{margin-bottom: 4px !important;}\u00bb][vc_custom_heading text=\u00bbI&amp;D\u00bb font_container=\u00bbtag:h4|font_size:12|text_align:right|color:%23af0c0f|line_height:16px\u00bb use_theme_fonts=\u00bbyes\u00bb css=\u00bb.vc_custom_1447686469805{margin-top: 2px !important;margin-bottom: 5px !important;}\u00bb][vc_column_text]El laboratorio de I&amp;D de Flupol est\u00e1 enfocado en el desarrollo y la prueba de formulaciones para recubrimientos. Las formulaciones completas se desarrollan a partir de componentes aislados que cubren pol\u00edmeros de alto rendimiento, nanomateriales deRead more","og_url":"https:\/\/flupol.pt\/es\/id\/laboratorio\/","og_site_name":"Flupol","article_modified_time":"2017-07-19T08:37:33+00:00","twitter_card":"summary","twitter_misc":{"Tiempo de lectura":"2 minutos"},"schema":{"@context":"https:\/\/schema.org","@graph":[{"@type":"WebSite","@id":"https:\/\/flupol.pt\/#website","url":"https:\/\/flupol.pt\/","name":"Flupol","description":"Surface Engineering","potentialAction":[{"@type":"SearchAction","target":{"@type":"EntryPoint","urlTemplate":"https:\/\/flupol.pt\/?s={search_term_string}"},"query-input":"required name=search_term_string"}],"inLanguage":"es"},{"@type":"WebPage","@id":"https:\/\/flupol.pt\/es\/id\/laboratorio\/#webpage","url":"https:\/\/flupol.pt\/es\/id\/laboratorio\/","name":"LABORATORIO - Flupol","isPartOf":{"@id":"https:\/\/flupol.pt\/#website"},"datePublished":"2015-09-10T15:39:40+00:00","dateModified":"2017-07-19T08:37:33+00:00","breadcrumb":{"@id":"https:\/\/flupol.pt\/es\/id\/laboratorio\/#breadcrumb"},"inLanguage":"es","potentialAction":[{"@type":"ReadAction","target":["https:\/\/flupol.pt\/es\/id\/laboratorio\/"]}]},{"@type":"BreadcrumbList","@id":"https:\/\/flupol.pt\/es\/id\/laboratorio\/#breadcrumb","itemListElement":[{"@type":"ListItem","position":1,"name":"In\u00edcio","item":"https:\/\/flupol.pt\/es\/"},{"@type":"ListItem","position":2,"name":"I&#038;D","item":"https:\/\/flupol.pt\/es\/id\/"},{"@type":"ListItem","position":3,"name":"LABORATORIO"}]}]}},"_links":{"self":[{"href":"https:\/\/flupol.pt\/es\/wp-json\/wp\/v2\/pages\/5377"}],"collection":[{"href":"https:\/\/flupol.pt\/es\/wp-json\/wp\/v2\/pages"}],"about":[{"href":"https:\/\/flupol.pt\/es\/wp-json\/wp\/v2\/types\/page"}],"author":[{"embeddable":true,"href":"https:\/\/flupol.pt\/es\/wp-json\/wp\/v2\/users\/1"}],"replies":[{"embeddable":true,"href":"https:\/\/flupol.pt\/es\/wp-json\/wp\/v2\/comments?post=5377"}],"version-history":[{"count":2,"href":"https:\/\/flupol.pt\/es\/wp-json\/wp\/v2\/pages\/5377\/revisions"}],"predecessor-version":[{"id":5379,"href":"https:\/\/flupol.pt\/es\/wp-json\/wp\/v2\/pages\/5377\/revisions\/5379"}],"up":[{"embeddable":true,"href":"https:\/\/flupol.pt\/es\/wp-json\/wp\/v2\/pages\/5374"}],"wp:attachment":[{"href":"https:\/\/flupol.pt\/es\/wp-json\/wp\/v2\/media?parent=5377"}],"curies":[{"name":"wp","href":"https:\/\/api.w.org\/{rel}","templated":true}]}}