
{"id":5286,"date":"2015-12-22T16:11:45","date_gmt":"2015-12-22T16:11:45","guid":{"rendered":"https:\/\/flupol.pt\/baking-systems\/catalogo-de-productos\/confeitaria-industrial\/"},"modified":"2017-07-25T14:24:19","modified_gmt":"2017-07-25T14:24:19","slug":"confiteria-industrial","status":"publish","type":"page","link":"https:\/\/flupol.pt\/es\/baking-systems\/catalogo-de-productos\/confiteria-industrial\/","title":{"rendered":"CONFITER\u00cdA INDUSTRIAL"},"content":{"rendered":"<p>[vc_row][vc_column]<script>jQuery.noConflict(); var $ = jQuery; <\/script><div id=\"randomtdq4e8f4upr1jiqpuann_port\" class=\"portfolio\"><style type=\"text\/css\" >#randomtdq4e8f4upr1jiqpuann_port .filter_type_1 #options .selected a,#randomtdq4e8f4upr1jiqpuann_port .filter_type_1 #options a:hover{background:#ad1718; border:1px solid #ad1718; color:#fff;}#randomtdq4e8f4upr1jiqpuann_port .filter_type_1 #options a{border:1px solid #ecf0f1}#randomtdq4e8f4upr1jiqpuann_port .filter_type_1 #options a{background:#ffffff}#randomtdq4e8f4upr1jiqpuann_port .filter_type_1 #options a{color:#5e5e5e}<\/style><style type=\"text\/css\" >#randomtdq4e8f4upr1jiqpuann_port .portfolio_desc{ position:absolute; bottom:10%; width:100%; height:40px; padding:0; border:none!important; background:none!important; text-align:center; z-index:3; opacity:0;}#randomtdq4e8f4upr1jiqpuann_port .element:hover .portfolio_desc{opacity:1; bottom:50%;}#randomtdq4e8f4upr1jiqpuann_port  .element:hover .img_link{left:4px;  opacity:1;}#randomtdq4e8f4upr1jiqpuann_port  .element:hover .post_link{right:4px; opacity:1;}#randomtdq4e8f4upr1jiqpuann_port .element:hover .port_overlay{ background:#fff; opacity:1;}#randomtdq4e8f4upr1jiqpuann_port .portfolio_desc{margin-bottom:-20px;}.img_link,.post_link{display:none;}<\/style><style type=\"text\/css\" >#randomtdq4e8f4upr1jiqpuann_port .filter_img{border:1px solid #ecf0f1; border-bottom:none;}#randomtdq4e8f4upr1jiqpuann_port .port_item_details{border:1px solid #ecf0f1; border-top:none;}#randomtdq4e8f4upr1jiqpuann_port .port_item_details {background:#ffffff}#randomtdq4e8f4upr1jiqpuann_port .port_item_details a h2{color:#2c3e50}#randomtdq4e8f4upr1jiqpuann_port .port_item_details h3{color:#5e5e5e}#randomtdq4e8f4upr1jiqpuann_port .element:hover .filter_img{border:1px solid #2c3e50; border-bottom:none;}#randomtdq4e8f4upr1jiqpuann_port .element:hover .port_item_details{border:1px solid #2c3e50; border-top:none;}#randomtdq4e8f4upr1jiqpuann_port .element:hover .port_item_details{background:#2c3e50}#randomtdq4e8f4upr1jiqpuann_port .element:hover .port_item_details a h2{color:#ffffff}#randomtdq4e8f4upr1jiqpuann_port .element:hover .port_item_details h3{color:#5e5e5e}<\/style><div class=\"portfolio_block image-grid columns4 port_type_5 rd_hover_white thumbnail_type_2\" id=\"list\"><div data-category=\"\" class=\" element\">\r\n\t\t<div class=\"filter_img\">\r\n\t\t<div class=\"port_thumb_ctn\">\r\n\t\t<div class=\"port_overlay\"><\/div>\r\n        <a  href=\"https:\/\/flupol.pt\/es\/produtos\/flucoat-725-3\/\" class=\"ico_link\">\r\n\t\t<\/a><figcaption><div>\r\n\t\t<h2>FLUCOAT 725<\/h2>\r\n\t\t<p><\/p>\r\n\t\t<\/div>\r\n\t\t<a href=\"https:\/\/flupol.pt\/es\/produtos\/flucoat-725-3\/\">View more<\/a>\r\n\t\t<\/figcaption><div class=\"portfolio_desc\">\r\n\t\t<h2><a href=\"https:\/\/flupol.pt\/es\/produtos\/flucoat-725-3\/\">FLUCOAT 725<\/a><\/h2>\r\n\t\t<h3><\/h3>\r\n        <\/div>\r\n\t\t<\/div><!-- port_thumb_ctn END -->\r\n\t\t<\/div><!-- Filter img END -->\r\n\t\t<div class=\"port_item_details\"><a href=\"https:\/\/flupol.pt\/es\/produtos\/flucoat-725-3\/\"><h2>FLUCOAT 725<\/h2><\/a><h3><\/h3>\r\n\t\t<div class=\"item_details_info\"><div class=\"item_details_date\">13 enero, 2016<\/div><a href=\"#\" class=\"zilla-likes\" id=\"zilla-likes-5429\" title=\"Like this\"><span class=\"zilla-likes-count\">0<\/span> <span class=\"zilla-likes-postfix\"><\/span><\/a><\/div><div class=\"port_small_excerpt\"><div class=\"port_project_buttons\"><a class=\"view-portfolio-item\" href=\"https:\/\/flupol.pt\/es\/produtos\/flucoat-725-3\/\">View More<\/a><\/div><\/div>\r\n\t\t<\/div><div class=\"portfolio_sub_info\"><div class=\"isotope_portfolio_name\">FLUCOAT 725<\/div><div class=\"isotope_portfolio_date\">2016-01-13<\/div><\/div><\/div><!-- element END --><div data-category=\"\" class=\" element\">\r\n\t\t<div class=\"filter_img\">\r\n\t\t<div class=\"port_thumb_ctn\">\r\n\t\t<div class=\"port_overlay\"><\/div>\r\n        <a  href=\"https:\/\/flupol.pt\/es\/produtos\/flucoat-720-3\/\" class=\"ico_link\">\r\n\t\t<\/a><figcaption><div>\r\n\t\t<h2>FLUCOAT 720<\/h2>\r\n\t\t<p><\/p>\r\n\t\t<\/div>\r\n\t\t<a href=\"https:\/\/flupol.pt\/es\/produtos\/flucoat-720-3\/\">View more<\/a>\r\n\t\t<\/figcaption><div class=\"portfolio_desc\">\r\n\t\t<h2><a href=\"https:\/\/flupol.pt\/es\/produtos\/flucoat-720-3\/\">FLUCOAT 720<\/a><\/h2>\r\n\t\t<h3><\/h3>\r\n        <\/div>\r\n\t\t<\/div><!-- port_thumb_ctn END -->\r\n\t\t<\/div><!-- Filter img END -->\r\n\t\t<div class=\"port_item_details\"><a href=\"https:\/\/flupol.pt\/es\/produtos\/flucoat-720-3\/\"><h2>FLUCOAT 720<\/h2><\/a><h3><\/h3>\r\n\t\t<div class=\"item_details_info\"><div class=\"item_details_date\">13 enero, 2016<\/div><a href=\"#\" class=\"zilla-likes\" id=\"zilla-likes-5431\" title=\"Like this\"><span class=\"zilla-likes-count\">0<\/span> <span class=\"zilla-likes-postfix\"><\/span><\/a><\/div><div class=\"port_small_excerpt\"><div class=\"port_project_buttons\"><a class=\"view-portfolio-item\" href=\"https:\/\/flupol.pt\/es\/produtos\/flucoat-720-3\/\">View More<\/a><\/div><\/div>\r\n\t\t<\/div><div class=\"portfolio_sub_info\"><div class=\"isotope_portfolio_name\">FLUCOAT 720<\/div><div class=\"isotope_portfolio_date\">2016-01-13<\/div><\/div><\/div><!-- element END --><div data-category=\"\" class=\" element\">\r\n\t\t<div class=\"filter_img\">\r\n\t\t<div class=\"port_thumb_ctn\">\r\n\t\t<div class=\"port_overlay\"><\/div>\r\n        <a  href=\"https:\/\/flupol.pt\/es\/produtos\/flucoat-710-3\/\" class=\"ico_link\">\r\n\t\t<\/a><figcaption><div>\r\n\t\t<h2>FLUCOAT 710<\/h2>\r\n\t\t<p><\/p>\r\n\t\t<\/div>\r\n\t\t<a href=\"https:\/\/flupol.pt\/es\/produtos\/flucoat-710-3\/\">View more<\/a>\r\n\t\t<\/figcaption><div class=\"portfolio_desc\">\r\n\t\t<h2><a href=\"https:\/\/flupol.pt\/es\/produtos\/flucoat-710-3\/\">FLUCOAT 710<\/a><\/h2>\r\n\t\t<h3><\/h3>\r\n        <\/div>\r\n\t\t<\/div><!-- port_thumb_ctn END -->\r\n\t\t<\/div><!-- Filter img END -->\r\n\t\t<div class=\"port_item_details\"><a href=\"https:\/\/flupol.pt\/es\/produtos\/flucoat-710-3\/\"><h2>FLUCOAT 710<\/h2><\/a><h3><\/h3>\r\n\t\t<div class=\"item_details_info\"><div class=\"item_details_date\">13 enero, 2016<\/div><a href=\"#\" class=\"zilla-likes\" id=\"zilla-likes-5433\" title=\"Like this\"><span class=\"zilla-likes-count\">0<\/span> <span class=\"zilla-likes-postfix\"><\/span><\/a><\/div><div class=\"port_small_excerpt\"><div class=\"port_project_buttons\"><a class=\"view-portfolio-item\" href=\"https:\/\/flupol.pt\/es\/produtos\/flucoat-710-3\/\">View More<\/a><\/div><\/div>\r\n\t\t<\/div><div class=\"portfolio_sub_info\"><div class=\"isotope_portfolio_name\">FLUCOAT 710<\/div><div class=\"isotope_portfolio_date\">2016-01-13<\/div><\/div><\/div><!-- element END --><div data-category=\"\" class=\" element\">\r\n\t\t<div class=\"filter_img\">\r\n\t\t<div class=\"port_thumb_ctn\">\r\n\t\t<div class=\"port_overlay\"><\/div>\r\n        <a  href=\"https:\/\/flupol.pt\/es\/produtos\/flucoat-602\/\" class=\"ico_link\">\r\n\t\t<\/a><figcaption><div>\r\n\t\t<h2>FLUCOAT 602<\/h2>\r\n\t\t<p><\/p>\r\n\t\t<\/div>\r\n\t\t<a href=\"https:\/\/flupol.pt\/es\/produtos\/flucoat-602\/\">View more<\/a>\r\n\t\t<\/figcaption><div class=\"portfolio_desc\">\r\n\t\t<h2><a href=\"https:\/\/flupol.pt\/es\/produtos\/flucoat-602\/\">FLUCOAT 602<\/a><\/h2>\r\n\t\t<h3><\/h3>\r\n        <\/div>\r\n\t\t<\/div><!-- port_thumb_ctn END -->\r\n\t\t<\/div><!-- Filter img END -->\r\n\t\t<div class=\"port_item_details\"><a href=\"https:\/\/flupol.pt\/es\/produtos\/flucoat-602\/\"><h2>FLUCOAT 602<\/h2><\/a><h3><\/h3>\r\n\t\t<div class=\"item_details_info\"><div class=\"item_details_date\">13 enero, 2016<\/div><a href=\"#\" class=\"zilla-likes\" id=\"zilla-likes-5435\" title=\"Like this\"><span class=\"zilla-likes-count\">0<\/span> <span class=\"zilla-likes-postfix\"><\/span><\/a><\/div><div class=\"port_small_excerpt\"><div class=\"port_project_buttons\"><a class=\"view-portfolio-item\" href=\"https:\/\/flupol.pt\/es\/produtos\/flucoat-602\/\">View More<\/a><\/div><\/div>\r\n\t\t<\/div><div class=\"portfolio_sub_info\"><div class=\"isotope_portfolio_name\">FLUCOAT 602<\/div><div class=\"isotope_portfolio_date\">2016-01-13<\/div><\/div><\/div><!-- element END --><div data-category=\"\" class=\" element\">\r\n\t\t<div class=\"filter_img\">\r\n\t\t<div class=\"port_thumb_ctn\">\r\n\t\t<div class=\"port_overlay\"><\/div>\r\n        <a  href=\"https:\/\/flupol.pt\/es\/produtos\/flucoat-402-3\/\" class=\"ico_link\">\r\n\t\t<\/a><figcaption><div>\r\n\t\t<h2>FLUCOAT 402<\/h2>\r\n\t\t<p><\/p>\r\n\t\t<\/div>\r\n\t\t<a href=\"https:\/\/flupol.pt\/es\/produtos\/flucoat-402-3\/\">View more<\/a>\r\n\t\t<\/figcaption><div class=\"portfolio_desc\">\r\n\t\t<h2><a href=\"https:\/\/flupol.pt\/es\/produtos\/flucoat-402-3\/\">FLUCOAT 402<\/a><\/h2>\r\n\t\t<h3><\/h3>\r\n        <\/div>\r\n\t\t<\/div><!-- port_thumb_ctn END -->\r\n\t\t<\/div><!-- Filter img END -->\r\n\t\t<div class=\"port_item_details\"><a href=\"https:\/\/flupol.pt\/es\/produtos\/flucoat-402-3\/\"><h2>FLUCOAT 402<\/h2><\/a><h3><\/h3>\r\n\t\t<div class=\"item_details_info\"><div class=\"item_details_date\">13 enero, 2016<\/div><a href=\"#\" class=\"zilla-likes\" id=\"zilla-likes-5437\" title=\"Like this\"><span class=\"zilla-likes-count\">0<\/span> <span class=\"zilla-likes-postfix\"><\/span><\/a><\/div><div class=\"port_small_excerpt\"><div class=\"port_project_buttons\"><a class=\"view-portfolio-item\" href=\"https:\/\/flupol.pt\/es\/produtos\/flucoat-402-3\/\">View More<\/a><\/div><\/div>\r\n\t\t<\/div><div class=\"portfolio_sub_info\"><div class=\"isotope_portfolio_name\">FLUCOAT 402<\/div><div class=\"isotope_portfolio_date\">2016-01-13<\/div><\/div><\/div><!-- element END --><div data-category=\"\" class=\" element\">\r\n\t\t<div class=\"filter_img\">\r\n\t\t<div class=\"port_thumb_ctn\">\r\n\t\t<div class=\"port_overlay\"><\/div>\r\n        <a  href=\"https:\/\/flupol.pt\/es\/produtos\/flucoat-200-3\/\" class=\"ico_link\">\r\n\t\t<\/a><figcaption><div>\r\n\t\t<h2>FLUCOAT 200<\/h2>\r\n\t\t<p><\/p>\r\n\t\t<\/div>\r\n\t\t<a href=\"https:\/\/flupol.pt\/es\/produtos\/flucoat-200-3\/\">View more<\/a>\r\n\t\t<\/figcaption><div class=\"portfolio_desc\">\r\n\t\t<h2><a href=\"https:\/\/flupol.pt\/es\/produtos\/flucoat-200-3\/\">FLUCOAT 200<\/a><\/h2>\r\n\t\t<h3><\/h3>\r\n        <\/div>\r\n\t\t<\/div><!-- port_thumb_ctn END -->\r\n\t\t<\/div><!-- Filter img END -->\r\n\t\t<div class=\"port_item_details\"><a href=\"https:\/\/flupol.pt\/es\/produtos\/flucoat-200-3\/\"><h2>FLUCOAT 200<\/h2><\/a><h3><\/h3>\r\n\t\t<div class=\"item_details_info\"><div class=\"item_details_date\">13 enero, 2016<\/div><a href=\"#\" class=\"zilla-likes\" id=\"zilla-likes-5439\" title=\"Like this\"><span class=\"zilla-likes-count\">0<\/span> <span class=\"zilla-likes-postfix\"><\/span><\/a><\/div><div class=\"port_small_excerpt\"><div class=\"port_project_buttons\"><a class=\"view-portfolio-item\" href=\"https:\/\/flupol.pt\/es\/produtos\/flucoat-200-3\/\">View More<\/a><\/div><\/div>\r\n\t\t<\/div><div class=\"portfolio_sub_info\"><div class=\"isotope_portfolio_name\">FLUCOAT 200<\/div><div class=\"isotope_portfolio_date\">2016-01-13<\/div><\/div><\/div><!-- element END --><div data-category=\"\" class=\" element\">\r\n\t\t<div class=\"filter_img\">\r\n\t\t<div class=\"port_thumb_ctn\">\r\n\t\t<div class=\"port_overlay\"><\/div>\r\n        <a  href=\"https:\/\/flupol.pt\/es\/produtos\/018\/\" class=\"ico_link\">\r\n\t\t<\/a><figcaption><div>\r\n\t\t<h2>FLUCOAT 018<\/h2>\r\n\t\t<p><\/p>\r\n\t\t<\/div>\r\n\t\t<a href=\"https:\/\/flupol.pt\/es\/produtos\/018\/\">View more<\/a>\r\n\t\t<\/figcaption><div class=\"portfolio_desc\">\r\n\t\t<h2><a href=\"https:\/\/flupol.pt\/es\/produtos\/018\/\">FLUCOAT 018<\/a><\/h2>\r\n\t\t<h3><\/h3>\r\n        <\/div>\r\n\t\t<\/div><!-- port_thumb_ctn END -->\r\n\t\t<\/div><!-- Filter img END -->\r\n\t\t<div class=\"port_item_details\"><a href=\"https:\/\/flupol.pt\/es\/produtos\/018\/\"><h2>FLUCOAT 018<\/h2><\/a><h3><\/h3>\r\n\t\t<div class=\"item_details_info\"><div class=\"item_details_date\">13 enero, 2016<\/div><a href=\"#\" class=\"zilla-likes\" id=\"zilla-likes-5441\" title=\"Like this\"><span class=\"zilla-likes-count\">0<\/span> <span class=\"zilla-likes-postfix\"><\/span><\/a><\/div><div class=\"port_small_excerpt\"><div class=\"port_project_buttons\"><a class=\"view-portfolio-item\" href=\"https:\/\/flupol.pt\/es\/produtos\/018\/\">View More<\/a><\/div><\/div>\r\n\t\t<\/div><div class=\"portfolio_sub_info\"><div class=\"isotope_portfolio_name\">FLUCOAT 018<\/div><div class=\"isotope_portfolio_date\">2016-01-13<\/div><\/div><\/div><!-- element END -->\r\n\r\n                <\/div><!-- .portfolio_block -->\r\n\r\n                <div class=\"rd_clear\"><!-- ClearFix --><\/div><\/div>  <script>\r\n  \r\n\r\n\r\njQuery.noConflict();\r\njQuery(document).ready(function($){\r\n\"use strict\";\r\n            \r\n $(window).load(function(){\r\n\r\n\t$(\"#randomtdq4e8f4upr1jiqpuann_port .optionset li a\").each(function() {\r\n\t\t\t\t\t\t\t\t\t\r\n\t\t\t\t\t\t\t\tvar filter_class = $(this).attr('data-option-value');\r\n\t\t\t\t\t\t\t\t if ($('#randomtdq4e8f4upr1jiqpuann_port').find(filter_class).length){ \/\/ implies *not* zero\r\n\t\t\t\t\t\t\t\t$(this).parent('li').show();\r\n\t\t\t\t\t\t\t\t }else{\r\n\t\t\t\t\t\t\t\t$(this).parent('li').hide();\r\n\t\t\t\t\t\t\t\t }\r\n\t\t\t\t\t\t\t\t\r\n\t\t\t\t\t\t\t\t\r\n\t\t\t\t\t\t\t\t});\r\n\t\t\t\t\t\t\t\t\r\n                            $('#portfolio-tags').css('opacity','1');\r\nfunction watchport() {\r\n\r\n$(\"#randomtdq4e8f4upr1jiqpuann_port .portfolio_block\").isotope('layout');\r\n\t\t\t\t\t\r\n\t\t\t\t\t\r\n}\r\n\r\nsetInterval(watchport, 100);\r\n\r\n\r\n\t\t   \r\n                });\r\n\t\t\t\r\n                });\t\r\n            <\/script>\r\n  [\/vc_column][\/vc_row][vc_row][vc_column][vc_column_text]NOTA: De acuerdo con los procedimientos de prueba efectuados por Flupol y, como es de nuestro conocimiento, los datos aqu\u00ed presentados son verdaderos. Los datos aqu\u00ed presentados no constituyen una especificaci\u00f3n. Las muestras de recubrimientos est\u00e1n disponibles para pruebas por parte de los clientes mediante previa solicitud. [\/vc_column_text][\/vc_column][\/vc_row]<\/p>\n","protected":false},"excerpt":{"rendered":"<p>[vc_row][vc_column][vc_column_text]Aplicacion: Bandejas y bater\u00edas de moldes industriales para pasta dulce[\/vc_column_text][\/vc_column][\/vc_row][vc_row][vc_column][vc_custom_heading text=\u00bbAntiadherencia\u00bb font_container=\u00bbtag:h5|text_align:left\u00bb use_theme_fonts=\u00bbyes\u00bb][vc_row_inner][vc_column_inner width=\u00bb1\/2&#8243;] DulceIdeal [\/vc_column_inner][vc_column_inner width=\u00bb1\/2&#8243;] SaladaIdeal [\/vc_column_inner][\/vc_row_inner][\/vc_column][\/vc_row][vc_row][vc_column width=\u00bb1\/2&#8243;] Resistencia a la corrosi\u00f3nRazonable Resistencia a los riesgosIdeal [\/vc_column][vc_column width=\u00bb1\/2&#8243;] Tiempo vida \u00fatilIdeal [\/vc_column][\/vc_row][vc_row][vc_column][vc_custom_heading text=\u00bbTemperatura de Servicio\u00bb font_container=\u00bbtag:h5|text_align:left\u00bb use_theme_fonts=\u00bbyes\u00bb][vc_row_inner][vc_column_inner width=\u00bb1\/2&#8243;] En continuo250\u00baC [\/vc_column_inner][vc_column_inner width=\u00bb1\/2&#8243;] Corta duraci\u00f3n270\u00baC [\/vc_column_inner][\/vc_row_inner][\/vc_column][\/vc_row]<br \/><a href=\"https:\/\/flupol.pt\/es\/produtos\/018\/\" class=\"more\">Read more<\/a><\/p>\n","protected":false},"author":2,"featured_media":0,"parent":5278,"menu_order":0,"comment_status":"closed","ping_status":"closed","template":"","meta":{"_joinchat":[]},"yoast_head":"<!-- This site is optimized with the Yoast SEO plugin v18.8 - https:\/\/yoast.com\/wordpress\/plugins\/seo\/ -->\n<title>CONFITER\u00cdA INDUSTRIAL - Flupol<\/title>\n<meta name=\"robots\" content=\"index, follow, max-snippet:-1, max-image-preview:large, max-video-preview:-1\" \/>\n<link rel=\"canonical\" href=\"https:\/\/flupol.pt\/es\/baking-systems\/catalogo-de-productos\/confiteria-industrial\/\" \/>\n<meta property=\"og:locale\" content=\"es_ES\" \/>\n<meta property=\"og:type\" content=\"article\" \/>\n<meta property=\"og:title\" content=\"CONFITER\u00cdA INDUSTRIAL - Flupol\" \/>\n<meta property=\"og:description\" content=\"[vc_row][vc_column][vc_column_text]Aplicacion: Bandejas y bater\u00edas de moldes industriales para pasta dulce[\/vc_column_text][\/vc_column][\/vc_row][vc_row][vc_column][vc_custom_heading text=\u00bbAntiadherencia\u00bb font_container=\u00bbtag:h5|text_align:left\u00bb use_theme_fonts=\u00bbyes\u00bb][vc_row_inner][vc_column_inner width=\u00bb1\/2&#8243;] DulceIdeal [\/vc_column_inner][vc_column_inner width=\u00bb1\/2&#8243;] SaladaIdeal [\/vc_column_inner][\/vc_row_inner][\/vc_column][\/vc_row][vc_row][vc_column width=\u00bb1\/2&#8243;] Resistencia a la corrosi\u00f3nRazonable Resistencia a los riesgosIdeal [\/vc_column][vc_column width=\u00bb1\/2&#8243;] Tiempo vida \u00fatilIdeal [\/vc_column][\/vc_row][vc_row][vc_column][vc_custom_heading text=\u00bbTemperatura de Servicio\u00bb font_container=\u00bbtag:h5|text_align:left\u00bb use_theme_fonts=\u00bbyes\u00bb][vc_row_inner][vc_column_inner width=\u00bb1\/2&#8243;] En continuo250\u00baC [\/vc_column_inner][vc_column_inner width=\u00bb1\/2&#8243;] Corta duraci\u00f3n270\u00baC [\/vc_column_inner][\/vc_row_inner][\/vc_column][\/vc_row]Read more\" \/>\n<meta property=\"og:url\" content=\"https:\/\/flupol.pt\/es\/baking-systems\/catalogo-de-productos\/confiteria-industrial\/\" \/>\n<meta property=\"og:site_name\" content=\"Flupol\" \/>\n<meta property=\"article:modified_time\" content=\"2017-07-25T14:24:19+00:00\" \/>\n<meta name=\"twitter:card\" content=\"summary\" \/>\n<script type=\"application\/ld+json\" class=\"yoast-schema-graph\">{\"@context\":\"https:\/\/schema.org\",\"@graph\":[{\"@type\":\"WebSite\",\"@id\":\"https:\/\/flupol.pt\/#website\",\"url\":\"https:\/\/flupol.pt\/\",\"name\":\"Flupol\",\"description\":\"Surface Engineering\",\"potentialAction\":[{\"@type\":\"SearchAction\",\"target\":{\"@type\":\"EntryPoint\",\"urlTemplate\":\"https:\/\/flupol.pt\/?s={search_term_string}\"},\"query-input\":\"required name=search_term_string\"}],\"inLanguage\":\"es\"},{\"@type\":\"WebPage\",\"@id\":\"https:\/\/flupol.pt\/es\/baking-systems\/catalogo-de-productos\/confiteria-industrial\/#webpage\",\"url\":\"https:\/\/flupol.pt\/es\/baking-systems\/catalogo-de-productos\/confiteria-industrial\/\",\"name\":\"CONFITER\u00cdA INDUSTRIAL - Flupol\",\"isPartOf\":{\"@id\":\"https:\/\/flupol.pt\/#website\"},\"datePublished\":\"2015-12-22T16:11:45+00:00\",\"dateModified\":\"2017-07-25T14:24:19+00:00\",\"breadcrumb\":{\"@id\":\"https:\/\/flupol.pt\/es\/baking-systems\/catalogo-de-productos\/confiteria-industrial\/#breadcrumb\"},\"inLanguage\":\"es\",\"potentialAction\":[{\"@type\":\"ReadAction\",\"target\":[\"https:\/\/flupol.pt\/es\/baking-systems\/catalogo-de-productos\/confiteria-industrial\/\"]}]},{\"@type\":\"BreadcrumbList\",\"@id\":\"https:\/\/flupol.pt\/es\/baking-systems\/catalogo-de-productos\/confiteria-industrial\/#breadcrumb\",\"itemListElement\":[{\"@type\":\"ListItem\",\"position\":1,\"name\":\"In\u00edcio\",\"item\":\"https:\/\/flupol.pt\/es\/\"},{\"@type\":\"ListItem\",\"position\":2,\"name\":\"BAKING SYSTEMS\",\"item\":\"https:\/\/flupol.pt\/es\/baking-systems\/\"},{\"@type\":\"ListItem\",\"position\":3,\"name\":\"CATALOGO DE PRODUCTOS\",\"item\":\"https:\/\/flupol.pt\/es\/baking-systems\/catalogo-de-productos\/\"},{\"@type\":\"ListItem\",\"position\":4,\"name\":\"CONFITER\u00cdA INDUSTRIAL\"}]}]}<\/script>\n<!-- \/ Yoast SEO plugin. -->","yoast_head_json":{"title":"CONFITER\u00cdA INDUSTRIAL - Flupol","robots":{"index":"index","follow":"follow","max-snippet":"max-snippet:-1","max-image-preview":"max-image-preview:large","max-video-preview":"max-video-preview:-1"},"canonical":"https:\/\/flupol.pt\/es\/baking-systems\/catalogo-de-productos\/confiteria-industrial\/","og_locale":"es_ES","og_type":"article","og_title":"CONFITER\u00cdA INDUSTRIAL - Flupol","og_description":"[vc_row][vc_column][vc_column_text]Aplicacion: Bandejas y bater\u00edas de moldes industriales para pasta dulce[\/vc_column_text][\/vc_column][\/vc_row][vc_row][vc_column][vc_custom_heading text=\u00bbAntiadherencia\u00bb font_container=\u00bbtag:h5|text_align:left\u00bb use_theme_fonts=\u00bbyes\u00bb][vc_row_inner][vc_column_inner width=\u00bb1\/2&#8243;] DulceIdeal [\/vc_column_inner][vc_column_inner width=\u00bb1\/2&#8243;] SaladaIdeal [\/vc_column_inner][\/vc_row_inner][\/vc_column][\/vc_row][vc_row][vc_column width=\u00bb1\/2&#8243;] Resistencia a la corrosi\u00f3nRazonable Resistencia a los riesgosIdeal [\/vc_column][vc_column width=\u00bb1\/2&#8243;] Tiempo vida \u00fatilIdeal [\/vc_column][\/vc_row][vc_row][vc_column][vc_custom_heading text=\u00bbTemperatura de Servicio\u00bb font_container=\u00bbtag:h5|text_align:left\u00bb use_theme_fonts=\u00bbyes\u00bb][vc_row_inner][vc_column_inner width=\u00bb1\/2&#8243;] En continuo250\u00baC [\/vc_column_inner][vc_column_inner width=\u00bb1\/2&#8243;] Corta duraci\u00f3n270\u00baC [\/vc_column_inner][\/vc_row_inner][\/vc_column][\/vc_row]Read more","og_url":"https:\/\/flupol.pt\/es\/baking-systems\/catalogo-de-productos\/confiteria-industrial\/","og_site_name":"Flupol","article_modified_time":"2017-07-25T14:24:19+00:00","twitter_card":"summary","schema":{"@context":"https:\/\/schema.org","@graph":[{"@type":"WebSite","@id":"https:\/\/flupol.pt\/#website","url":"https:\/\/flupol.pt\/","name":"Flupol","description":"Surface Engineering","potentialAction":[{"@type":"SearchAction","target":{"@type":"EntryPoint","urlTemplate":"https:\/\/flupol.pt\/?s={search_term_string}"},"query-input":"required name=search_term_string"}],"inLanguage":"es"},{"@type":"WebPage","@id":"https:\/\/flupol.pt\/es\/baking-systems\/catalogo-de-productos\/confiteria-industrial\/#webpage","url":"https:\/\/flupol.pt\/es\/baking-systems\/catalogo-de-productos\/confiteria-industrial\/","name":"CONFITER\u00cdA INDUSTRIAL - Flupol","isPartOf":{"@id":"https:\/\/flupol.pt\/#website"},"datePublished":"2015-12-22T16:11:45+00:00","dateModified":"2017-07-25T14:24:19+00:00","breadcrumb":{"@id":"https:\/\/flupol.pt\/es\/baking-systems\/catalogo-de-productos\/confiteria-industrial\/#breadcrumb"},"inLanguage":"es","potentialAction":[{"@type":"ReadAction","target":["https:\/\/flupol.pt\/es\/baking-systems\/catalogo-de-productos\/confiteria-industrial\/"]}]},{"@type":"BreadcrumbList","@id":"https:\/\/flupol.pt\/es\/baking-systems\/catalogo-de-productos\/confiteria-industrial\/#breadcrumb","itemListElement":[{"@type":"ListItem","position":1,"name":"In\u00edcio","item":"https:\/\/flupol.pt\/es\/"},{"@type":"ListItem","position":2,"name":"BAKING SYSTEMS","item":"https:\/\/flupol.pt\/es\/baking-systems\/"},{"@type":"ListItem","position":3,"name":"CATALOGO DE PRODUCTOS","item":"https:\/\/flupol.pt\/es\/baking-systems\/catalogo-de-productos\/"},{"@type":"ListItem","position":4,"name":"CONFITER\u00cdA INDUSTRIAL"}]}]}},"_links":{"self":[{"href":"https:\/\/flupol.pt\/es\/wp-json\/wp\/v2\/pages\/5286"}],"collection":[{"href":"https:\/\/flupol.pt\/es\/wp-json\/wp\/v2\/pages"}],"about":[{"href":"https:\/\/flupol.pt\/es\/wp-json\/wp\/v2\/types\/page"}],"author":[{"embeddable":true,"href":"https:\/\/flupol.pt\/es\/wp-json\/wp\/v2\/users\/2"}],"replies":[{"embeddable":true,"href":"https:\/\/flupol.pt\/es\/wp-json\/wp\/v2\/comments?post=5286"}],"version-history":[{"count":3,"href":"https:\/\/flupol.pt\/es\/wp-json\/wp\/v2\/pages\/5286\/revisions"}],"predecessor-version":[{"id":5722,"href":"https:\/\/flupol.pt\/es\/wp-json\/wp\/v2\/pages\/5286\/revisions\/5722"}],"up":[{"embeddable":true,"href":"https:\/\/flupol.pt\/es\/wp-json\/wp\/v2\/pages\/5278"}],"wp:attachment":[{"href":"https:\/\/flupol.pt\/es\/wp-json\/wp\/v2\/media?parent=5286"}],"curies":[{"name":"wp","href":"https:\/\/api.w.org\/{rel}","templated":true}]}}