
{"id":5281,"date":"2015-12-22T11:38:50","date_gmt":"2015-12-22T11:38:50","guid":{"rendered":"https:\/\/flupol.pt\/baking-systems\/catalogo-de-productos\/formas-de-pao\/"},"modified":"2017-07-20T10:31:31","modified_gmt":"2017-07-20T10:31:31","slug":"baterias-de-moldes-de-pan","status":"publish","type":"page","link":"https:\/\/flupol.pt\/es\/baking-systems\/catalogo-de-productos\/baterias-de-moldes-de-pan\/","title":{"rendered":"BATER\u00cdAS DE MOLDES DE PAN"},"content":{"rendered":"<p>[vc_row][vc_column]<script>jQuery.noConflict(); var $ = jQuery; <\/script><div id=\"random7zag5uj665fdxgm0apy8_port\" class=\"portfolio\"><style type=\"text\/css\" >#random7zag5uj665fdxgm0apy8_port .filter_type_1 #options .selected a,#random7zag5uj665fdxgm0apy8_port .filter_type_1 #options a:hover{background:#ad1718; border:1px solid #ad1718; color:#fff;}#random7zag5uj665fdxgm0apy8_port .filter_type_1 #options a{border:1px solid #ecf0f1}#random7zag5uj665fdxgm0apy8_port .filter_type_1 #options a{background:#ffffff}#random7zag5uj665fdxgm0apy8_port .filter_type_1 #options a{color:#5e5e5e}<\/style><style type=\"text\/css\" >#random7zag5uj665fdxgm0apy8_port .portfolio_desc{ position:absolute; bottom:10%; width:100%; height:40px; padding:0; border:none!important; background:none!important; text-align:center; z-index:3; opacity:0;}#random7zag5uj665fdxgm0apy8_port .element:hover .portfolio_desc{opacity:1; bottom:50%;}#random7zag5uj665fdxgm0apy8_port  .element:hover .img_link{left:4px;  opacity:1;}#random7zag5uj665fdxgm0apy8_port  .element:hover .post_link{right:4px; opacity:1;}#random7zag5uj665fdxgm0apy8_port .element:hover .port_overlay{ background:#fff; opacity:1;}#random7zag5uj665fdxgm0apy8_port .portfolio_desc{margin-bottom:-20px;}.img_link,.post_link{display:none;}<\/style><style type=\"text\/css\" >#random7zag5uj665fdxgm0apy8_port .filter_img{border:1px solid #ecf0f1; border-bottom:none;}#random7zag5uj665fdxgm0apy8_port .port_item_details{border:1px solid #ecf0f1; border-top:none;}#random7zag5uj665fdxgm0apy8_port .port_item_details {background:#ffffff}#random7zag5uj665fdxgm0apy8_port .port_item_details a h2{color:#2c3e50}#random7zag5uj665fdxgm0apy8_port .port_item_details h3{color:#5e5e5e}#random7zag5uj665fdxgm0apy8_port .element:hover .filter_img{border:1px solid #2c3e50; border-bottom:none;}#random7zag5uj665fdxgm0apy8_port .element:hover .port_item_details{border:1px solid #2c3e50; border-top:none;}#random7zag5uj665fdxgm0apy8_port .element:hover .port_item_details{background:#2c3e50}#random7zag5uj665fdxgm0apy8_port .element:hover .port_item_details a h2{color:#ffffff}#random7zag5uj665fdxgm0apy8_port .element:hover .port_item_details h3{color:#5e5e5e}<\/style><div class=\"portfolio_block image-grid columns4 port_type_5 rd_hover_white thumbnail_type_1\" id=\"list\"><div data-category=\"\" class=\" element\">\r\n\t\t<div class=\"filter_img\">\r\n\t\t<div class=\"port_thumb_ctn\">\r\n\t\t<div class=\"port_overlay\"><\/div>\r\n        <a  href=\"https:\/\/flupol.pt\/es\/produtos\/flucoat-602-3\/\" class=\"ico_link\">\r\n\t\t<\/a><figcaption><div>\r\n\t\t<h2>FLUCOAT 602<\/h2>\r\n\t\t<p><\/p>\r\n\t\t<\/div>\r\n\t\t<a href=\"https:\/\/flupol.pt\/es\/produtos\/flucoat-602-3\/\">View more<\/a>\r\n\t\t<\/figcaption><div class=\"portfolio_desc\">\r\n\t\t<h2><a href=\"https:\/\/flupol.pt\/es\/produtos\/flucoat-602-3\/\">FLUCOAT 602<\/a><\/h2>\r\n\t\t<h3><\/h3>\r\n        <\/div>\r\n\t\t<\/div><!-- port_thumb_ctn END -->\r\n\t\t<\/div><!-- Filter img END -->\r\n\t\t<div class=\"port_item_details\"><a href=\"https:\/\/flupol.pt\/es\/produtos\/flucoat-602-3\/\"><h2>FLUCOAT 602<\/h2><\/a><h3><\/h3>\r\n\t\t<div class=\"item_details_info\"><div class=\"item_details_date\">13 enero, 2016<\/div><a href=\"#\" class=\"zilla-likes\" id=\"zilla-likes-5443\" title=\"Like this\"><span class=\"zilla-likes-count\">0<\/span> <span class=\"zilla-likes-postfix\"><\/span><\/a><\/div><div class=\"port_small_excerpt\"><div class=\"port_project_buttons\"><a class=\"view-portfolio-item\" href=\"https:\/\/flupol.pt\/es\/produtos\/flucoat-602-3\/\">View More<\/a><\/div><\/div>\r\n\t\t<\/div><div class=\"portfolio_sub_info\"><div class=\"isotope_portfolio_name\">FLUCOAT 602<\/div><div class=\"isotope_portfolio_date\">2016-01-13<\/div><\/div><\/div><!-- element END --><div data-category=\"\" class=\" element\">\r\n\t\t<div class=\"filter_img\">\r\n\t\t<div class=\"port_thumb_ctn\">\r\n\t\t<div class=\"port_overlay\"><\/div>\r\n        <a  href=\"https:\/\/flupol.pt\/es\/produtos\/flucoat-452-3\/\" class=\"ico_link\">\r\n\t\t<\/a><figcaption><div>\r\n\t\t<h2>FLUCOAT 452<\/h2>\r\n\t\t<p><\/p>\r\n\t\t<\/div>\r\n\t\t<a href=\"https:\/\/flupol.pt\/es\/produtos\/flucoat-452-3\/\">View more<\/a>\r\n\t\t<\/figcaption><div class=\"portfolio_desc\">\r\n\t\t<h2><a href=\"https:\/\/flupol.pt\/es\/produtos\/flucoat-452-3\/\">FLUCOAT 452<\/a><\/h2>\r\n\t\t<h3><\/h3>\r\n        <\/div>\r\n\t\t<\/div><!-- port_thumb_ctn END -->\r\n\t\t<\/div><!-- Filter img END -->\r\n\t\t<div class=\"port_item_details\"><a href=\"https:\/\/flupol.pt\/es\/produtos\/flucoat-452-3\/\"><h2>FLUCOAT 452<\/h2><\/a><h3><\/h3>\r\n\t\t<div class=\"item_details_info\"><div class=\"item_details_date\">13 enero, 2016<\/div><a href=\"#\" class=\"zilla-likes\" id=\"zilla-likes-5445\" title=\"Like this\"><span class=\"zilla-likes-count\">0<\/span> <span class=\"zilla-likes-postfix\"><\/span><\/a><\/div><div class=\"port_small_excerpt\"><div class=\"port_project_buttons\"><a class=\"view-portfolio-item\" href=\"https:\/\/flupol.pt\/es\/produtos\/flucoat-452-3\/\">View More<\/a><\/div><\/div>\r\n\t\t<\/div><div class=\"portfolio_sub_info\"><div class=\"isotope_portfolio_name\">FLUCOAT 452<\/div><div class=\"isotope_portfolio_date\">2016-01-13<\/div><\/div><\/div><!-- element END --><div data-category=\"\" class=\" element\">\r\n\t\t<div class=\"filter_img\">\r\n\t\t<div class=\"port_thumb_ctn\">\r\n\t\t<div class=\"port_overlay\"><\/div>\r\n        <a  href=\"https:\/\/flupol.pt\/es\/produtos\/flucoat-430-p-3\/\" class=\"ico_link\">\r\n\t\t<\/a><figcaption><div>\r\n\t\t<h2>FLUCOAT 430 &#8211; P<\/h2>\r\n\t\t<p><\/p>\r\n\t\t<\/div>\r\n\t\t<a href=\"https:\/\/flupol.pt\/es\/produtos\/flucoat-430-p-3\/\">View more<\/a>\r\n\t\t<\/figcaption><div class=\"portfolio_desc\">\r\n\t\t<h2><a href=\"https:\/\/flupol.pt\/es\/produtos\/flucoat-430-p-3\/\">FLUCOAT 430 &#8211; P<\/a><\/h2>\r\n\t\t<h3><\/h3>\r\n        <\/div>\r\n\t\t<\/div><!-- port_thumb_ctn END -->\r\n\t\t<\/div><!-- Filter img END -->\r\n\t\t<div class=\"port_item_details\"><a href=\"https:\/\/flupol.pt\/es\/produtos\/flucoat-430-p-3\/\"><h2>FLUCOAT 430 &#8211; P<\/h2><\/a><h3><\/h3>\r\n\t\t<div class=\"item_details_info\"><div class=\"item_details_date\">13 enero, 2016<\/div><a href=\"#\" class=\"zilla-likes\" id=\"zilla-likes-5451\" title=\"Like this\"><span class=\"zilla-likes-count\">0<\/span> <span class=\"zilla-likes-postfix\"><\/span><\/a><\/div><div class=\"port_small_excerpt\"><div class=\"port_project_buttons\"><a class=\"view-portfolio-item\" href=\"https:\/\/flupol.pt\/es\/produtos\/flucoat-430-p-3\/\">View More<\/a><\/div><\/div>\r\n\t\t<\/div><div class=\"portfolio_sub_info\"><div class=\"isotope_portfolio_name\">FLUCOAT 430 &#8211; P<\/div><div class=\"isotope_portfolio_date\">2016-01-13<\/div><\/div><\/div><!-- element END --><div data-category=\"\" class=\" element\">\r\n\t\t<div class=\"filter_img\">\r\n\t\t<div class=\"port_thumb_ctn\">\r\n\t\t<div class=\"port_overlay\"><\/div>\r\n        <a  href=\"https:\/\/flupol.pt\/es\/produtos\/flucoat-108-3\/\" class=\"ico_link\">\r\n\t\t<\/a><figcaption><div>\r\n\t\t<h2>FLUCOAT 108<\/h2>\r\n\t\t<p><\/p>\r\n\t\t<\/div>\r\n\t\t<a href=\"https:\/\/flupol.pt\/es\/produtos\/flucoat-108-3\/\">View more<\/a>\r\n\t\t<\/figcaption><div class=\"portfolio_desc\">\r\n\t\t<h2><a href=\"https:\/\/flupol.pt\/es\/produtos\/flucoat-108-3\/\">FLUCOAT 108<\/a><\/h2>\r\n\t\t<h3><\/h3>\r\n        <\/div>\r\n\t\t<\/div><!-- port_thumb_ctn END -->\r\n\t\t<\/div><!-- Filter img END -->\r\n\t\t<div class=\"port_item_details\"><a href=\"https:\/\/flupol.pt\/es\/produtos\/flucoat-108-3\/\"><h2>FLUCOAT 108<\/h2><\/a><h3><\/h3>\r\n\t\t<div class=\"item_details_info\"><div class=\"item_details_date\">13 enero, 2016<\/div><a href=\"#\" class=\"zilla-likes\" id=\"zilla-likes-5453\" title=\"Like this\"><span class=\"zilla-likes-count\">0<\/span> <span class=\"zilla-likes-postfix\"><\/span><\/a><\/div><div class=\"port_small_excerpt\"><div class=\"port_project_buttons\"><a class=\"view-portfolio-item\" href=\"https:\/\/flupol.pt\/es\/produtos\/flucoat-108-3\/\">View More<\/a><\/div><\/div>\r\n\t\t<\/div><div class=\"portfolio_sub_info\"><div class=\"isotope_portfolio_name\">FLUCOAT 108<\/div><div class=\"isotope_portfolio_date\">2016-01-13<\/div><\/div><\/div><!-- element END --><div data-category=\"\" class=\" element\">\r\n\t\t<div class=\"filter_img\">\r\n\t\t<div class=\"port_thumb_ctn\">\r\n\t\t<div class=\"port_overlay\"><\/div>\r\n        <a  href=\"https:\/\/flupol.pt\/es\/produtos\/flucoat-103-3\/\" class=\"ico_link\">\r\n\t\t<\/a><figcaption><div>\r\n\t\t<h2>FLUCOAT 103<\/h2>\r\n\t\t<p><\/p>\r\n\t\t<\/div>\r\n\t\t<a href=\"https:\/\/flupol.pt\/es\/produtos\/flucoat-103-3\/\">View more<\/a>\r\n\t\t<\/figcaption><div class=\"portfolio_desc\">\r\n\t\t<h2><a href=\"https:\/\/flupol.pt\/es\/produtos\/flucoat-103-3\/\">FLUCOAT 103<\/a><\/h2>\r\n\t\t<h3><\/h3>\r\n        <\/div>\r\n\t\t<\/div><!-- port_thumb_ctn END -->\r\n\t\t<\/div><!-- Filter img END -->\r\n\t\t<div class=\"port_item_details\"><a href=\"https:\/\/flupol.pt\/es\/produtos\/flucoat-103-3\/\"><h2>FLUCOAT 103<\/h2><\/a><h3><\/h3>\r\n\t\t<div class=\"item_details_info\"><div class=\"item_details_date\">11 enero, 2016<\/div><a href=\"#\" class=\"zilla-likes\" id=\"zilla-likes-5455\" title=\"Like this\"><span class=\"zilla-likes-count\">0<\/span> <span class=\"zilla-likes-postfix\"><\/span><\/a><\/div><div class=\"port_small_excerpt\"><div class=\"port_project_buttons\"><a class=\"view-portfolio-item\" href=\"https:\/\/flupol.pt\/es\/produtos\/flucoat-103-3\/\">View More<\/a><\/div><\/div>\r\n\t\t<\/div><div class=\"portfolio_sub_info\"><div class=\"isotope_portfolio_name\">FLUCOAT 103<\/div><div class=\"isotope_portfolio_date\">2016-01-11<\/div><\/div><\/div><!-- element END --><div data-category=\"\" class=\" element\">\r\n\t\t<div class=\"filter_img\">\r\n\t\t<div class=\"port_thumb_ctn\">\r\n\t\t<div class=\"port_overlay\"><\/div>\r\n        <a  href=\"https:\/\/flupol.pt\/es\/produtos\/flucoat-102-3\/\" class=\"ico_link\">\r\n\t\t<\/a><figcaption><div>\r\n\t\t<h2>FLUCOAT 102<\/h2>\r\n\t\t<p><\/p>\r\n\t\t<\/div>\r\n\t\t<a href=\"https:\/\/flupol.pt\/es\/produtos\/flucoat-102-3\/\">View more<\/a>\r\n\t\t<\/figcaption><div class=\"portfolio_desc\">\r\n\t\t<h2><a href=\"https:\/\/flupol.pt\/es\/produtos\/flucoat-102-3\/\">FLUCOAT 102<\/a><\/h2>\r\n\t\t<h3><\/h3>\r\n        <\/div>\r\n\t\t<\/div><!-- port_thumb_ctn END -->\r\n\t\t<\/div><!-- Filter img END -->\r\n\t\t<div class=\"port_item_details\"><a href=\"https:\/\/flupol.pt\/es\/produtos\/flucoat-102-3\/\"><h2>FLUCOAT 102<\/h2><\/a><h3><\/h3>\r\n\t\t<div class=\"item_details_info\"><div class=\"item_details_date\">11 enero, 2016<\/div><a href=\"#\" class=\"zilla-likes\" id=\"zilla-likes-5457\" title=\"Like this\"><span class=\"zilla-likes-count\">0<\/span> <span class=\"zilla-likes-postfix\"><\/span><\/a><\/div><div class=\"port_small_excerpt\"><div class=\"port_project_buttons\"><a class=\"view-portfolio-item\" href=\"https:\/\/flupol.pt\/es\/produtos\/flucoat-102-3\/\">View More<\/a><\/div><\/div>\r\n\t\t<\/div><div class=\"portfolio_sub_info\"><div class=\"isotope_portfolio_name\">FLUCOAT 102<\/div><div class=\"isotope_portfolio_date\">2016-01-11<\/div><\/div><\/div><!-- element END -->\r\n\r\n                <\/div><!-- .portfolio_block -->\r\n\r\n                <div class=\"rd_clear\"><!-- ClearFix --><\/div><\/div>  <script>\r\n  \r\n\r\n\r\njQuery.noConflict();\r\njQuery(document).ready(function($){\r\n\"use strict\";\r\n            \r\n $(window).load(function(){\r\n\r\n\t$(\"#random7zag5uj665fdxgm0apy8_port .optionset li a\").each(function() {\r\n\t\t\t\t\t\t\t\t\t\r\n\t\t\t\t\t\t\t\tvar filter_class = $(this).attr('data-option-value');\r\n\t\t\t\t\t\t\t\t if ($('#random7zag5uj665fdxgm0apy8_port').find(filter_class).length){ \/\/ implies *not* zero\r\n\t\t\t\t\t\t\t\t$(this).parent('li').show();\r\n\t\t\t\t\t\t\t\t }else{\r\n\t\t\t\t\t\t\t\t$(this).parent('li').hide();\r\n\t\t\t\t\t\t\t\t }\r\n\t\t\t\t\t\t\t\t\r\n\t\t\t\t\t\t\t\t\r\n\t\t\t\t\t\t\t\t});\r\n\t\t\t\t\t\t\t\t\r\n                            $('#portfolio-tags').css('opacity','1');\r\nfunction watchport() {\r\n\r\n$(\"#random7zag5uj665fdxgm0apy8_port .portfolio_block\").isotope('layout');\r\n\t\t\t\t\t\r\n\t\t\t\t\t\r\n}\r\n\r\nsetInterval(watchport, 100);\r\n\r\n\r\n\t\t   \r\n                });\r\n\t\t\t\r\n                });\t\r\n            <\/script>\r\n  [\/vc_column][\/vc_row][vc_row][vc_column][vc_column_text]NOTA: De acuerdo con los procedimientos de prueba efectuados por Flupol y, como es de nuestro conocimiento, los datos aqu\u00ed presentados son verdaderos. Los datos aqu\u00ed presentados no constituyen una especificaci\u00f3n. Las muestras de recubrimientos est\u00e1n disponibles para pruebas por parte de los clientes mediante previa solicitud.[\/vc_column_text][\/vc_column][\/vc_row]<\/p>\n","protected":false},"excerpt":{"rendered":"<p>[vc_row][vc_column][vc_column_text]Aplicacion: Bandejas e bater\u00edas de moldes industriales[\/vc_column_text][\/vc_column][\/vc_row][vc_row][vc_column][vc_custom_heading text=\u00bbAntiadherencia\u00bb font_container=\u00bbtag:h5|text_align:left\u00bb use_theme_fonts=\u00bbyes\u00bb][vc_row_inner][vc_column_inner width=\u00bb1\/2&#8243;] DulceBuena [\/vc_column_inner][vc_column_inner width=\u00bb1\/2&#8243;] SaladaExcelente [\/vc_column_inner][\/vc_row_inner][\/vc_column][\/vc_row][vc_row][vc_column width=\u00bb1\/2&#8243;] Resistencia a la corrosi\u00f3nBuena Resistencia a los riesgosRazonable [\/vc_column][vc_column width=\u00bb1\/2&#8243;] Tiempo de vida \u00fatilRazonable [\/vc_column][\/vc_row][vc_row][vc_column][vc_custom_heading text=\u00bbTemperatura de Servicio\u00bb font_container=\u00bbtag:h5|text_align:left\u00bb use_theme_fonts=\u00bbyes\u00bb][vc_row_inner][vc_column_inner width=\u00bb1\/2&#8243;] En continuo205\u00baC [\/vc_column_inner][vc_column_inner width=\u00bb1\/2&#8243;] Corta duraci\u00f3n220\u00baC [\/vc_column_inner][\/vc_row_inner][\/vc_column][\/vc_row]<br \/><a href=\"https:\/\/flupol.pt\/es\/produtos\/flucoat-102-3\/\" class=\"more\">Read more<\/a><\/p>\n","protected":false},"author":2,"featured_media":0,"parent":5278,"menu_order":0,"comment_status":"closed","ping_status":"closed","template":"","meta":{"_joinchat":[]},"yoast_head":"<!-- This site is optimized with the Yoast SEO plugin v18.8 - https:\/\/yoast.com\/wordpress\/plugins\/seo\/ -->\n<title>BATER\u00cdAS DE MOLDES DE PAN - Flupol<\/title>\n<meta name=\"robots\" content=\"index, follow, max-snippet:-1, max-image-preview:large, max-video-preview:-1\" \/>\n<link rel=\"canonical\" href=\"https:\/\/flupol.pt\/es\/baking-systems\/catalogo-de-productos\/baterias-de-moldes-de-pan\/\" \/>\n<meta property=\"og:locale\" content=\"es_ES\" \/>\n<meta property=\"og:type\" content=\"article\" \/>\n<meta property=\"og:title\" content=\"BATER\u00cdAS DE MOLDES DE PAN - Flupol\" \/>\n<meta property=\"og:description\" content=\"[vc_row][vc_column][vc_column_text]Aplicacion: Bandejas e bater\u00edas de moldes industriales[\/vc_column_text][\/vc_column][\/vc_row][vc_row][vc_column][vc_custom_heading text=\u00bbAntiadherencia\u00bb font_container=\u00bbtag:h5|text_align:left\u00bb use_theme_fonts=\u00bbyes\u00bb][vc_row_inner][vc_column_inner width=\u00bb1\/2&#8243;] DulceBuena [\/vc_column_inner][vc_column_inner width=\u00bb1\/2&#8243;] SaladaExcelente [\/vc_column_inner][\/vc_row_inner][\/vc_column][\/vc_row][vc_row][vc_column width=\u00bb1\/2&#8243;] Resistencia a la corrosi\u00f3nBuena Resistencia a los riesgosRazonable [\/vc_column][vc_column width=\u00bb1\/2&#8243;] Tiempo de vida \u00fatilRazonable [\/vc_column][\/vc_row][vc_row][vc_column][vc_custom_heading text=\u00bbTemperatura de Servicio\u00bb font_container=\u00bbtag:h5|text_align:left\u00bb use_theme_fonts=\u00bbyes\u00bb][vc_row_inner][vc_column_inner width=\u00bb1\/2&#8243;] En continuo205\u00baC [\/vc_column_inner][vc_column_inner width=\u00bb1\/2&#8243;] Corta duraci\u00f3n220\u00baC [\/vc_column_inner][\/vc_row_inner][\/vc_column][\/vc_row]Read more\" \/>\n<meta property=\"og:url\" content=\"https:\/\/flupol.pt\/es\/baking-systems\/catalogo-de-productos\/baterias-de-moldes-de-pan\/\" \/>\n<meta property=\"og:site_name\" content=\"Flupol\" \/>\n<meta property=\"article:modified_time\" content=\"2017-07-20T10:31:31+00:00\" \/>\n<meta name=\"twitter:card\" content=\"summary\" \/>\n<script type=\"application\/ld+json\" class=\"yoast-schema-graph\">{\"@context\":\"https:\/\/schema.org\",\"@graph\":[{\"@type\":\"WebSite\",\"@id\":\"https:\/\/flupol.pt\/#website\",\"url\":\"https:\/\/flupol.pt\/\",\"name\":\"Flupol\",\"description\":\"Surface Engineering\",\"potentialAction\":[{\"@type\":\"SearchAction\",\"target\":{\"@type\":\"EntryPoint\",\"urlTemplate\":\"https:\/\/flupol.pt\/?s={search_term_string}\"},\"query-input\":\"required name=search_term_string\"}],\"inLanguage\":\"es\"},{\"@type\":\"WebPage\",\"@id\":\"https:\/\/flupol.pt\/es\/baking-systems\/catalogo-de-productos\/baterias-de-moldes-de-pan\/#webpage\",\"url\":\"https:\/\/flupol.pt\/es\/baking-systems\/catalogo-de-productos\/baterias-de-moldes-de-pan\/\",\"name\":\"BATER\u00cdAS DE MOLDES DE PAN - Flupol\",\"isPartOf\":{\"@id\":\"https:\/\/flupol.pt\/#website\"},\"datePublished\":\"2015-12-22T11:38:50+00:00\",\"dateModified\":\"2017-07-20T10:31:31+00:00\",\"breadcrumb\":{\"@id\":\"https:\/\/flupol.pt\/es\/baking-systems\/catalogo-de-productos\/baterias-de-moldes-de-pan\/#breadcrumb\"},\"inLanguage\":\"es\",\"potentialAction\":[{\"@type\":\"ReadAction\",\"target\":[\"https:\/\/flupol.pt\/es\/baking-systems\/catalogo-de-productos\/baterias-de-moldes-de-pan\/\"]}]},{\"@type\":\"BreadcrumbList\",\"@id\":\"https:\/\/flupol.pt\/es\/baking-systems\/catalogo-de-productos\/baterias-de-moldes-de-pan\/#breadcrumb\",\"itemListElement\":[{\"@type\":\"ListItem\",\"position\":1,\"name\":\"In\u00edcio\",\"item\":\"https:\/\/flupol.pt\/es\/\"},{\"@type\":\"ListItem\",\"position\":2,\"name\":\"BAKING SYSTEMS\",\"item\":\"https:\/\/flupol.pt\/es\/baking-systems\/\"},{\"@type\":\"ListItem\",\"position\":3,\"name\":\"CATALOGO DE PRODUCTOS\",\"item\":\"https:\/\/flupol.pt\/es\/baking-systems\/catalogo-de-productos\/\"},{\"@type\":\"ListItem\",\"position\":4,\"name\":\"BATER\u00cdAS DE MOLDES DE PAN\"}]}]}<\/script>\n<!-- \/ Yoast SEO plugin. -->","yoast_head_json":{"title":"BATER\u00cdAS DE MOLDES DE PAN - Flupol","robots":{"index":"index","follow":"follow","max-snippet":"max-snippet:-1","max-image-preview":"max-image-preview:large","max-video-preview":"max-video-preview:-1"},"canonical":"https:\/\/flupol.pt\/es\/baking-systems\/catalogo-de-productos\/baterias-de-moldes-de-pan\/","og_locale":"es_ES","og_type":"article","og_title":"BATER\u00cdAS DE MOLDES DE PAN - Flupol","og_description":"[vc_row][vc_column][vc_column_text]Aplicacion: Bandejas e bater\u00edas de moldes industriales[\/vc_column_text][\/vc_column][\/vc_row][vc_row][vc_column][vc_custom_heading text=\u00bbAntiadherencia\u00bb font_container=\u00bbtag:h5|text_align:left\u00bb use_theme_fonts=\u00bbyes\u00bb][vc_row_inner][vc_column_inner width=\u00bb1\/2&#8243;] DulceBuena [\/vc_column_inner][vc_column_inner width=\u00bb1\/2&#8243;] SaladaExcelente [\/vc_column_inner][\/vc_row_inner][\/vc_column][\/vc_row][vc_row][vc_column width=\u00bb1\/2&#8243;] Resistencia a la corrosi\u00f3nBuena Resistencia a los riesgosRazonable [\/vc_column][vc_column width=\u00bb1\/2&#8243;] Tiempo de vida \u00fatilRazonable [\/vc_column][\/vc_row][vc_row][vc_column][vc_custom_heading text=\u00bbTemperatura de Servicio\u00bb font_container=\u00bbtag:h5|text_align:left\u00bb use_theme_fonts=\u00bbyes\u00bb][vc_row_inner][vc_column_inner width=\u00bb1\/2&#8243;] En continuo205\u00baC [\/vc_column_inner][vc_column_inner width=\u00bb1\/2&#8243;] Corta duraci\u00f3n220\u00baC [\/vc_column_inner][\/vc_row_inner][\/vc_column][\/vc_row]Read more","og_url":"https:\/\/flupol.pt\/es\/baking-systems\/catalogo-de-productos\/baterias-de-moldes-de-pan\/","og_site_name":"Flupol","article_modified_time":"2017-07-20T10:31:31+00:00","twitter_card":"summary","schema":{"@context":"https:\/\/schema.org","@graph":[{"@type":"WebSite","@id":"https:\/\/flupol.pt\/#website","url":"https:\/\/flupol.pt\/","name":"Flupol","description":"Surface Engineering","potentialAction":[{"@type":"SearchAction","target":{"@type":"EntryPoint","urlTemplate":"https:\/\/flupol.pt\/?s={search_term_string}"},"query-input":"required name=search_term_string"}],"inLanguage":"es"},{"@type":"WebPage","@id":"https:\/\/flupol.pt\/es\/baking-systems\/catalogo-de-productos\/baterias-de-moldes-de-pan\/#webpage","url":"https:\/\/flupol.pt\/es\/baking-systems\/catalogo-de-productos\/baterias-de-moldes-de-pan\/","name":"BATER\u00cdAS DE MOLDES DE PAN - Flupol","isPartOf":{"@id":"https:\/\/flupol.pt\/#website"},"datePublished":"2015-12-22T11:38:50+00:00","dateModified":"2017-07-20T10:31:31+00:00","breadcrumb":{"@id":"https:\/\/flupol.pt\/es\/baking-systems\/catalogo-de-productos\/baterias-de-moldes-de-pan\/#breadcrumb"},"inLanguage":"es","potentialAction":[{"@type":"ReadAction","target":["https:\/\/flupol.pt\/es\/baking-systems\/catalogo-de-productos\/baterias-de-moldes-de-pan\/"]}]},{"@type":"BreadcrumbList","@id":"https:\/\/flupol.pt\/es\/baking-systems\/catalogo-de-productos\/baterias-de-moldes-de-pan\/#breadcrumb","itemListElement":[{"@type":"ListItem","position":1,"name":"In\u00edcio","item":"https:\/\/flupol.pt\/es\/"},{"@type":"ListItem","position":2,"name":"BAKING SYSTEMS","item":"https:\/\/flupol.pt\/es\/baking-systems\/"},{"@type":"ListItem","position":3,"name":"CATALOGO DE PRODUCTOS","item":"https:\/\/flupol.pt\/es\/baking-systems\/catalogo-de-productos\/"},{"@type":"ListItem","position":4,"name":"BATER\u00cdAS DE MOLDES DE PAN"}]}]}},"_links":{"self":[{"href":"https:\/\/flupol.pt\/es\/wp-json\/wp\/v2\/pages\/5281"}],"collection":[{"href":"https:\/\/flupol.pt\/es\/wp-json\/wp\/v2\/pages"}],"about":[{"href":"https:\/\/flupol.pt\/es\/wp-json\/wp\/v2\/types\/page"}],"author":[{"embeddable":true,"href":"https:\/\/flupol.pt\/es\/wp-json\/wp\/v2\/users\/2"}],"replies":[{"embeddable":true,"href":"https:\/\/flupol.pt\/es\/wp-json\/wp\/v2\/comments?post=5281"}],"version-history":[{"count":2,"href":"https:\/\/flupol.pt\/es\/wp-json\/wp\/v2\/pages\/5281\/revisions"}],"predecessor-version":[{"id":5606,"href":"https:\/\/flupol.pt\/es\/wp-json\/wp\/v2\/pages\/5281\/revisions\/5606"}],"up":[{"embeddable":true,"href":"https:\/\/flupol.pt\/es\/wp-json\/wp\/v2\/pages\/5278"}],"wp:attachment":[{"href":"https:\/\/flupol.pt\/es\/wp-json\/wp\/v2\/media?parent=5281"}],"curies":[{"name":"wp","href":"https:\/\/api.w.org\/{rel}","templated":true}]}}