
{"id":5276,"date":"2015-09-10T14:33:27","date_gmt":"2015-09-10T14:33:27","guid":{"rendered":"https:\/\/flupol.pt\/baking-systems\/ctms\/"},"modified":"2017-07-20T11:58:58","modified_gmt":"2017-07-20T11:58:58","slug":"ctms","status":"publish","type":"page","link":"https:\/\/flupol.pt\/es\/baking-systems\/ctms\/","title":{"rendered":"CTMS"},"content":{"rendered":"<p>[vc_row row_padding_top=\u00bb100&#8243;][vc_column width=\u00bb1\/2&#8243; css=\u00bb.vc_custom_1438428223593{padding-bottom: 70px !important;}\u00bb][vc_custom_heading text=\u00bbCTMS\u00bb font_container=\u00bbtag:h1|text_align:right\u00bb use_theme_fonts=\u00bbyes\u00bb css=\u00bb.vc_custom_1447686193920{margin-bottom: 4px !important;}\u00bb][vc_custom_heading text=\u00bbBaking Systems\u00bb font_container=\u00bbtag:h4|font_size:12|text_align:right|color:%23af0c0f|line_height:16px\u00bb use_theme_fonts=\u00bbyes\u00bb css=\u00bb.vc_custom_1452269524440{margin-top: 2px !important;margin-bottom: 5px !important;}\u00bb]<style type=\"text\/css\" >#l_8xj3jimgxqpt53427pd4{width:200px;}#l_8xj3jimgxqpt53427pd4.sc_line ,#l_8xj3jimgxqpt53427pd4 .sc_line {border-top:1px solid #bcbcbc; border-bottom:1px solid #bcbcbc; height:4px;}#l_8xj3jimgxqpt53427pd4.sc_line ,#l_8xj3jimgxqpt53427pd4 .sc_line{margin-left:auto!important;}#l_8xj3jimgxqpt53427pd4 {margin:5px 0 5px 0; padding:0;}<\/style><div class=\"clearfix\"><\/div><div id=\"l_8xj3jimgxqpt53427pd4\"  class=\"sc_line rd_line_double\" ><\/div>[vc_column_text]Adem\u00e1s de la capacidad de cooperaci\u00f3n en el desarrollo de herramientas, Flupol pretende convertirse en su proveedor referencial para el mantenimiento de su herramienta de panificaci\u00f3n.<\/p>\n<p>CTMS \u2013 Complete Tooling Maintenance Service (Servicio integral de mantenimiento de herramientas)<\/p>\n<ul>\n<li>Recepci\u00f3n y primera inspecci\u00f3n;<\/li>\n<li>Preparaci\u00f3n de la superficie;<\/li>\n<li>Inspecci\u00f3n y generaci\u00f3n de informes para la decisi\u00f3n por parte del cliente;<\/li>\n<li>Recuperaci\u00f3n mec\u00e1nica;<\/li>\n<li>Nueva aplicaci\u00f3n de recubrimiento;<\/li>\n<li>Inspecci\u00f3n final;<\/li>\n<li>Marcaci\u00f3n para trazabilidad;<\/li>\n<li>Acondicionamiento y env\u00edo.<\/li>\n<\/ul>\n<p>Garant\u00eda:<\/p>\n<p>\u2013 Cumplimiento absoluto de los planes programados;<br \/>\n\u2013 Sistema de gesti\u00f3n de calidad \u00abISO 9001&#8243;;<br \/>\n\u2013 Trazabilidad total del proceso.<\/p>\n<p>Flupol cumple el Reglamento (CE) n\u00ba 1935\/2004 y el Reglamento (CE) 2023\/2006 sobre materiales y objetos destinados a entrar en contacto con alimentos y buenas pr\u00e1cticas de fabricaci\u00f3n.<\/p>\n<p>Flupol expide certificados de conformidad con la legislaci\u00f3n relativa al contacto con los alimentos para cada cliente.[\/vc_column_text][\/vc_column][vc_column width=\u00bb1\/2&#8243;][vc_single_image image=\u00bb3795&#8243; img_size=\u00bblarge\u00bb onclick=\u00bbzoom\u00bb][\/vc_column][\/vc_row][vc_row row_padding_top=\u00bb20&#8243; row_padding_bottom=\u00bb20&#8243;][vc_column width=\u00bb1\/4&#8243; css=\u00bb.vc_custom_1447676653767{padding-top: 55px !important;padding-bottom: 50px !important;}\u00bb][\/vc_column][vc_column width=\u00bb1\/2&#8243;]<style type=\"text\/css\" >#rand_1icscfyftxv8f2zx237t {margin-top:60px; margin-bottom:60px; }<\/style><style type=\"text\/css\" >#rand_1icscfyftxv8f2zx237t:hover .icon_circle i{color:#ad1718 !important;}#rand_1icscfyftxv8f2zx237t:hover .icon_circle{background:#2d3e50 !important; border:4px solid #ad1718!important;}<\/style> <style type='text\/css'> @font-face{font-family: 'ws'; src:url('https:\/\/flupol.pt\/wp-content\/themes\/TheFox\/includes\/4k-icons\/icons\/4k-icons-pack05\/icons\/fonts\/ws.eot'); src:url('https:\/\/flupol.pt\/wp-content\/themes\/TheFox\/includes\/4k-icons\/icons\/4k-icons-pack05\/icons\/fonts\/ws.eot?#iefix') format('embedded-opentype'), url('https:\/\/flupol.pt\/wp-content\/themes\/TheFox\/includes\/4k-icons\/icons\/4k-icons-pack05\/icons\/fonts\/ws.woff') format('woff'), url('https:\/\/flupol.pt\/wp-content\/themes\/TheFox\/includes\/4k-icons\/icons\/4k-icons-pack05\/icons\/fonts\/ws.ttf') format('truetype'), url('https:\/\/flupol.pt\/wp-content\/themes\/TheFox\/includes\/4k-icons\/icons\/4k-icons-pack05\/icons\/fonts\/ws.svg#oi') format('svg'); font-weight: normal; font-style: normal;}#rand_1icscfyftxv8f2zx237t .ws-retweet:before{font-family: 'ws'; font-weight: normal; font-style: normal;}#rand_1icscfyftxv8f2zx237t .ws-retweet:before{content: \"\\e81a\";}<\/style>\n<div id=\"rand_1icscfyftxv8f2zx237t\" class=\"icon_box2_alt \" style=\"background:rgba(0,0,0,0); border:1px solid #b2b2b2; \"><div class=\"icon_circle\" style=\"background-color:#ad1718;\"><i class=\"ws-retweet\" ><\/i><\/div><h3 style=\"color:;\" >SOCIOS<\/h3><p style=\"color:;\" ><\/p>\n<p style=\"text-align: center;\"><a href=\"https:\/\/flupol.pt\/es\/detail\/lieken\/\">LIEKEN<\/a>, <a href=\"https:\/\/flupol.pt\/es\/detail\/dulcesol\/\">DULCESOL<\/a>, <a href=\"https:\/\/flupol.pt\/es\/detail\/dancake\/\">DANCAKE<\/a>, <a href=\"https:\/\/flupol.pt\/es\/detail\/continente\/\">CONTINENTE<\/a>, <a href=\"https:\/\/flupol.pt\/es\/detail\/felino\/\">FELINO<\/a><\/p>\n<p><\/p><\/div>[\/vc_column][vc_column width=\u00bb1\/4&#8243;][\/vc_column][\/vc_row][vc_row][vc_column][vc_custom_heading text=\u00bbGALERIA\u00bb font_container=\u00bbtag:h3|text_align:center\u00bb use_theme_fonts=\u00bbyes\u00bb]<style type=\"text\/css\" >#l_genz0k8eygc30ihz32qq{width:100px;}#l_genz0k8eygc30ihz32qq.sc_line ,#l_genz0k8eygc30ihz32qq .sc_line {border-top:1px solid #e8e8e8; border-bottom:1px solid #e8e8e8; height:4px;}#l_genz0k8eygc30ihz32qq.sc_line ,#l_genz0k8eygc30ihz32qq .sc_line{margin-left:auto!important; margin-right:auto!important;}#l_genz0k8eygc30ihz32qq {margin:0px 0 10px 0; padding:0;}<\/style><div class=\"clearfix\"><\/div><div id=\"l_genz0k8eygc30ihz32qq\"  class=\"sc_line rd_line_double\" ><\/div><div class=\"rd_img_gallery_ctn clearfix\" style=\"margin:0px auto 0px;\"><a class=\"ig_col_3 \" href=\"https:\/\/flupol.pt\/wp-content\/uploads\/2015\/09\/0011.png\"  rel=\"prettyPhoto[rel-1715387691]\" ><img class=\"\" src=\"https:\/\/flupol.pt\/wp-content\/uploads\/2015\/09\/0011-350x200.png\" width=\"350\" height=\"200\" alt=\"001\" title=\"001\" \/><\/a><a class=\"ig_col_3 \" href=\"https:\/\/flupol.pt\/wp-content\/uploads\/2015\/09\/Detalhe-pe\u00e7a-decapada-1024x683.jpg\"  rel=\"prettyPhoto[rel-1715387691]\" ><img class=\"\" src=\"https:\/\/flupol.pt\/wp-content\/uploads\/2015\/09\/Detalhe-pe\u00e7a-decapada-350x200.jpg\" width=\"350\" height=\"200\" alt=\"Detalhe pe\u00e7a decapada\" title=\"Detalhe pe\u00e7a decapada\" \/><\/a><a class=\"ig_col_3 \" href=\"https:\/\/flupol.pt\/wp-content\/uploads\/2015\/09\/0033.png\"  rel=\"prettyPhoto[rel-1715387691]\" ><img class=\"\" src=\"https:\/\/flupol.pt\/wp-content\/uploads\/2015\/09\/0033-350x200.png\" width=\"350\" height=\"200\" alt=\"003\" title=\"003\" \/><\/a><a class=\"ig_col_3 \" href=\"https:\/\/flupol.pt\/wp-content\/uploads\/2015\/09\/0042.png\"  rel=\"prettyPhoto[rel-1715387691]\" ><img class=\"\" src=\"https:\/\/flupol.pt\/wp-content\/uploads\/2015\/09\/0042-350x200.png\" width=\"350\" height=\"200\" alt=\"004\" title=\"004\" \/><\/a><a class=\"ig_col_3 \" href=\"https:\/\/flupol.pt\/wp-content\/uploads\/2015\/09\/0051.png\"  rel=\"prettyPhoto[rel-1715387691]\" ><img class=\"\" src=\"https:\/\/flupol.pt\/wp-content\/uploads\/2015\/09\/0051-350x200.png\" width=\"350\" height=\"200\" alt=\"005\" title=\"005\" \/><\/a><a class=\"ig_col_3 \" href=\"https:\/\/flupol.pt\/wp-content\/uploads\/2015\/09\/Marca\u00e7\u00e3o.png\"  rel=\"prettyPhoto[rel-1715387691]\" ><img class=\"\" src=\"https:\/\/flupol.pt\/wp-content\/uploads\/2015\/09\/Marca\u00e7\u00e3o-350x200.png\" width=\"350\" height=\"200\" alt=\"Marca\u00e7\u00e3o\" title=\"Marca\u00e7\u00e3o\" \/><\/a><a class=\"ig_col_3 \" href=\"https:\/\/flupol.pt\/wp-content\/uploads\/2015\/09\/0062.png\"  rel=\"prettyPhoto[rel-1715387691]\" ><img class=\"\" src=\"https:\/\/flupol.pt\/wp-content\/uploads\/2015\/09\/0062-350x200.png\" width=\"350\" height=\"200\" alt=\"006\" title=\"006\" \/><\/a><a class=\"ig_col_3 \" href=\"https:\/\/flupol.pt\/wp-content\/uploads\/2015\/09\/008.png\"  rel=\"prettyPhoto[rel-1715387691]\" ><img class=\"\" src=\"https:\/\/flupol.pt\/wp-content\/uploads\/2015\/09\/008-350x200.png\" width=\"350\" height=\"200\" alt=\"008\" title=\"008\" \/><\/a><a class=\"ig_col_3 \" href=\"https:\/\/flupol.pt\/wp-content\/uploads\/2015\/09\/0072.png\"  rel=\"prettyPhoto[rel-1715387691]\" ><img class=\"\" src=\"https:\/\/flupol.pt\/wp-content\/uploads\/2015\/09\/0072-350x200.png\" width=\"350\" height=\"200\" alt=\"007\" title=\"007\" \/><\/a><a class=\"ig_col_3 \" href=\"https:\/\/flupol.pt\/wp-content\/uploads\/2015\/09\/009.png\"  rel=\"prettyPhoto[rel-1715387691]\" ><img class=\"\" src=\"https:\/\/flupol.pt\/wp-content\/uploads\/2015\/09\/009-350x200.png\" width=\"350\" height=\"200\" alt=\"009\" title=\"009\" \/><\/a><\/div>[\/vc_column][\/vc_row]<\/p>\n","protected":false},"excerpt":{"rendered":"<p>[vc_row row_padding_top=\u00bb100&#8243;][vc_column width=\u00bb1\/2&#8243; css=\u00bb.vc_custom_1438428223593{padding-bottom: 70px !important;}\u00bb][vc_custom_heading text=\u00bbCTMS\u00bb font_container=\u00bbtag:h1|text_align:right\u00bb use_theme_fonts=\u00bbyes\u00bb css=\u00bb.vc_custom_1447686193920{margin-bottom: 4px !important;}\u00bb][vc_custom_heading text=\u00bbBaking Systems\u00bb font_container=\u00bbtag:h4|font_size:12|text_align:right|color:%23af0c0f|line_height:16px\u00bb use_theme_fonts=\u00bbyes\u00bb css=\u00bb.vc_custom_1452269524440{margin-top: 2px !important;margin-bottom: 5px !important;}\u00bb][vc_column_text]Adem\u00e1s de la capacidad de cooperaci\u00f3n en el desarrollo de herramientas, Flupol pretende convertirse en su proveedor referencial para el mantenimiento de su herramienta de panificaci\u00f3n. CTMS \u2013 Complete Tooling Maintenance Service (Servicio integral de<br \/><a href=\"https:\/\/flupol.pt\/es\/baking-systems\/ctms\/\" class=\"more\">Read more<\/a><\/p>\n","protected":false},"author":1,"featured_media":0,"parent":5270,"menu_order":0,"comment_status":"closed","ping_status":"closed","template":"","meta":{"_joinchat":[]},"yoast_head":"<!-- This site is optimized with the Yoast SEO plugin v18.8 - https:\/\/yoast.com\/wordpress\/plugins\/seo\/ -->\n<title>CTMS - Flupol<\/title>\n<meta name=\"robots\" content=\"index, follow, max-snippet:-1, max-image-preview:large, max-video-preview:-1\" \/>\n<link rel=\"canonical\" href=\"https:\/\/flupol.pt\/es\/baking-systems\/ctms\/\" \/>\n<meta property=\"og:locale\" content=\"es_ES\" \/>\n<meta property=\"og:type\" content=\"article\" \/>\n<meta property=\"og:title\" content=\"CTMS - Flupol\" \/>\n<meta property=\"og:description\" content=\"[vc_row row_padding_top=\u00bb100&#8243;][vc_column width=\u00bb1\/2&#8243; css=\u00bb.vc_custom_1438428223593{padding-bottom: 70px !important;}\u00bb][vc_custom_heading text=\u00bbCTMS\u00bb font_container=\u00bbtag:h1|text_align:right\u00bb use_theme_fonts=\u00bbyes\u00bb css=\u00bb.vc_custom_1447686193920{margin-bottom: 4px !important;}\u00bb][vc_custom_heading text=\u00bbBaking Systems\u00bb font_container=\u00bbtag:h4|font_size:12|text_align:right|color:%23af0c0f|line_height:16px\u00bb use_theme_fonts=\u00bbyes\u00bb css=\u00bb.vc_custom_1452269524440{margin-top: 2px !important;margin-bottom: 5px !important;}\u00bb][vc_column_text]Adem\u00e1s de la capacidad de cooperaci\u00f3n en el desarrollo de herramientas, Flupol pretende convertirse en su proveedor referencial para el mantenimiento de su herramienta de panificaci\u00f3n. CTMS \u2013 Complete Tooling Maintenance Service (Servicio integral deRead more\" \/>\n<meta property=\"og:url\" content=\"https:\/\/flupol.pt\/es\/baking-systems\/ctms\/\" \/>\n<meta property=\"og:site_name\" content=\"Flupol\" \/>\n<meta property=\"article:modified_time\" content=\"2017-07-20T11:58:58+00:00\" \/>\n<meta name=\"twitter:card\" content=\"summary\" \/>\n<meta name=\"twitter:label1\" content=\"Tiempo de lectura\" \/>\n\t<meta name=\"twitter:data1\" content=\"2 minutos\" \/>\n<script type=\"application\/ld+json\" class=\"yoast-schema-graph\">{\"@context\":\"https:\/\/schema.org\",\"@graph\":[{\"@type\":\"WebSite\",\"@id\":\"https:\/\/flupol.pt\/#website\",\"url\":\"https:\/\/flupol.pt\/\",\"name\":\"Flupol\",\"description\":\"Surface Engineering\",\"potentialAction\":[{\"@type\":\"SearchAction\",\"target\":{\"@type\":\"EntryPoint\",\"urlTemplate\":\"https:\/\/flupol.pt\/?s={search_term_string}\"},\"query-input\":\"required name=search_term_string\"}],\"inLanguage\":\"es\"},{\"@type\":\"WebPage\",\"@id\":\"https:\/\/flupol.pt\/es\/baking-systems\/ctms\/#webpage\",\"url\":\"https:\/\/flupol.pt\/es\/baking-systems\/ctms\/\",\"name\":\"CTMS - Flupol\",\"isPartOf\":{\"@id\":\"https:\/\/flupol.pt\/#website\"},\"datePublished\":\"2015-09-10T14:33:27+00:00\",\"dateModified\":\"2017-07-20T11:58:58+00:00\",\"breadcrumb\":{\"@id\":\"https:\/\/flupol.pt\/es\/baking-systems\/ctms\/#breadcrumb\"},\"inLanguage\":\"es\",\"potentialAction\":[{\"@type\":\"ReadAction\",\"target\":[\"https:\/\/flupol.pt\/es\/baking-systems\/ctms\/\"]}]},{\"@type\":\"BreadcrumbList\",\"@id\":\"https:\/\/flupol.pt\/es\/baking-systems\/ctms\/#breadcrumb\",\"itemListElement\":[{\"@type\":\"ListItem\",\"position\":1,\"name\":\"In\u00edcio\",\"item\":\"https:\/\/flupol.pt\/es\/\"},{\"@type\":\"ListItem\",\"position\":2,\"name\":\"BAKING SYSTEMS\",\"item\":\"https:\/\/flupol.pt\/es\/baking-systems\/\"},{\"@type\":\"ListItem\",\"position\":3,\"name\":\"CTMS\"}]}]}<\/script>\n<!-- \/ Yoast SEO plugin. -->","yoast_head_json":{"title":"CTMS - Flupol","robots":{"index":"index","follow":"follow","max-snippet":"max-snippet:-1","max-image-preview":"max-image-preview:large","max-video-preview":"max-video-preview:-1"},"canonical":"https:\/\/flupol.pt\/es\/baking-systems\/ctms\/","og_locale":"es_ES","og_type":"article","og_title":"CTMS - Flupol","og_description":"[vc_row row_padding_top=\u00bb100&#8243;][vc_column width=\u00bb1\/2&#8243; css=\u00bb.vc_custom_1438428223593{padding-bottom: 70px !important;}\u00bb][vc_custom_heading text=\u00bbCTMS\u00bb font_container=\u00bbtag:h1|text_align:right\u00bb use_theme_fonts=\u00bbyes\u00bb css=\u00bb.vc_custom_1447686193920{margin-bottom: 4px !important;}\u00bb][vc_custom_heading text=\u00bbBaking Systems\u00bb font_container=\u00bbtag:h4|font_size:12|text_align:right|color:%23af0c0f|line_height:16px\u00bb use_theme_fonts=\u00bbyes\u00bb css=\u00bb.vc_custom_1452269524440{margin-top: 2px !important;margin-bottom: 5px !important;}\u00bb][vc_column_text]Adem\u00e1s de la capacidad de cooperaci\u00f3n en el desarrollo de herramientas, Flupol pretende convertirse en su proveedor referencial para el mantenimiento de su herramienta de panificaci\u00f3n. CTMS \u2013 Complete Tooling Maintenance Service (Servicio integral deRead more","og_url":"https:\/\/flupol.pt\/es\/baking-systems\/ctms\/","og_site_name":"Flupol","article_modified_time":"2017-07-20T11:58:58+00:00","twitter_card":"summary","twitter_misc":{"Tiempo de lectura":"2 minutos"},"schema":{"@context":"https:\/\/schema.org","@graph":[{"@type":"WebSite","@id":"https:\/\/flupol.pt\/#website","url":"https:\/\/flupol.pt\/","name":"Flupol","description":"Surface Engineering","potentialAction":[{"@type":"SearchAction","target":{"@type":"EntryPoint","urlTemplate":"https:\/\/flupol.pt\/?s={search_term_string}"},"query-input":"required name=search_term_string"}],"inLanguage":"es"},{"@type":"WebPage","@id":"https:\/\/flupol.pt\/es\/baking-systems\/ctms\/#webpage","url":"https:\/\/flupol.pt\/es\/baking-systems\/ctms\/","name":"CTMS - Flupol","isPartOf":{"@id":"https:\/\/flupol.pt\/#website"},"datePublished":"2015-09-10T14:33:27+00:00","dateModified":"2017-07-20T11:58:58+00:00","breadcrumb":{"@id":"https:\/\/flupol.pt\/es\/baking-systems\/ctms\/#breadcrumb"},"inLanguage":"es","potentialAction":[{"@type":"ReadAction","target":["https:\/\/flupol.pt\/es\/baking-systems\/ctms\/"]}]},{"@type":"BreadcrumbList","@id":"https:\/\/flupol.pt\/es\/baking-systems\/ctms\/#breadcrumb","itemListElement":[{"@type":"ListItem","position":1,"name":"In\u00edcio","item":"https:\/\/flupol.pt\/es\/"},{"@type":"ListItem","position":2,"name":"BAKING SYSTEMS","item":"https:\/\/flupol.pt\/es\/baking-systems\/"},{"@type":"ListItem","position":3,"name":"CTMS"}]}]}},"_links":{"self":[{"href":"https:\/\/flupol.pt\/es\/wp-json\/wp\/v2\/pages\/5276"}],"collection":[{"href":"https:\/\/flupol.pt\/es\/wp-json\/wp\/v2\/pages"}],"about":[{"href":"https:\/\/flupol.pt\/es\/wp-json\/wp\/v2\/types\/page"}],"author":[{"embeddable":true,"href":"https:\/\/flupol.pt\/es\/wp-json\/wp\/v2\/users\/1"}],"replies":[{"embeddable":true,"href":"https:\/\/flupol.pt\/es\/wp-json\/wp\/v2\/comments?post=5276"}],"version-history":[{"count":2,"href":"https:\/\/flupol.pt\/es\/wp-json\/wp\/v2\/pages\/5276\/revisions"}],"predecessor-version":[{"id":5635,"href":"https:\/\/flupol.pt\/es\/wp-json\/wp\/v2\/pages\/5276\/revisions\/5635"}],"up":[{"embeddable":true,"href":"https:\/\/flupol.pt\/es\/wp-json\/wp\/v2\/pages\/5270"}],"wp:attachment":[{"href":"https:\/\/flupol.pt\/es\/wp-json\/wp\/v2\/media?parent=5276"}],"curies":[{"name":"wp","href":"https:\/\/api.w.org\/{rel}","templated":true}]}}