
{"id":5257,"date":"2015-11-03T15:43:15","date_gmt":"2015-11-03T15:43:15","guid":{"rendered":"https:\/\/flupol.pt\/surface-engineering\/aeroespacial\/"},"modified":"2017-07-20T12:01:25","modified_gmt":"2017-07-20T12:01:25","slug":"aeroespacial","status":"publish","type":"page","link":"https:\/\/flupol.pt\/es\/surface-engineering\/aeroespacial\/","title":{"rendered":"AEROESPACIAL"},"content":{"rendered":"<p>[vc_row row_padding_top=\u00bb100&#8243;][vc_column width=\u00bb1\/2&#8243; css=\u00bb.vc_custom_1438428223593{padding-bottom: 70px !important;}\u00bb][vc_custom_heading text=\u00bbAEROESPACIAL\u00bb font_container=\u00bbtag:h1|text_align:right\u00bb use_theme_fonts=\u00bbyes\u00bb css=\u00bb.vc_custom_1450709708583{margin-bottom: 4px !important;}\u00bb][vc_custom_heading text=\u00bbSurface Enginnering\u00bb font_container=\u00bbtag:h4|font_size:12|text_align:right|color:%23af0c0f|line_height:16px\u00bb use_theme_fonts=\u00bbyes\u00bb css=\u00bb.vc_custom_1450709714003{margin-top: 2px !important;margin-bottom: 5px !important;}\u00bb]<style type=\"text\/css\" >#l_vw7fsybgywyj4gy8e6oo{width:200px;}#l_vw7fsybgywyj4gy8e6oo.sc_line ,#l_vw7fsybgywyj4gy8e6oo .sc_line {border-top:1px solid #bcbcbc; border-bottom:1px solid #bcbcbc; height:4px;}#l_vw7fsybgywyj4gy8e6oo.sc_line ,#l_vw7fsybgywyj4gy8e6oo .sc_line{margin-left:auto!important;}#l_vw7fsybgywyj4gy8e6oo {margin:5px 0 5px 0; padding:0;}<\/style><div class=\"clearfix\"><\/div><div id=\"l_vw7fsybgywyj4gy8e6oo\"  class=\"sc_line rd_line_double\" ><\/div>[vc_column_text]FLUPOL ofrece recubrimientos fluoropolim\u00e9ricos nanoestructurados para la lubricaci\u00f3n seca, como:<\/p>\n<ul>\n<li>Desarrollo propietario enfocado en aplicaciones tribol\u00f3gicas en ambientes extremos.<\/li>\n<li>Certificado como excediendo los requisitos de las pruebas de emisiones gaseosas al vac\u00edo de la Agencia Espacial Europea;<\/li>\n<li>Certificado para lubricaci\u00f3n permanente de un innovador sistema de actuador \u00abpinpuller\u00bb de bajo choque;<\/li>\n<li>Coeficiente de fricci\u00f3n hasta 0,04 en operaci\u00f3n continua en seco;<\/li>\n<li>Almacenamiento estable por tiempo indefinido bajo condiciones atmosf\u00e9ricas normales;<\/li>\n<li>En el mercado desde enero de 2013.<\/li>\n<\/ul>\n<p>[\/vc_column_text][\/vc_column][vc_column width=\u00bb1\/2&#8243;][vc_single_image image=\u00bb2143&#8243; img_size=\u00bblarge\u00bb onclick=\u00bbzoom\u00bb][\/vc_column][\/vc_row][vc_row row_padding_top=\u00bb20&#8243; row_padding_bottom=\u00bb20&#8243;][vc_column width=\u00bb1\/6&#8243; css=\u00bb.vc_custom_1447676653767{padding-top: 55px !important;padding-bottom: 50px !important;}\u00bb][\/vc_column][vc_column width=\u00bb2\/3&#8243;]<style type=\"text\/css\" >#rand_sbeqbtyizf1o9z9wy9k1 {margin-top:50px; margin-bottom:60px; }<\/style><style type=\"text\/css\" >#rand_sbeqbtyizf1o9z9wy9k1:hover .icon_circle i{color:#ad1718 !important;}#rand_sbeqbtyizf1o9z9wy9k1:hover .icon_circle{background:#2d3e50 !important; border:4px solid #ad1718!important;}<\/style> <style type='text\/css'> @font-face{font-family: 'ws'; src:url('https:\/\/flupol.pt\/wp-content\/themes\/TheFox\/includes\/4k-icons\/icons\/4k-icons-pack05\/icons\/fonts\/ws.eot'); src:url('https:\/\/flupol.pt\/wp-content\/themes\/TheFox\/includes\/4k-icons\/icons\/4k-icons-pack05\/icons\/fonts\/ws.eot?#iefix') format('embedded-opentype'), url('https:\/\/flupol.pt\/wp-content\/themes\/TheFox\/includes\/4k-icons\/icons\/4k-icons-pack05\/icons\/fonts\/ws.woff') format('woff'), url('https:\/\/flupol.pt\/wp-content\/themes\/TheFox\/includes\/4k-icons\/icons\/4k-icons-pack05\/icons\/fonts\/ws.ttf') format('truetype'), url('https:\/\/flupol.pt\/wp-content\/themes\/TheFox\/includes\/4k-icons\/icons\/4k-icons-pack05\/icons\/fonts\/ws.svg#oi') format('svg'); font-weight: normal; font-style: normal;}#rand_sbeqbtyizf1o9z9wy9k1 .ws-retweet:before{font-family: 'ws'; font-weight: normal; font-style: normal;}#rand_sbeqbtyizf1o9z9wy9k1 .ws-retweet:before{content: \"\\e81a\";}<\/style>\n<div id=\"rand_sbeqbtyizf1o9z9wy9k1\" class=\"icon_box2_alt \" style=\"background:rgba(0,0,0,0); border:1px solid #b2b2b2; \"><div class=\"icon_circle\" style=\"background-color:#ad1718;\"><i class=\"ws-retweet\" ><\/i><\/div><h3 style=\"color:;\" >SOCIOS<\/h3><p style=\"color:;\" ><\/p>\n<p style=\"text-align: center;\"><a href=\"https:\/\/flupol.pt\/es\/detail\/arquimea\/\">ARQUIMEA<\/a><\/p>\n<p><\/p><\/div>[\/vc_column][vc_column width=\u00bb1\/6&#8243;][\/vc_column][\/vc_row][vc_row][vc_column][vc_custom_heading text=\u00bbGALERIA\u00bb font_container=\u00bbtag:h3|text_align:center\u00bb use_theme_fonts=\u00bbyes\u00bb]<style type=\"text\/css\" >#l_310qhauy43no68d5rexw{width:100px;}#l_310qhauy43no68d5rexw.sc_line ,#l_310qhauy43no68d5rexw .sc_line {border-top:1px solid #e8e8e8; border-bottom:1px solid #e8e8e8; height:4px;}#l_310qhauy43no68d5rexw.sc_line ,#l_310qhauy43no68d5rexw .sc_line{margin-left:auto!important; margin-right:auto!important;}#l_310qhauy43no68d5rexw {margin:0px 0 10px 0; padding:0;}<\/style><div class=\"clearfix\"><\/div><div id=\"l_310qhauy43no68d5rexw\"  class=\"sc_line rd_line_double\" ><\/div><div class=\"rd_img_gallery_ctn clearfix\" style=\"margin:0px auto 0px;\"><a class=\"ig_col_4 \" href=\"https:\/\/flupol.pt\/wp-content\/uploads\/2015\/11\/aeroespacial1.jpg\"  rel=\"prettyPhoto[rel-80390618]\" ><img width=\"193\" height=\"180\" src=\"https:\/\/flupol.pt\/wp-content\/uploads\/2015\/11\/aeroespacial1.jpg\" class=\"attachment-full\" alt=\"\" loading=\"lazy\" \/><\/a><a class=\"ig_col_4 \" href=\"https:\/\/flupol.pt\/wp-content\/uploads\/2015\/11\/aeroespacial2.jpg\"  rel=\"prettyPhoto[rel-80390618]\" ><img width=\"193\" height=\"180\" src=\"https:\/\/flupol.pt\/wp-content\/uploads\/2015\/11\/aeroespacial2.jpg\" class=\"attachment-full\" alt=\"\" loading=\"lazy\" \/><\/a><a class=\"ig_col_4 \" href=\"https:\/\/flupol.pt\/wp-content\/uploads\/2015\/11\/aeroespacial3.jpg\"  rel=\"prettyPhoto[rel-80390618]\" ><img width=\"193\" height=\"180\" src=\"https:\/\/flupol.pt\/wp-content\/uploads\/2015\/11\/aeroespacial3.jpg\" class=\"attachment-full\" alt=\"\" loading=\"lazy\" \/><\/a><a class=\"ig_col_4 \" href=\"https:\/\/flupol.pt\/wp-content\/uploads\/2015\/11\/aeroespacial4.jpg\"  rel=\"prettyPhoto[rel-80390618]\" ><img width=\"193\" height=\"180\" src=\"https:\/\/flupol.pt\/wp-content\/uploads\/2015\/11\/aeroespacial4.jpg\" class=\"attachment-full\" alt=\"\" loading=\"lazy\" \/><\/a><\/div>[\/vc_column][\/vc_row][vc_row][vc_column]<style type=\"text\/css\" >#b_br0xi9e85pghwys9baxe a{color:; background:; margin-top:0px; margin-bottom:0px;  margin-left:0px; margin-right:0px; font-weight:900; border-radius:10px;}#b_br0xi9e85pghwys9baxe a:hover{color: ; background: ;}<\/style><div class=\"ta_center tf_btn_pos\" id=\"b_br0xi9e85pghwys9baxe\" ><a class=\"rd_normal_bt medium_rd_bt  \" href=\"https:\/\/flupol.pt\/es\/surface-engineering\/\" target=\"\" >+ SURFACE ENGINEERING<\/a><\/div>[\/vc_column][\/vc_row]<\/p>\n","protected":false},"excerpt":{"rendered":"<p>[vc_row row_padding_top=\u00bb100&#8243;][vc_column width=\u00bb1\/2&#8243; css=\u00bb.vc_custom_1438428223593{padding-bottom: 70px !important;}\u00bb][vc_custom_heading text=\u00bbAEROESPACIAL\u00bb font_container=\u00bbtag:h1|text_align:right\u00bb use_theme_fonts=\u00bbyes\u00bb css=\u00bb.vc_custom_1450709708583{margin-bottom: 4px !important;}\u00bb][vc_custom_heading text=\u00bbSurface Enginnering\u00bb font_container=\u00bbtag:h4|font_size:12|text_align:right|color:%23af0c0f|line_height:16px\u00bb use_theme_fonts=\u00bbyes\u00bb css=\u00bb.vc_custom_1450709714003{margin-top: 2px !important;margin-bottom: 5px !important;}\u00bb][vc_column_text]FLUPOL ofrece recubrimientos fluoropolim\u00e9ricos nanoestructurados para la lubricaci\u00f3n seca, como: Desarrollo propietario enfocado en aplicaciones tribol\u00f3gicas en ambientes extremos. Certificado como excediendo los requisitos de las pruebas de emisiones gaseosas al vac\u00edo de la Agencia<br \/><a href=\"https:\/\/flupol.pt\/es\/surface-engineering\/aeroespacial\/\" class=\"more\">Read more<\/a><\/p>\n","protected":false},"author":1,"featured_media":0,"parent":5239,"menu_order":0,"comment_status":"closed","ping_status":"closed","template":"","meta":{"_joinchat":[]},"yoast_head":"<!-- This site is optimized with the Yoast SEO plugin v18.8 - https:\/\/yoast.com\/wordpress\/plugins\/seo\/ -->\n<title>AEROESPACIAL - Flupol<\/title>\n<meta name=\"robots\" content=\"index, follow, max-snippet:-1, max-image-preview:large, max-video-preview:-1\" \/>\n<link rel=\"canonical\" href=\"https:\/\/flupol.pt\/es\/surface-engineering\/aeroespacial\/\" \/>\n<meta property=\"og:locale\" content=\"es_ES\" \/>\n<meta property=\"og:type\" content=\"article\" \/>\n<meta property=\"og:title\" content=\"AEROESPACIAL - Flupol\" \/>\n<meta property=\"og:description\" content=\"[vc_row row_padding_top=\u00bb100&#8243;][vc_column width=\u00bb1\/2&#8243; css=\u00bb.vc_custom_1438428223593{padding-bottom: 70px !important;}\u00bb][vc_custom_heading text=\u00bbAEROESPACIAL\u00bb font_container=\u00bbtag:h1|text_align:right\u00bb use_theme_fonts=\u00bbyes\u00bb css=\u00bb.vc_custom_1450709708583{margin-bottom: 4px !important;}\u00bb][vc_custom_heading text=\u00bbSurface Enginnering\u00bb font_container=\u00bbtag:h4|font_size:12|text_align:right|color:%23af0c0f|line_height:16px\u00bb use_theme_fonts=\u00bbyes\u00bb css=\u00bb.vc_custom_1450709714003{margin-top: 2px !important;margin-bottom: 5px !important;}\u00bb][vc_column_text]FLUPOL ofrece recubrimientos fluoropolim\u00e9ricos nanoestructurados para la lubricaci\u00f3n seca, como: Desarrollo propietario enfocado en aplicaciones tribol\u00f3gicas en ambientes extremos. Certificado como excediendo los requisitos de las pruebas de emisiones gaseosas al vac\u00edo de la AgenciaRead more\" \/>\n<meta property=\"og:url\" content=\"https:\/\/flupol.pt\/es\/surface-engineering\/aeroespacial\/\" \/>\n<meta property=\"og:site_name\" content=\"Flupol\" \/>\n<meta property=\"article:modified_time\" content=\"2017-07-20T12:01:25+00:00\" \/>\n<meta name=\"twitter:card\" content=\"summary\" \/>\n<meta name=\"twitter:label1\" content=\"Tiempo de lectura\" \/>\n\t<meta name=\"twitter:data1\" content=\"2 minutos\" \/>\n<script type=\"application\/ld+json\" class=\"yoast-schema-graph\">{\"@context\":\"https:\/\/schema.org\",\"@graph\":[{\"@type\":\"WebSite\",\"@id\":\"https:\/\/flupol.pt\/#website\",\"url\":\"https:\/\/flupol.pt\/\",\"name\":\"Flupol\",\"description\":\"Surface Engineering\",\"potentialAction\":[{\"@type\":\"SearchAction\",\"target\":{\"@type\":\"EntryPoint\",\"urlTemplate\":\"https:\/\/flupol.pt\/?s={search_term_string}\"},\"query-input\":\"required name=search_term_string\"}],\"inLanguage\":\"es\"},{\"@type\":\"WebPage\",\"@id\":\"https:\/\/flupol.pt\/es\/surface-engineering\/aeroespacial\/#webpage\",\"url\":\"https:\/\/flupol.pt\/es\/surface-engineering\/aeroespacial\/\",\"name\":\"AEROESPACIAL - Flupol\",\"isPartOf\":{\"@id\":\"https:\/\/flupol.pt\/#website\"},\"datePublished\":\"2015-11-03T15:43:15+00:00\",\"dateModified\":\"2017-07-20T12:01:25+00:00\",\"breadcrumb\":{\"@id\":\"https:\/\/flupol.pt\/es\/surface-engineering\/aeroespacial\/#breadcrumb\"},\"inLanguage\":\"es\",\"potentialAction\":[{\"@type\":\"ReadAction\",\"target\":[\"https:\/\/flupol.pt\/es\/surface-engineering\/aeroespacial\/\"]}]},{\"@type\":\"BreadcrumbList\",\"@id\":\"https:\/\/flupol.pt\/es\/surface-engineering\/aeroespacial\/#breadcrumb\",\"itemListElement\":[{\"@type\":\"ListItem\",\"position\":1,\"name\":\"In\u00edcio\",\"item\":\"https:\/\/flupol.pt\/es\/\"},{\"@type\":\"ListItem\",\"position\":2,\"name\":\"SURFACE ENGINEERING\",\"item\":\"https:\/\/flupol.pt\/es\/surface-engineering\/\"},{\"@type\":\"ListItem\",\"position\":3,\"name\":\"AEROESPACIAL\"}]}]}<\/script>\n<!-- \/ Yoast SEO plugin. -->","yoast_head_json":{"title":"AEROESPACIAL - Flupol","robots":{"index":"index","follow":"follow","max-snippet":"max-snippet:-1","max-image-preview":"max-image-preview:large","max-video-preview":"max-video-preview:-1"},"canonical":"https:\/\/flupol.pt\/es\/surface-engineering\/aeroespacial\/","og_locale":"es_ES","og_type":"article","og_title":"AEROESPACIAL - Flupol","og_description":"[vc_row row_padding_top=\u00bb100&#8243;][vc_column width=\u00bb1\/2&#8243; css=\u00bb.vc_custom_1438428223593{padding-bottom: 70px !important;}\u00bb][vc_custom_heading text=\u00bbAEROESPACIAL\u00bb font_container=\u00bbtag:h1|text_align:right\u00bb use_theme_fonts=\u00bbyes\u00bb css=\u00bb.vc_custom_1450709708583{margin-bottom: 4px !important;}\u00bb][vc_custom_heading text=\u00bbSurface Enginnering\u00bb font_container=\u00bbtag:h4|font_size:12|text_align:right|color:%23af0c0f|line_height:16px\u00bb use_theme_fonts=\u00bbyes\u00bb css=\u00bb.vc_custom_1450709714003{margin-top: 2px !important;margin-bottom: 5px !important;}\u00bb][vc_column_text]FLUPOL ofrece recubrimientos fluoropolim\u00e9ricos nanoestructurados para la lubricaci\u00f3n seca, como: Desarrollo propietario enfocado en aplicaciones tribol\u00f3gicas en ambientes extremos. Certificado como excediendo los requisitos de las pruebas de emisiones gaseosas al vac\u00edo de la AgenciaRead more","og_url":"https:\/\/flupol.pt\/es\/surface-engineering\/aeroespacial\/","og_site_name":"Flupol","article_modified_time":"2017-07-20T12:01:25+00:00","twitter_card":"summary","twitter_misc":{"Tiempo de lectura":"2 minutos"},"schema":{"@context":"https:\/\/schema.org","@graph":[{"@type":"WebSite","@id":"https:\/\/flupol.pt\/#website","url":"https:\/\/flupol.pt\/","name":"Flupol","description":"Surface Engineering","potentialAction":[{"@type":"SearchAction","target":{"@type":"EntryPoint","urlTemplate":"https:\/\/flupol.pt\/?s={search_term_string}"},"query-input":"required name=search_term_string"}],"inLanguage":"es"},{"@type":"WebPage","@id":"https:\/\/flupol.pt\/es\/surface-engineering\/aeroespacial\/#webpage","url":"https:\/\/flupol.pt\/es\/surface-engineering\/aeroespacial\/","name":"AEROESPACIAL - Flupol","isPartOf":{"@id":"https:\/\/flupol.pt\/#website"},"datePublished":"2015-11-03T15:43:15+00:00","dateModified":"2017-07-20T12:01:25+00:00","breadcrumb":{"@id":"https:\/\/flupol.pt\/es\/surface-engineering\/aeroespacial\/#breadcrumb"},"inLanguage":"es","potentialAction":[{"@type":"ReadAction","target":["https:\/\/flupol.pt\/es\/surface-engineering\/aeroespacial\/"]}]},{"@type":"BreadcrumbList","@id":"https:\/\/flupol.pt\/es\/surface-engineering\/aeroespacial\/#breadcrumb","itemListElement":[{"@type":"ListItem","position":1,"name":"In\u00edcio","item":"https:\/\/flupol.pt\/es\/"},{"@type":"ListItem","position":2,"name":"SURFACE ENGINEERING","item":"https:\/\/flupol.pt\/es\/surface-engineering\/"},{"@type":"ListItem","position":3,"name":"AEROESPACIAL"}]}]}},"_links":{"self":[{"href":"https:\/\/flupol.pt\/es\/wp-json\/wp\/v2\/pages\/5257"}],"collection":[{"href":"https:\/\/flupol.pt\/es\/wp-json\/wp\/v2\/pages"}],"about":[{"href":"https:\/\/flupol.pt\/es\/wp-json\/wp\/v2\/types\/page"}],"author":[{"embeddable":true,"href":"https:\/\/flupol.pt\/es\/wp-json\/wp\/v2\/users\/1"}],"replies":[{"embeddable":true,"href":"https:\/\/flupol.pt\/es\/wp-json\/wp\/v2\/comments?post=5257"}],"version-history":[{"count":3,"href":"https:\/\/flupol.pt\/es\/wp-json\/wp\/v2\/pages\/5257\/revisions"}],"predecessor-version":[{"id":5638,"href":"https:\/\/flupol.pt\/es\/wp-json\/wp\/v2\/pages\/5257\/revisions\/5638"}],"up":[{"embeddable":true,"href":"https:\/\/flupol.pt\/es\/wp-json\/wp\/v2\/pages\/5239"}],"wp:attachment":[{"href":"https:\/\/flupol.pt\/es\/wp-json\/wp\/v2\/media?parent=5257"}],"curies":[{"name":"wp","href":"https:\/\/api.w.org\/{rel}","templated":true}]}}