
{"id":5254,"date":"2015-11-03T15:32:51","date_gmt":"2015-11-03T15:32:51","guid":{"rendered":"https:\/\/flupol.pt\/surface-engineering\/textil\/"},"modified":"2017-07-20T12:07:14","modified_gmt":"2017-07-20T12:07:14","slug":"textil","status":"publish","type":"page","link":"https:\/\/flupol.pt\/es\/surface-engineering\/textil\/","title":{"rendered":"TEXTIL"},"content":{"rendered":"<p>[vc_row row_padding_top=\u00bb100&#8243;][vc_column width=\u00bb1\/2&#8243; css=\u00bb.vc_custom_1438428223593{padding-bottom: 70px !important;}\u00bb][vc_custom_heading text=\u00bbTEXTIL\u00bb font_container=\u00bbtag:h1|text_align:right\u00bb use_theme_fonts=\u00bbyes\u00bb css=\u00bb.vc_custom_1500369801076{margin-bottom: 4px !important;}\u00bb][vc_custom_heading text=\u00bbSurface Enginnering\u00bb font_container=\u00bbtag:h4|font_size:12|text_align:right|color:%23af0c0f|line_height:16px\u00bb use_theme_fonts=\u00bbyes\u00bb css=\u00bb.vc_custom_1450709683884{margin-top: 2px !important;margin-bottom: 5px !important;}\u00bb]<style type=\"text\/css\" >#l_uhl9o4hsi2zevb0of77j{width:200px;}#l_uhl9o4hsi2zevb0of77j.sc_line ,#l_uhl9o4hsi2zevb0of77j .sc_line {border-top:1px solid #bcbcbc; border-bottom:1px solid #bcbcbc; height:4px;}#l_uhl9o4hsi2zevb0of77j.sc_line ,#l_uhl9o4hsi2zevb0of77j .sc_line{margin-left:auto!important;}#l_uhl9o4hsi2zevb0of77j {margin:5px 0 0px 0; padding:0;}<\/style><div class=\"clearfix\"><\/div><div id=\"l_uhl9o4hsi2zevb0of77j\"  class=\"sc_line rd_line_double\" ><\/div>[vc_column_text]La industria textil se enfrenta a fuertes desaf\u00edos a superar durante el proceso. Los m\u00e1s prevalentes ser\u00e1n tal vez los cambios r\u00e1pidos de color y la prevenci\u00f3n de deshacer en tejidos m\u00e1s sensibles durante una producci\u00f3n de alto rendimiento. FLUPOL presenta soluciones que van desde recubrimientos antiadherentes, que permiten los cambios r\u00e1pidos de los colores al evitar que los pigmentos contaminen las superficies de procesamiento, hasta recubrimientos que previenen la corrosi\u00f3n causada por el vapor de agua sobrecalentado bajo alta presi\u00f3n. Nuestros recubrimientos previenen cualquier desfase de tejidos gracias a un acabado fino, maximizando al mismo tiempo la vida \u00fatil a trav\u00e9s de una fuerte resistencia a la abrasi\u00f3n.[\/vc_column_text][\/vc_column][vc_column width=\u00bb1\/2&#8243;][vc_single_image image=\u00bb2363&#8243; img_size=\u00bblarge\u00bb onclick=\u00bbzoom\u00bb][\/vc_column][\/vc_row][vc_row][vc_column css=\u00bb.vc_custom_1453802645587{padding-top: 60px !important;}\u00bb][vc_custom_heading text=\u00bbGALERIA\u00bb font_container=\u00bbtag:h3|text_align:center\u00bb use_theme_fonts=\u00bbyes\u00bb]<style type=\"text\/css\" >#l_cahwn9r9vvj94azuj804{width:100px;}#l_cahwn9r9vvj94azuj804.sc_line ,#l_cahwn9r9vvj94azuj804 .sc_line {border-top:1px solid #e8e8e8; border-bottom:1px solid #e8e8e8; height:4px;}#l_cahwn9r9vvj94azuj804.sc_line ,#l_cahwn9r9vvj94azuj804 .sc_line{margin-left:auto!important; margin-right:auto!important;}#l_cahwn9r9vvj94azuj804 {margin:0px 0 10px 0; padding:0;}<\/style><div class=\"clearfix\"><\/div><div id=\"l_cahwn9r9vvj94azuj804\"  class=\"sc_line rd_line_double\" ><\/div><div class=\"rd_img_gallery_ctn clearfix\" style=\"margin:0px auto 0px;\"><a class=\"ig_col_3 \" href=\"https:\/\/flupol.pt\/wp-content\/uploads\/2015\/11\/textil.jpg\"  rel=\"prettyPhoto[rel-1080513066]\" ><img width=\"850\" height=\"550\" src=\"https:\/\/flupol.pt\/wp-content\/uploads\/2015\/11\/textil.jpg\" class=\"attachment-full\" alt=\"\" loading=\"lazy\" srcset=\"https:\/\/flupol.pt\/wp-content\/uploads\/2015\/11\/textil.jpg 850w, https:\/\/flupol.pt\/wp-content\/uploads\/2015\/11\/textil-300x194.jpg 300w\" sizes=\"(max-width: 850px) 100vw, 850px\" \/><\/a><a class=\"ig_col_3 \" href=\"https:\/\/flupol.pt\/wp-content\/uploads\/2015\/11\/textil2.jpg\"  rel=\"prettyPhoto[rel-1080513066]\" ><img width=\"850\" height=\"550\" src=\"https:\/\/flupol.pt\/wp-content\/uploads\/2015\/11\/textil2.jpg\" class=\"attachment-full\" alt=\"\" loading=\"lazy\" srcset=\"https:\/\/flupol.pt\/wp-content\/uploads\/2015\/11\/textil2.jpg 850w, https:\/\/flupol.pt\/wp-content\/uploads\/2015\/11\/textil2-300x194.jpg 300w\" sizes=\"(max-width: 850px) 100vw, 850px\" \/><\/a><\/div>[\/vc_column][\/vc_row][vc_row][vc_column]<style type=\"text\/css\" >#b_j6rmby0jznl7el2u83kn a{color:; background:; margin-top:0px; margin-bottom:0px;  margin-left:0px; margin-right:0px; font-weight:900; border-radius:10px;}#b_j6rmby0jznl7el2u83kn a:hover{color: ; background: ;}<\/style><div class=\"ta_center tf_btn_pos\" id=\"b_j6rmby0jznl7el2u83kn\" ><a class=\"rd_normal_bt medium_rd_bt  \" href=\"https:\/\/flupol.pt\/es\/surface-engineering\/\" target=\"\" >+ SURFACE ENGINEERING<\/a><\/div>[\/vc_column][\/vc_row]<\/p>\n","protected":false},"excerpt":{"rendered":"<p>[vc_row row_padding_top=\u00bb100&#8243;][vc_column width=\u00bb1\/2&#8243; css=\u00bb.vc_custom_1438428223593{padding-bottom: 70px !important;}\u00bb][vc_custom_heading text=\u00bbTEXTIL\u00bb font_container=\u00bbtag:h1|text_align:right\u00bb use_theme_fonts=\u00bbyes\u00bb css=\u00bb.vc_custom_1500369801076{margin-bottom: 4px !important;}\u00bb][vc_custom_heading text=\u00bbSurface Enginnering\u00bb font_container=\u00bbtag:h4|font_size:12|text_align:right|color:%23af0c0f|line_height:16px\u00bb use_theme_fonts=\u00bbyes\u00bb css=\u00bb.vc_custom_1450709683884{margin-top: 2px !important;margin-bottom: 5px !important;}\u00bb][vc_column_text]La industria textil se enfrenta a fuertes desaf\u00edos a superar durante el proceso. Los m\u00e1s prevalentes ser\u00e1n tal vez los cambios r\u00e1pidos de color y la prevenci\u00f3n de deshacer en tejidos m\u00e1s sensibles durante una<br \/><a href=\"https:\/\/flupol.pt\/es\/surface-engineering\/textil\/\" class=\"more\">Read more<\/a><\/p>\n","protected":false},"author":1,"featured_media":0,"parent":5239,"menu_order":0,"comment_status":"closed","ping_status":"closed","template":"","meta":{"_joinchat":[]},"yoast_head":"<!-- This site is optimized with the Yoast SEO plugin v18.8 - https:\/\/yoast.com\/wordpress\/plugins\/seo\/ -->\n<title>TEXTIL - Flupol<\/title>\n<meta name=\"robots\" content=\"index, follow, max-snippet:-1, max-image-preview:large, max-video-preview:-1\" \/>\n<link rel=\"canonical\" href=\"https:\/\/flupol.pt\/es\/surface-engineering\/textil\/\" \/>\n<meta property=\"og:locale\" content=\"es_ES\" \/>\n<meta property=\"og:type\" content=\"article\" \/>\n<meta property=\"og:title\" content=\"TEXTIL - Flupol\" \/>\n<meta property=\"og:description\" content=\"[vc_row row_padding_top=\u00bb100&#8243;][vc_column width=\u00bb1\/2&#8243; css=\u00bb.vc_custom_1438428223593{padding-bottom: 70px !important;}\u00bb][vc_custom_heading text=\u00bbTEXTIL\u00bb font_container=\u00bbtag:h1|text_align:right\u00bb use_theme_fonts=\u00bbyes\u00bb css=\u00bb.vc_custom_1500369801076{margin-bottom: 4px !important;}\u00bb][vc_custom_heading text=\u00bbSurface Enginnering\u00bb font_container=\u00bbtag:h4|font_size:12|text_align:right|color:%23af0c0f|line_height:16px\u00bb use_theme_fonts=\u00bbyes\u00bb css=\u00bb.vc_custom_1450709683884{margin-top: 2px !important;margin-bottom: 5px !important;}\u00bb][vc_column_text]La industria textil se enfrenta a fuertes desaf\u00edos a superar durante el proceso. Los m\u00e1s prevalentes ser\u00e1n tal vez los cambios r\u00e1pidos de color y la prevenci\u00f3n de deshacer en tejidos m\u00e1s sensibles durante unaRead more\" \/>\n<meta property=\"og:url\" content=\"https:\/\/flupol.pt\/es\/surface-engineering\/textil\/\" \/>\n<meta property=\"og:site_name\" content=\"Flupol\" \/>\n<meta property=\"article:modified_time\" content=\"2017-07-20T12:07:14+00:00\" \/>\n<meta name=\"twitter:card\" content=\"summary\" \/>\n<meta name=\"twitter:label1\" content=\"Tiempo de lectura\" \/>\n\t<meta name=\"twitter:data1\" content=\"2 minutos\" \/>\n<script type=\"application\/ld+json\" class=\"yoast-schema-graph\">{\"@context\":\"https:\/\/schema.org\",\"@graph\":[{\"@type\":\"WebSite\",\"@id\":\"https:\/\/flupol.pt\/#website\",\"url\":\"https:\/\/flupol.pt\/\",\"name\":\"Flupol\",\"description\":\"Surface Engineering\",\"potentialAction\":[{\"@type\":\"SearchAction\",\"target\":{\"@type\":\"EntryPoint\",\"urlTemplate\":\"https:\/\/flupol.pt\/?s={search_term_string}\"},\"query-input\":\"required name=search_term_string\"}],\"inLanguage\":\"es\"},{\"@type\":\"WebPage\",\"@id\":\"https:\/\/flupol.pt\/es\/surface-engineering\/textil\/#webpage\",\"url\":\"https:\/\/flupol.pt\/es\/surface-engineering\/textil\/\",\"name\":\"TEXTIL - Flupol\",\"isPartOf\":{\"@id\":\"https:\/\/flupol.pt\/#website\"},\"datePublished\":\"2015-11-03T15:32:51+00:00\",\"dateModified\":\"2017-07-20T12:07:14+00:00\",\"breadcrumb\":{\"@id\":\"https:\/\/flupol.pt\/es\/surface-engineering\/textil\/#breadcrumb\"},\"inLanguage\":\"es\",\"potentialAction\":[{\"@type\":\"ReadAction\",\"target\":[\"https:\/\/flupol.pt\/es\/surface-engineering\/textil\/\"]}]},{\"@type\":\"BreadcrumbList\",\"@id\":\"https:\/\/flupol.pt\/es\/surface-engineering\/textil\/#breadcrumb\",\"itemListElement\":[{\"@type\":\"ListItem\",\"position\":1,\"name\":\"In\u00edcio\",\"item\":\"https:\/\/flupol.pt\/es\/\"},{\"@type\":\"ListItem\",\"position\":2,\"name\":\"SURFACE ENGINEERING\",\"item\":\"https:\/\/flupol.pt\/es\/surface-engineering\/\"},{\"@type\":\"ListItem\",\"position\":3,\"name\":\"TEXTIL\"}]}]}<\/script>\n<!-- \/ Yoast SEO plugin. -->","yoast_head_json":{"title":"TEXTIL - Flupol","robots":{"index":"index","follow":"follow","max-snippet":"max-snippet:-1","max-image-preview":"max-image-preview:large","max-video-preview":"max-video-preview:-1"},"canonical":"https:\/\/flupol.pt\/es\/surface-engineering\/textil\/","og_locale":"es_ES","og_type":"article","og_title":"TEXTIL - Flupol","og_description":"[vc_row row_padding_top=\u00bb100&#8243;][vc_column width=\u00bb1\/2&#8243; css=\u00bb.vc_custom_1438428223593{padding-bottom: 70px !important;}\u00bb][vc_custom_heading text=\u00bbTEXTIL\u00bb font_container=\u00bbtag:h1|text_align:right\u00bb use_theme_fonts=\u00bbyes\u00bb css=\u00bb.vc_custom_1500369801076{margin-bottom: 4px !important;}\u00bb][vc_custom_heading text=\u00bbSurface Enginnering\u00bb font_container=\u00bbtag:h4|font_size:12|text_align:right|color:%23af0c0f|line_height:16px\u00bb use_theme_fonts=\u00bbyes\u00bb css=\u00bb.vc_custom_1450709683884{margin-top: 2px !important;margin-bottom: 5px !important;}\u00bb][vc_column_text]La industria textil se enfrenta a fuertes desaf\u00edos a superar durante el proceso. Los m\u00e1s prevalentes ser\u00e1n tal vez los cambios r\u00e1pidos de color y la prevenci\u00f3n de deshacer en tejidos m\u00e1s sensibles durante unaRead more","og_url":"https:\/\/flupol.pt\/es\/surface-engineering\/textil\/","og_site_name":"Flupol","article_modified_time":"2017-07-20T12:07:14+00:00","twitter_card":"summary","twitter_misc":{"Tiempo de lectura":"2 minutos"},"schema":{"@context":"https:\/\/schema.org","@graph":[{"@type":"WebSite","@id":"https:\/\/flupol.pt\/#website","url":"https:\/\/flupol.pt\/","name":"Flupol","description":"Surface Engineering","potentialAction":[{"@type":"SearchAction","target":{"@type":"EntryPoint","urlTemplate":"https:\/\/flupol.pt\/?s={search_term_string}"},"query-input":"required name=search_term_string"}],"inLanguage":"es"},{"@type":"WebPage","@id":"https:\/\/flupol.pt\/es\/surface-engineering\/textil\/#webpage","url":"https:\/\/flupol.pt\/es\/surface-engineering\/textil\/","name":"TEXTIL - Flupol","isPartOf":{"@id":"https:\/\/flupol.pt\/#website"},"datePublished":"2015-11-03T15:32:51+00:00","dateModified":"2017-07-20T12:07:14+00:00","breadcrumb":{"@id":"https:\/\/flupol.pt\/es\/surface-engineering\/textil\/#breadcrumb"},"inLanguage":"es","potentialAction":[{"@type":"ReadAction","target":["https:\/\/flupol.pt\/es\/surface-engineering\/textil\/"]}]},{"@type":"BreadcrumbList","@id":"https:\/\/flupol.pt\/es\/surface-engineering\/textil\/#breadcrumb","itemListElement":[{"@type":"ListItem","position":1,"name":"In\u00edcio","item":"https:\/\/flupol.pt\/es\/"},{"@type":"ListItem","position":2,"name":"SURFACE ENGINEERING","item":"https:\/\/flupol.pt\/es\/surface-engineering\/"},{"@type":"ListItem","position":3,"name":"TEXTIL"}]}]}},"_links":{"self":[{"href":"https:\/\/flupol.pt\/es\/wp-json\/wp\/v2\/pages\/5254"}],"collection":[{"href":"https:\/\/flupol.pt\/es\/wp-json\/wp\/v2\/pages"}],"about":[{"href":"https:\/\/flupol.pt\/es\/wp-json\/wp\/v2\/types\/page"}],"author":[{"embeddable":true,"href":"https:\/\/flupol.pt\/es\/wp-json\/wp\/v2\/users\/1"}],"replies":[{"embeddable":true,"href":"https:\/\/flupol.pt\/es\/wp-json\/wp\/v2\/comments?post=5254"}],"version-history":[{"count":3,"href":"https:\/\/flupol.pt\/es\/wp-json\/wp\/v2\/pages\/5254\/revisions"}],"predecessor-version":[{"id":5641,"href":"https:\/\/flupol.pt\/es\/wp-json\/wp\/v2\/pages\/5254\/revisions\/5641"}],"up":[{"embeddable":true,"href":"https:\/\/flupol.pt\/es\/wp-json\/wp\/v2\/pages\/5239"}],"wp:attachment":[{"href":"https:\/\/flupol.pt\/es\/wp-json\/wp\/v2\/media?parent=5254"}],"curies":[{"name":"wp","href":"https:\/\/api.w.org\/{rel}","templated":true}]}}