
{"id":5239,"date":"2015-08-01T11:16:12","date_gmt":"2015-08-01T11:16:12","guid":{"rendered":"https:\/\/flupol.pt\/surface-engineering\/"},"modified":"2017-07-19T15:27:37","modified_gmt":"2017-07-19T15:27:37","slug":"surface-engineering","status":"publish","type":"page","link":"https:\/\/flupol.pt\/es\/surface-engineering\/","title":{"rendered":"SURFACE ENGINEERING"},"content":{"rendered":"<p>[vc_row][vc_column]<style type=\"text\/css\" >#l_3zr6gbcicd74xtvjn2v2{width:200px;}#l_3zr6gbcicd74xtvjn2v2.sc_line ,#l_3zr6gbcicd74xtvjn2v2 .sc_line { height:1px; background:;}#l_3zr6gbcicd74xtvjn2v2.sc_line ,#l_3zr6gbcicd74xtvjn2v2 .sc_line{margin-left:auto!important; margin-right:auto!important;}#l_3zr6gbcicd74xtvjn2v2 {margin:0px 0 0px 0; padding:0;}<\/style><div class=\"clearfix\"><\/div><div id=\"l_3zr6gbcicd74xtvjn2v2\"  class=\"sc_line rd_line_normal\" ><\/div>[vc_custom_heading source=\u00bbpost_title\u00bb font_container=\u00bbtag:h2|text_align:center\u00bb use_theme_fonts=\u00bbyes\u00bb][vc_column_text]Nuestros mercados de actuaci\u00f3n incluyen la industria alimentar (divisi\u00f3n Baking Systems), autom\u00f3vil, bienes de consumo, corcho, qu\u00edmica &#8211; farmac\u00e9utica, mar\u00edtima, textil, aeron\u00e1utica y aeroespacial, donde Flupol es un proveedor de piezas recubiertas, o de recubrimiento para vol\u00famenes que van desde piezas \u00fanicas a la producci\u00f3n en masa.<\/p>\n<p>FLUPOL ofrece una amplia gama de Sistemas de recubrimiento FLUCOAT \u2122 utilizando:<\/p>\n<ul>\n<li>Fluoropol\u00edmeros;<\/li>\n<li>Cer\u00e1micos sol-gel;<\/li>\n<li>Pol\u00edmeros de cristales l\u00edquidos;<\/li>\n<li>Pol\u00edmeros imidizados;<\/li>\n<li>Resinas de silic\u00f3n.<\/li>\n<\/ul>\n<p>Todos los sistemas de recubrimiento FLUCOAT \u2122 son desarrollos propietarios. [\/vc_column_text][\/vc_column][\/vc_row][vc_row row_padding_top=\u00bb100&#8243;][vc_column width=\u00bb1\/2&#8243;][vc_single_image image=\u00bb2633&#8243; img_size=\u00bblarge\u00bb onclick=\u00bbcustom_link\u00bb hover_effect=\u00bbimg_play_effect\u00bb link=\u00bbhttps:\/\/flupol.pt\/es\/surface-engineering\/aeroespacial\/\u00bb][vc_custom_heading text=\u00bbAEROESPACIAL\u00bb font_container=\u00bbtag:h2|text_align:center\u00bb use_theme_fonts=\u00bbyes\u00bb link=\u00bburl:https%3A%2F%2Fflupol.pt%2Fes%2Fsurface-engineering%2Faeroespacial%2F|||\u00bb]<style type=\"text\/css\" >#l_4hzbly7qpepm3nfhu00v{width:200px;}#l_4hzbly7qpepm3nfhu00v.sc_line ,#l_4hzbly7qpepm3nfhu00v .sc_line {border-top:1px solid #898989; border-bottom:1px solid #898989; height:4px;}#l_4hzbly7qpepm3nfhu00v.sc_line ,#l_4hzbly7qpepm3nfhu00v .sc_line{margin-left:auto!important; margin-right:auto!important;}#l_4hzbly7qpepm3nfhu00v {margin:0px 0 0px 0; padding:0;}<\/style><div class=\"clearfix\"><\/div><div id=\"l_4hzbly7qpepm3nfhu00v\"  class=\"sc_line rd_line_double\" ><\/div>[\/vc_column][vc_column width=\u00bb1\/2&#8243;][vc_single_image image=\u00bb2625&#8243; img_size=\u00bblarge\u00bb onclick=\u00bbcustom_link\u00bb hover_effect=\u00bbimg_play_effect\u00bb link=\u00bbhttps:\/\/flupol.pt\/es\/surface-engineering\/automovil\/\u00bb][vc_custom_heading text=\u00bbAUTOM\u00d3VIL\u00bb font_container=\u00bbtag:h2|text_align:center\u00bb use_theme_fonts=\u00bbyes\u00bb link=\u00bburl:https%3A%2F%2Fflupol.pt%2Fes%2Fsurface-engineering%2Fautomovil%2F|||\u00bb]<style type=\"text\/css\" >#l_9y2y0xamd1jl5lxe0rrp{width:200px;}#l_9y2y0xamd1jl5lxe0rrp.sc_line ,#l_9y2y0xamd1jl5lxe0rrp .sc_line {border-top:1px solid #898989; border-bottom:1px solid #898989; height:4px;}#l_9y2y0xamd1jl5lxe0rrp.sc_line ,#l_9y2y0xamd1jl5lxe0rrp .sc_line{margin-left:auto!important; margin-right:auto!important;}#l_9y2y0xamd1jl5lxe0rrp {margin:0px 0 0px 0; padding:0;}<\/style><div class=\"clearfix\"><\/div><div id=\"l_9y2y0xamd1jl5lxe0rrp\"  class=\"sc_line rd_line_double\" ><\/div>[\/vc_column][\/vc_row][vc_row row_padding_top=\u00bb100&#8243;][vc_column width=\u00bb1\/2&#8243;][vc_single_image image=\u00bb2626&#8243; img_size=\u00bblarge\u00bb onclick=\u00bbcustom_link\u00bb hover_effect=\u00bbimg_play_effect\u00bb link=\u00bbhttps:\/\/flupol.pt\/es\/surface-engineering\/bienes-de-consumo\/\u00bb][vc_custom_heading text=\u00bbBIENES DE CONSUMO\u00bb font_container=\u00bbtag:h2|text_align:center\u00bb use_theme_fonts=\u00bbyes\u00bb link=\u00bburl:https%3A%2F%2Fflupol.pt%2Fes%2Fsurface-engineering%2Fbienes-de-consumo%2F|||\u00bb]<style type=\"text\/css\" >#l_psa66u0d8svuy0o0l2bk{width:200px;}#l_psa66u0d8svuy0o0l2bk.sc_line ,#l_psa66u0d8svuy0o0l2bk .sc_line {border-top:1px solid #898989; border-bottom:1px solid #898989; height:4px;}#l_psa66u0d8svuy0o0l2bk.sc_line ,#l_psa66u0d8svuy0o0l2bk .sc_line{margin-left:auto!important; margin-right:auto!important;}#l_psa66u0d8svuy0o0l2bk {margin:0px 0 20px 0; padding:0;}<\/style><div class=\"clearfix\"><\/div><div id=\"l_psa66u0d8svuy0o0l2bk\"  class=\"sc_line rd_line_double\" ><\/div>[\/vc_column][vc_column width=\u00bb1\/2&#8243;][vc_single_image image=\u00bb4663&#8243; img_size=\u00bblarge\u00bb onclick=\u00bbcustom_link\u00bb hover_effect=\u00bbimg_play_effect\u00bb link=\u00bbhttps:\/\/flupol.pt\/es\/surface-engineering\/corcho\/\u00bb][vc_custom_heading text=\u00bbCORCHO\u00bb font_container=\u00bbtag:h2|text_align:center\u00bb use_theme_fonts=\u00bbyes\u00bb link=\u00bburl:https%3A%2F%2Fflupol.pt%2Fes%2Fsurface-engineering%2Fcorcho%2F|||\u00bb]<style type=\"text\/css\" >#l_myqdd3n6hqb9xrqmrllo{width:200px;}#l_myqdd3n6hqb9xrqmrllo.sc_line ,#l_myqdd3n6hqb9xrqmrllo .sc_line {border-top:1px solid #898989; border-bottom:1px solid #898989; height:4px;}#l_myqdd3n6hqb9xrqmrllo.sc_line ,#l_myqdd3n6hqb9xrqmrllo .sc_line{margin-left:auto!important; margin-right:auto!important;}#l_myqdd3n6hqb9xrqmrllo {margin:0px 0 20px 0; padding:0;}<\/style><div class=\"clearfix\"><\/div><div id=\"l_myqdd3n6hqb9xrqmrllo\"  class=\"sc_line rd_line_double\" ><\/div>[\/vc_column][\/vc_row][vc_row row_padding_top=\u00bb100&#8243;][vc_column width=\u00bb1\/2&#8243;][vc_single_image image=\u00bb2628&#8243; img_size=\u00bblarge\u00bb onclick=\u00bbcustom_link\u00bb hover_effect=\u00bbimg_play_effect\u00bb link=\u00bbhttps:\/\/flupol.pt\/es\/surface-engineering\/quimica\/\u00bb][vc_custom_heading text=\u00bbQU\u00cdMICA E FARMAC\u00c9UTICA\u00bb font_container=\u00bbtag:h2|text_align:center\u00bb use_theme_fonts=\u00bbyes\u00bb link=\u00bburl:https%3A%2F%2Fflupol.pt%2Fes%2Fsurface-engineering%2Fquimica%2F|||\u00bb]<style type=\"text\/css\" >#l_jehvmq73q3ot8yngpqch{width:200px;}#l_jehvmq73q3ot8yngpqch.sc_line ,#l_jehvmq73q3ot8yngpqch .sc_line {border-top:1px solid #898989; border-bottom:1px solid #898989; height:4px;}#l_jehvmq73q3ot8yngpqch.sc_line ,#l_jehvmq73q3ot8yngpqch .sc_line{margin-left:auto!important; margin-right:auto!important;}#l_jehvmq73q3ot8yngpqch {margin:0px 0 20px 0; padding:0;}<\/style><div class=\"clearfix\"><\/div><div id=\"l_jehvmq73q3ot8yngpqch\"  class=\"sc_line rd_line_double\" ><\/div>[\/vc_column][vc_column width=\u00bb1\/2&#8243;][vc_single_image image=\u00bb2631&#8243; img_size=\u00bblarge\u00bb onclick=\u00bbcustom_link\u00bb hover_effect=\u00bbimg_play_effect\u00bb link=\u00bbhttps:\/\/flupol.pt\/es\/surface-engineering\/textil\/\u00bb][vc_custom_heading text=\u00bbTEXTIL\u00bb font_container=\u00bbtag:h2|text_align:center\u00bb use_theme_fonts=\u00bbyes\u00bb link=\u00bburl:https%3A%2F%2Fflupol.pt%2Fes%2Fsurface-engineering%2Ftextil%2F|||\u00bb]<style type=\"text\/css\" >#l_ceyvxostcvxj9vq71ecn{width:200px;}#l_ceyvxostcvxj9vq71ecn.sc_line ,#l_ceyvxostcvxj9vq71ecn .sc_line {border-top:1px solid #898989; border-bottom:1px solid #898989; height:4px;}#l_ceyvxostcvxj9vq71ecn.sc_line ,#l_ceyvxostcvxj9vq71ecn .sc_line{margin-left:auto!important; margin-right:auto!important;}#l_ceyvxostcvxj9vq71ecn {margin:0px 0 20px 0; padding:0;}<\/style><div class=\"clearfix\"><\/div><div id=\"l_ceyvxostcvxj9vq71ecn\"  class=\"sc_line rd_line_double\" ><\/div>[\/vc_column][\/vc_row][vc_row row_padding_top=\u00bb100&#8243;][vc_column width=\u00bb1\/2&#8243;][vc_single_image image=\u00bb2637&#8243; img_size=\u00bblarge\u00bb onclick=\u00bbcustom_link\u00bb hover_effect=\u00bbimg_play_effect\u00bb link=\u00bbhttps:\/\/flupol.pt\/es\/surface-engineering\/catalogo-de-productos\/\u00bb][vc_custom_heading text=\u00bbCATALOGO DE PRODUCTOS\u00bb font_container=\u00bbtag:h2|text_align:center\u00bb use_theme_fonts=\u00bbyes\u00bb link=\u00bburl:https%3A%2F%2Fflupol.pt%2Fes%2Fsurface-engineering%2Fcatalogo-de-productos%2F|||\u00bb]<style type=\"text\/css\" >#l_itar4vxt3fdmc9y7eupm{width:200px;}#l_itar4vxt3fdmc9y7eupm.sc_line ,#l_itar4vxt3fdmc9y7eupm .sc_line {border-top:1px solid #898989; border-bottom:1px solid #898989; height:4px;}#l_itar4vxt3fdmc9y7eupm.sc_line ,#l_itar4vxt3fdmc9y7eupm .sc_line{margin-left:auto!important; margin-right:auto!important;}#l_itar4vxt3fdmc9y7eupm {margin:0px 0 20px 0; padding:0;}<\/style><div class=\"clearfix\"><\/div><div id=\"l_itar4vxt3fdmc9y7eupm\"  class=\"sc_line rd_line_double\" ><\/div>[\/vc_column][vc_column width=\u00bb1\/2&#8243;][\/vc_column][\/vc_row]<\/p>\n","protected":false},"excerpt":{"rendered":"<p>[vc_row][vc_column][vc_custom_heading source=\u00bbpost_title\u00bb font_container=\u00bbtag:h2|text_align:center\u00bb use_theme_fonts=\u00bbyes\u00bb][vc_column_text]Nuestros mercados de actuaci\u00f3n incluyen la industria alimentar (divisi\u00f3n Baking Systems), autom\u00f3vil, bienes de consumo, corcho, qu\u00edmica &#8211; farmac\u00e9utica, mar\u00edtima, textil, aeron\u00e1utica y aeroespacial, donde Flupol es un proveedor de piezas recubiertas, o de recubrimiento para vol\u00famenes que van desde piezas \u00fanicas a la producci\u00f3n en masa. FLUPOL ofrece una amplia gama<br \/><a href=\"https:\/\/flupol.pt\/es\/surface-engineering\/\" class=\"more\">Read more<\/a><\/p>\n","protected":false},"author":1,"featured_media":0,"parent":0,"menu_order":0,"comment_status":"closed","ping_status":"open","template":"","meta":{"_joinchat":[]},"yoast_head":"<!-- This site is optimized with the Yoast SEO plugin v18.8 - https:\/\/yoast.com\/wordpress\/plugins\/seo\/ -->\n<title>SURFACE ENGINEERING - Flupol<\/title>\n<meta name=\"robots\" content=\"index, follow, max-snippet:-1, max-image-preview:large, max-video-preview:-1\" \/>\n<link rel=\"canonical\" href=\"https:\/\/flupol.pt\/es\/surface-engineering\/\" \/>\n<meta property=\"og:locale\" content=\"es_ES\" \/>\n<meta property=\"og:type\" content=\"article\" \/>\n<meta property=\"og:title\" content=\"SURFACE ENGINEERING - Flupol\" \/>\n<meta property=\"og:description\" content=\"[vc_row][vc_column][vc_custom_heading source=\u00bbpost_title\u00bb font_container=\u00bbtag:h2|text_align:center\u00bb use_theme_fonts=\u00bbyes\u00bb][vc_column_text]Nuestros mercados de actuaci\u00f3n incluyen la industria alimentar (divisi\u00f3n Baking Systems), autom\u00f3vil, bienes de consumo, corcho, qu\u00edmica &#8211; farmac\u00e9utica, mar\u00edtima, textil, aeron\u00e1utica y aeroespacial, donde Flupol es un proveedor de piezas recubiertas, o de recubrimiento para vol\u00famenes que van desde piezas \u00fanicas a la producci\u00f3n en masa. FLUPOL ofrece una amplia gamaRead more\" \/>\n<meta property=\"og:url\" content=\"https:\/\/flupol.pt\/es\/surface-engineering\/\" \/>\n<meta property=\"og:site_name\" content=\"Flupol\" \/>\n<meta property=\"article:modified_time\" content=\"2017-07-19T15:27:37+00:00\" \/>\n<meta name=\"twitter:card\" content=\"summary\" \/>\n<meta name=\"twitter:label1\" content=\"Tiempo de lectura\" \/>\n\t<meta name=\"twitter:data1\" content=\"3 minutos\" \/>\n<script type=\"application\/ld+json\" class=\"yoast-schema-graph\">{\"@context\":\"https:\/\/schema.org\",\"@graph\":[{\"@type\":\"WebSite\",\"@id\":\"https:\/\/flupol.pt\/#website\",\"url\":\"https:\/\/flupol.pt\/\",\"name\":\"Flupol\",\"description\":\"Surface Engineering\",\"potentialAction\":[{\"@type\":\"SearchAction\",\"target\":{\"@type\":\"EntryPoint\",\"urlTemplate\":\"https:\/\/flupol.pt\/?s={search_term_string}\"},\"query-input\":\"required name=search_term_string\"}],\"inLanguage\":\"es\"},{\"@type\":\"WebPage\",\"@id\":\"https:\/\/flupol.pt\/es\/surface-engineering\/#webpage\",\"url\":\"https:\/\/flupol.pt\/es\/surface-engineering\/\",\"name\":\"SURFACE ENGINEERING - Flupol\",\"isPartOf\":{\"@id\":\"https:\/\/flupol.pt\/#website\"},\"datePublished\":\"2015-08-01T11:16:12+00:00\",\"dateModified\":\"2017-07-19T15:27:37+00:00\",\"breadcrumb\":{\"@id\":\"https:\/\/flupol.pt\/es\/surface-engineering\/#breadcrumb\"},\"inLanguage\":\"es\",\"potentialAction\":[{\"@type\":\"ReadAction\",\"target\":[\"https:\/\/flupol.pt\/es\/surface-engineering\/\"]}]},{\"@type\":\"BreadcrumbList\",\"@id\":\"https:\/\/flupol.pt\/es\/surface-engineering\/#breadcrumb\",\"itemListElement\":[{\"@type\":\"ListItem\",\"position\":1,\"name\":\"In\u00edcio\",\"item\":\"https:\/\/flupol.pt\/es\/\"},{\"@type\":\"ListItem\",\"position\":2,\"name\":\"SURFACE ENGINEERING\"}]}]}<\/script>\n<!-- \/ Yoast SEO plugin. -->","yoast_head_json":{"title":"SURFACE ENGINEERING - Flupol","robots":{"index":"index","follow":"follow","max-snippet":"max-snippet:-1","max-image-preview":"max-image-preview:large","max-video-preview":"max-video-preview:-1"},"canonical":"https:\/\/flupol.pt\/es\/surface-engineering\/","og_locale":"es_ES","og_type":"article","og_title":"SURFACE ENGINEERING - Flupol","og_description":"[vc_row][vc_column][vc_custom_heading source=\u00bbpost_title\u00bb font_container=\u00bbtag:h2|text_align:center\u00bb use_theme_fonts=\u00bbyes\u00bb][vc_column_text]Nuestros mercados de actuaci\u00f3n incluyen la industria alimentar (divisi\u00f3n Baking Systems), autom\u00f3vil, bienes de consumo, corcho, qu\u00edmica &#8211; farmac\u00e9utica, mar\u00edtima, textil, aeron\u00e1utica y aeroespacial, donde Flupol es un proveedor de piezas recubiertas, o de recubrimiento para vol\u00famenes que van desde piezas \u00fanicas a la producci\u00f3n en masa. FLUPOL ofrece una amplia gamaRead more","og_url":"https:\/\/flupol.pt\/es\/surface-engineering\/","og_site_name":"Flupol","article_modified_time":"2017-07-19T15:27:37+00:00","twitter_card":"summary","twitter_misc":{"Tiempo de lectura":"3 minutos"},"schema":{"@context":"https:\/\/schema.org","@graph":[{"@type":"WebSite","@id":"https:\/\/flupol.pt\/#website","url":"https:\/\/flupol.pt\/","name":"Flupol","description":"Surface Engineering","potentialAction":[{"@type":"SearchAction","target":{"@type":"EntryPoint","urlTemplate":"https:\/\/flupol.pt\/?s={search_term_string}"},"query-input":"required name=search_term_string"}],"inLanguage":"es"},{"@type":"WebPage","@id":"https:\/\/flupol.pt\/es\/surface-engineering\/#webpage","url":"https:\/\/flupol.pt\/es\/surface-engineering\/","name":"SURFACE ENGINEERING - Flupol","isPartOf":{"@id":"https:\/\/flupol.pt\/#website"},"datePublished":"2015-08-01T11:16:12+00:00","dateModified":"2017-07-19T15:27:37+00:00","breadcrumb":{"@id":"https:\/\/flupol.pt\/es\/surface-engineering\/#breadcrumb"},"inLanguage":"es","potentialAction":[{"@type":"ReadAction","target":["https:\/\/flupol.pt\/es\/surface-engineering\/"]}]},{"@type":"BreadcrumbList","@id":"https:\/\/flupol.pt\/es\/surface-engineering\/#breadcrumb","itemListElement":[{"@type":"ListItem","position":1,"name":"In\u00edcio","item":"https:\/\/flupol.pt\/es\/"},{"@type":"ListItem","position":2,"name":"SURFACE ENGINEERING"}]}]}},"_links":{"self":[{"href":"https:\/\/flupol.pt\/es\/wp-json\/wp\/v2\/pages\/5239"}],"collection":[{"href":"https:\/\/flupol.pt\/es\/wp-json\/wp\/v2\/pages"}],"about":[{"href":"https:\/\/flupol.pt\/es\/wp-json\/wp\/v2\/types\/page"}],"author":[{"embeddable":true,"href":"https:\/\/flupol.pt\/es\/wp-json\/wp\/v2\/users\/1"}],"replies":[{"embeddable":true,"href":"https:\/\/flupol.pt\/es\/wp-json\/wp\/v2\/comments?post=5239"}],"version-history":[{"count":4,"href":"https:\/\/flupol.pt\/es\/wp-json\/wp\/v2\/pages\/5239\/revisions"}],"predecessor-version":[{"id":5512,"href":"https:\/\/flupol.pt\/es\/wp-json\/wp\/v2\/pages\/5239\/revisions\/5512"}],"wp:attachment":[{"href":"https:\/\/flupol.pt\/es\/wp-json\/wp\/v2\/media?parent=5239"}],"curies":[{"name":"wp","href":"https:\/\/api.w.org\/{rel}","templated":true}]}}