
{"id":5204,"date":"2015-09-09T11:11:28","date_gmt":"2015-09-09T11:11:28","guid":{"rendered":"https:\/\/flupol.pt\/institucional\/meios-de-producao\/"},"modified":"2017-07-17T15:06:40","modified_gmt":"2017-07-17T15:06:40","slug":"medios-de-produccion","status":"publish","type":"page","link":"https:\/\/flupol.pt\/es\/institucional\/medios-de-produccion\/","title":{"rendered":"MEDIOS DE PRODUCCI\u00d3N"},"content":{"rendered":"<p>[vc_row row_padding_top=\u00bb20&#8243; row_padding_bottom=\u00bb50&#8243; row_margin_top=\u00bb50&#8243;][vc_column width=\u00bb2\/3&#8243;][vc_custom_heading text=\u00bbMedios de producci\u00f3n\u00bb use_theme_fonts=\u00bbyes\u00bb]<style type=\"text\/css\" >#l_ims7ccuku5p01kf68n1u.sc_line ,#l_ims7ccuku5p01kf68n1u .sc_line {border-top:1px solid ; border-bottom:1px solid ; height:4px;}#l_ims7ccuku5p01kf68n1u {margin:0px 0 5px 0; padding:0;}<\/style><div class=\"clearfix\"><\/div><div id=\"l_ims7ccuku5p01kf68n1u\"  class=\"sc_line rd_line_double\" ><\/div>[vc_empty_space][vc_column_text]<strong>Preparaci\u00f3n de superficie<\/strong><\/p>\n<ul>\n<li>Pirolisis;<\/li>\n<li>Desengrasado de vapor;<\/li>\n<li>Chorreado con abrasivo:\n<ul>\n<li>Robotizada;<\/li>\n<li>Autom\u00e1tica;<\/li>\n<li>Manual.<\/li>\n<\/ul>\n<\/li>\n<\/ul>\n<p><strong>Recubrimiento<\/strong><\/p>\n<ul>\n<li>5 L\u00edneas de recubrimientos continuas;<\/li>\n<li>4 Hornos est\u00e1ticos para piezas de hasta 5 m \u00d7 2,5 m \u00d7 2,5 m;<\/li>\n<li>Aplicaci\u00f3n robotizada, autom\u00e1tica y manual de recubrimientos l\u00edquidos o en polvo, por t\u00e9cnicas convencionales y electroest\u00e1ticas.<\/li>\n<\/ul>\n<p>[\/vc_column_text][\/vc_column][vc_column width=\u00bb1\/3&#8243;][vc_widget_sidebar sidebar_id=\u00bbthefox_mc_sidebar\u00bb title=\u00bbINSTITUCIONAL\u00bb][vc_empty_space height=\u00bb20px\u00bb][\/vc_column][\/vc_row]<\/p>\n","protected":false},"excerpt":{"rendered":"<p>[vc_row row_padding_top=\u00bb20&#8243; row_padding_bottom=\u00bb50&#8243; row_margin_top=\u00bb50&#8243;][vc_column width=\u00bb2\/3&#8243;][vc_custom_heading text=\u00bbMedios de producci\u00f3n\u00bb use_theme_fonts=\u00bbyes\u00bb][vc_empty_space][vc_column_text]Preparaci\u00f3n de superficie Pirolisis; Desengrasado de vapor; Chorreado con abrasivo: Robotizada; Autom\u00e1tica; Manual. Recubrimiento 5 L\u00edneas de recubrimientos continuas; 4 Hornos est\u00e1ticos para piezas de hasta 5 m \u00d7 2,5 m \u00d7 2,5 m; Aplicaci\u00f3n robotizada, autom\u00e1tica y manual de recubrimientos l\u00edquidos o en polvo, por t\u00e9cnicas<br \/><a href=\"https:\/\/flupol.pt\/es\/institucional\/medios-de-produccion\/\" class=\"more\">Read more<\/a><\/p>\n","protected":false},"author":1,"featured_media":0,"parent":5187,"menu_order":0,"comment_status":"closed","ping_status":"closed","template":"","meta":{"_joinchat":[]},"yoast_head":"<!-- This site is optimized with the Yoast SEO plugin v18.8 - https:\/\/yoast.com\/wordpress\/plugins\/seo\/ -->\n<title>MEDIOS DE PRODUCCI\u00d3N - Flupol<\/title>\n<meta name=\"robots\" content=\"index, follow, max-snippet:-1, max-image-preview:large, max-video-preview:-1\" \/>\n<link rel=\"canonical\" href=\"https:\/\/flupol.pt\/es\/institucional\/medios-de-produccion\/\" \/>\n<meta property=\"og:locale\" content=\"es_ES\" \/>\n<meta property=\"og:type\" content=\"article\" \/>\n<meta property=\"og:title\" content=\"MEDIOS DE PRODUCCI\u00d3N - Flupol\" \/>\n<meta property=\"og:description\" content=\"[vc_row row_padding_top=\u00bb20&#8243; row_padding_bottom=\u00bb50&#8243; row_margin_top=\u00bb50&#8243;][vc_column width=\u00bb2\/3&#8243;][vc_custom_heading text=\u00bbMedios de producci\u00f3n\u00bb use_theme_fonts=\u00bbyes\u00bb][vc_empty_space][vc_column_text]Preparaci\u00f3n de superficie Pirolisis; Desengrasado de vapor; Chorreado con abrasivo: Robotizada; Autom\u00e1tica; Manual. Recubrimiento 5 L\u00edneas de recubrimientos continuas; 4 Hornos est\u00e1ticos para piezas de hasta 5 m \u00d7 2,5 m \u00d7 2,5 m; Aplicaci\u00f3n robotizada, autom\u00e1tica y manual de recubrimientos l\u00edquidos o en polvo, por t\u00e9cnicasRead more\" \/>\n<meta property=\"og:url\" content=\"https:\/\/flupol.pt\/es\/institucional\/medios-de-produccion\/\" \/>\n<meta property=\"og:site_name\" content=\"Flupol\" \/>\n<meta property=\"article:modified_time\" content=\"2017-07-17T15:06:40+00:00\" \/>\n<meta name=\"twitter:card\" content=\"summary\" \/>\n<meta name=\"twitter:label1\" content=\"Tiempo de lectura\" \/>\n\t<meta name=\"twitter:data1\" content=\"1 minuto\" \/>\n<script type=\"application\/ld+json\" class=\"yoast-schema-graph\">{\"@context\":\"https:\/\/schema.org\",\"@graph\":[{\"@type\":\"WebSite\",\"@id\":\"https:\/\/flupol.pt\/#website\",\"url\":\"https:\/\/flupol.pt\/\",\"name\":\"Flupol\",\"description\":\"Surface Engineering\",\"potentialAction\":[{\"@type\":\"SearchAction\",\"target\":{\"@type\":\"EntryPoint\",\"urlTemplate\":\"https:\/\/flupol.pt\/?s={search_term_string}\"},\"query-input\":\"required name=search_term_string\"}],\"inLanguage\":\"es\"},{\"@type\":\"WebPage\",\"@id\":\"https:\/\/flupol.pt\/es\/institucional\/medios-de-produccion\/#webpage\",\"url\":\"https:\/\/flupol.pt\/es\/institucional\/medios-de-produccion\/\",\"name\":\"MEDIOS DE PRODUCCI\u00d3N - Flupol\",\"isPartOf\":{\"@id\":\"https:\/\/flupol.pt\/#website\"},\"datePublished\":\"2015-09-09T11:11:28+00:00\",\"dateModified\":\"2017-07-17T15:06:40+00:00\",\"breadcrumb\":{\"@id\":\"https:\/\/flupol.pt\/es\/institucional\/medios-de-produccion\/#breadcrumb\"},\"inLanguage\":\"es\",\"potentialAction\":[{\"@type\":\"ReadAction\",\"target\":[\"https:\/\/flupol.pt\/es\/institucional\/medios-de-produccion\/\"]}]},{\"@type\":\"BreadcrumbList\",\"@id\":\"https:\/\/flupol.pt\/es\/institucional\/medios-de-produccion\/#breadcrumb\",\"itemListElement\":[{\"@type\":\"ListItem\",\"position\":1,\"name\":\"In\u00edcio\",\"item\":\"https:\/\/flupol.pt\/es\/\"},{\"@type\":\"ListItem\",\"position\":2,\"name\":\"INSTITUCIONAL\",\"item\":\"https:\/\/flupol.pt\/es\/institucional\/\"},{\"@type\":\"ListItem\",\"position\":3,\"name\":\"MEDIOS DE PRODUCCI\u00d3N\"}]}]}<\/script>\n<!-- \/ Yoast SEO plugin. -->","yoast_head_json":{"title":"MEDIOS DE PRODUCCI\u00d3N - Flupol","robots":{"index":"index","follow":"follow","max-snippet":"max-snippet:-1","max-image-preview":"max-image-preview:large","max-video-preview":"max-video-preview:-1"},"canonical":"https:\/\/flupol.pt\/es\/institucional\/medios-de-produccion\/","og_locale":"es_ES","og_type":"article","og_title":"MEDIOS DE PRODUCCI\u00d3N - Flupol","og_description":"[vc_row row_padding_top=\u00bb20&#8243; row_padding_bottom=\u00bb50&#8243; row_margin_top=\u00bb50&#8243;][vc_column width=\u00bb2\/3&#8243;][vc_custom_heading text=\u00bbMedios de producci\u00f3n\u00bb use_theme_fonts=\u00bbyes\u00bb][vc_empty_space][vc_column_text]Preparaci\u00f3n de superficie Pirolisis; Desengrasado de vapor; Chorreado con abrasivo: Robotizada; Autom\u00e1tica; Manual. Recubrimiento 5 L\u00edneas de recubrimientos continuas; 4 Hornos est\u00e1ticos para piezas de hasta 5 m \u00d7 2,5 m \u00d7 2,5 m; Aplicaci\u00f3n robotizada, autom\u00e1tica y manual de recubrimientos l\u00edquidos o en polvo, por t\u00e9cnicasRead more","og_url":"https:\/\/flupol.pt\/es\/institucional\/medios-de-produccion\/","og_site_name":"Flupol","article_modified_time":"2017-07-17T15:06:40+00:00","twitter_card":"summary","twitter_misc":{"Tiempo de lectura":"1 minuto"},"schema":{"@context":"https:\/\/schema.org","@graph":[{"@type":"WebSite","@id":"https:\/\/flupol.pt\/#website","url":"https:\/\/flupol.pt\/","name":"Flupol","description":"Surface Engineering","potentialAction":[{"@type":"SearchAction","target":{"@type":"EntryPoint","urlTemplate":"https:\/\/flupol.pt\/?s={search_term_string}"},"query-input":"required name=search_term_string"}],"inLanguage":"es"},{"@type":"WebPage","@id":"https:\/\/flupol.pt\/es\/institucional\/medios-de-produccion\/#webpage","url":"https:\/\/flupol.pt\/es\/institucional\/medios-de-produccion\/","name":"MEDIOS DE PRODUCCI\u00d3N - Flupol","isPartOf":{"@id":"https:\/\/flupol.pt\/#website"},"datePublished":"2015-09-09T11:11:28+00:00","dateModified":"2017-07-17T15:06:40+00:00","breadcrumb":{"@id":"https:\/\/flupol.pt\/es\/institucional\/medios-de-produccion\/#breadcrumb"},"inLanguage":"es","potentialAction":[{"@type":"ReadAction","target":["https:\/\/flupol.pt\/es\/institucional\/medios-de-produccion\/"]}]},{"@type":"BreadcrumbList","@id":"https:\/\/flupol.pt\/es\/institucional\/medios-de-produccion\/#breadcrumb","itemListElement":[{"@type":"ListItem","position":1,"name":"In\u00edcio","item":"https:\/\/flupol.pt\/es\/"},{"@type":"ListItem","position":2,"name":"INSTITUCIONAL","item":"https:\/\/flupol.pt\/es\/institucional\/"},{"@type":"ListItem","position":3,"name":"MEDIOS DE PRODUCCI\u00d3N"}]}]}},"_links":{"self":[{"href":"https:\/\/flupol.pt\/es\/wp-json\/wp\/v2\/pages\/5204"}],"collection":[{"href":"https:\/\/flupol.pt\/es\/wp-json\/wp\/v2\/pages"}],"about":[{"href":"https:\/\/flupol.pt\/es\/wp-json\/wp\/v2\/types\/page"}],"author":[{"embeddable":true,"href":"https:\/\/flupol.pt\/es\/wp-json\/wp\/v2\/users\/1"}],"replies":[{"embeddable":true,"href":"https:\/\/flupol.pt\/es\/wp-json\/wp\/v2\/comments?post=5204"}],"version-history":[{"count":2,"href":"https:\/\/flupol.pt\/es\/wp-json\/wp\/v2\/pages\/5204\/revisions"}],"predecessor-version":[{"id":5206,"href":"https:\/\/flupol.pt\/es\/wp-json\/wp\/v2\/pages\/5204\/revisions\/5206"}],"up":[{"embeddable":true,"href":"https:\/\/flupol.pt\/es\/wp-json\/wp\/v2\/pages\/5187"}],"wp:attachment":[{"href":"https:\/\/flupol.pt\/es\/wp-json\/wp\/v2\/media?parent=5204"}],"curies":[{"name":"wp","href":"https:\/\/api.w.org\/{rel}","templated":true}]}}