
{"id":5199,"date":"2015-09-09T11:28:44","date_gmt":"2015-09-09T11:28:44","guid":{"rendered":"https:\/\/flupol.pt\/institucional\/one2one\/"},"modified":"2017-07-17T14:51:25","modified_gmt":"2017-07-17T14:51:25","slug":"one2one","status":"publish","type":"page","link":"https:\/\/flupol.pt\/es\/institucional\/one2one\/","title":{"rendered":"ONE2ONE"},"content":{"rendered":"<p>[vc_row row_padding_top=\u00bb20&#8243; row_padding_bottom=\u00bb50&#8243; row_margin_top=\u00bb50&#8243;][vc_column width=\u00bb2\/3&#8243;][vc_custom_heading text=\u00bbFlupol &#8211; ONE2ONE\u00bb use_theme_fonts=\u00bbyes\u00bb]<style type=\"text\/css\" >#l_bc9qb96t0zb4phlsns30.sc_line ,#l_bc9qb96t0zb4phlsns30 .sc_line {border-top:1px solid ; border-bottom:1px solid ; height:4px;}#l_bc9qb96t0zb4phlsns30 {margin:0px 0 5px 0; padding:0;}<\/style><div class=\"clearfix\"><\/div><div id=\"l_bc9qb96t0zb4phlsns30\"  class=\"sc_line rd_line_double\" ><\/div>[vc_empty_space][vc_column_text]<img loading=\"lazy\" class=\"alignleft size-medium wp-image-2810\" src=\"https:\/\/flupol.pt\/wp-content\/uploads\/2015\/09\/one2one-serv1-300x176.jpg\" alt=\"one2one-serv1\" width=\"300\" height=\"176\" srcset=\"https:\/\/flupol.pt\/wp-content\/uploads\/2015\/09\/one2one-serv1-300x176.jpg 300w, https:\/\/flupol.pt\/wp-content\/uploads\/2015\/09\/one2one-serv1.jpg 342w\" sizes=\"(max-width: 300px) 100vw, 300px\" \/><\/p>\n<p>FLUPOL se identifica como una empresa totalmente orientada al cliente, que se dedica al desarrollo de <strong>SOLUCIONES<\/strong> espec\u00edficas para <strong>PROBLEMAS<\/strong> espec\u00edficos relativos al proceso de producci\u00f3n y al desarrollo de productos para cada cliente, recurriendo al <strong>DI\u00c1LOGO<\/strong> con el prop\u00f3sito de dar origen a <strong>SINERGIAS<\/strong> a trav\u00e9s de la uni\u00f3n del conocimiento.<\/p>\n<p>Nuestro concepto de <strong>SOLUCI\u00d3N<\/strong> no se limita a la resoluci\u00f3n de un problema aislado, optando por un enfoque m\u00e1s amplio con el objetivo de encontrar soluciones integradas que permitan a nuestro cliente mejorar el proceso, reducir costes, garantizar su sostenibilidad y reducir el impacto Medioambiental, lo que a su vez se traduce en un aumento del valor a\u00f1adido, una mejora de la competitividad y un aumento de la diferenciaci\u00f3n de los productos.[\/vc_column_text][\/vc_column][vc_column width=\u00bb1\/3&#8243;][vc_widget_sidebar sidebar_id=\u00bbthefox_mc_sidebar\u00bb title=\u00bbINSTITUCIONAL\u00bb][vc_empty_space height=\u00bb20px\u00bb][\/vc_column][\/vc_row]<\/p>\n","protected":false},"excerpt":{"rendered":"<p>[vc_row row_padding_top=\u00bb20&#8243; row_padding_bottom=\u00bb50&#8243; row_margin_top=\u00bb50&#8243;][vc_column width=\u00bb2\/3&#8243;][vc_custom_heading text=\u00bbFlupol &#8211; ONE2ONE\u00bb use_theme_fonts=\u00bbyes\u00bb][vc_empty_space][vc_column_text] FLUPOL se identifica como una empresa totalmente orientada al cliente, que se dedica al desarrollo de SOLUCIONES espec\u00edficas para PROBLEMAS espec\u00edficos relativos al proceso de producci\u00f3n y al desarrollo de productos para cada cliente, recurriendo al DI\u00c1LOGO con el prop\u00f3sito de dar origen a SINERGIAS a<br \/><a href=\"https:\/\/flupol.pt\/es\/institucional\/one2one\/\" class=\"more\">Read more<\/a><\/p>\n","protected":false},"author":1,"featured_media":0,"parent":5187,"menu_order":0,"comment_status":"closed","ping_status":"closed","template":"","meta":{"_joinchat":[]},"yoast_head":"<!-- This site is optimized with the Yoast SEO plugin v18.8 - https:\/\/yoast.com\/wordpress\/plugins\/seo\/ -->\n<title>ONE2ONE - Flupol<\/title>\n<meta name=\"robots\" content=\"index, follow, max-snippet:-1, max-image-preview:large, max-video-preview:-1\" \/>\n<link rel=\"canonical\" href=\"https:\/\/flupol.pt\/es\/institucional\/one2one\/\" \/>\n<meta property=\"og:locale\" content=\"es_ES\" \/>\n<meta property=\"og:type\" content=\"article\" \/>\n<meta property=\"og:title\" content=\"ONE2ONE - Flupol\" \/>\n<meta property=\"og:description\" content=\"[vc_row row_padding_top=\u00bb20&#8243; row_padding_bottom=\u00bb50&#8243; row_margin_top=\u00bb50&#8243;][vc_column width=\u00bb2\/3&#8243;][vc_custom_heading text=\u00bbFlupol &#8211; ONE2ONE\u00bb use_theme_fonts=\u00bbyes\u00bb][vc_empty_space][vc_column_text] FLUPOL se identifica como una empresa totalmente orientada al cliente, que se dedica al desarrollo de SOLUCIONES espec\u00edficas para PROBLEMAS espec\u00edficos relativos al proceso de producci\u00f3n y al desarrollo de productos para cada cliente, recurriendo al DI\u00c1LOGO con el prop\u00f3sito de dar origen a SINERGIAS aRead more\" \/>\n<meta property=\"og:url\" content=\"https:\/\/flupol.pt\/es\/institucional\/one2one\/\" \/>\n<meta property=\"og:site_name\" content=\"Flupol\" \/>\n<meta property=\"article:modified_time\" content=\"2017-07-17T14:51:25+00:00\" \/>\n<meta property=\"og:image\" content=\"https:\/\/flupol.pt\/wp-content\/uploads\/2015\/09\/one2one-serv1-300x176.jpg\" \/>\n<meta name=\"twitter:card\" content=\"summary\" \/>\n<meta name=\"twitter:label1\" content=\"Tiempo de lectura\" \/>\n\t<meta name=\"twitter:data1\" content=\"1 minuto\" \/>\n<script type=\"application\/ld+json\" class=\"yoast-schema-graph\">{\"@context\":\"https:\/\/schema.org\",\"@graph\":[{\"@type\":\"WebSite\",\"@id\":\"https:\/\/flupol.pt\/#website\",\"url\":\"https:\/\/flupol.pt\/\",\"name\":\"Flupol\",\"description\":\"Surface Engineering\",\"potentialAction\":[{\"@type\":\"SearchAction\",\"target\":{\"@type\":\"EntryPoint\",\"urlTemplate\":\"https:\/\/flupol.pt\/?s={search_term_string}\"},\"query-input\":\"required name=search_term_string\"}],\"inLanguage\":\"es\"},{\"@type\":\"ImageObject\",\"inLanguage\":\"es\",\"@id\":\"https:\/\/flupol.pt\/es\/institucional\/one2one\/#primaryimage\",\"url\":\"https:\/\/flupol.pt\/wp-content\/uploads\/2015\/09\/one2one-serv1.jpg\",\"contentUrl\":\"https:\/\/flupol.pt\/wp-content\/uploads\/2015\/09\/one2one-serv1.jpg\",\"width\":342,\"height\":201},{\"@type\":\"WebPage\",\"@id\":\"https:\/\/flupol.pt\/es\/institucional\/one2one\/#webpage\",\"url\":\"https:\/\/flupol.pt\/es\/institucional\/one2one\/\",\"name\":\"ONE2ONE - Flupol\",\"isPartOf\":{\"@id\":\"https:\/\/flupol.pt\/#website\"},\"primaryImageOfPage\":{\"@id\":\"https:\/\/flupol.pt\/es\/institucional\/one2one\/#primaryimage\"},\"datePublished\":\"2015-09-09T11:28:44+00:00\",\"dateModified\":\"2017-07-17T14:51:25+00:00\",\"breadcrumb\":{\"@id\":\"https:\/\/flupol.pt\/es\/institucional\/one2one\/#breadcrumb\"},\"inLanguage\":\"es\",\"potentialAction\":[{\"@type\":\"ReadAction\",\"target\":[\"https:\/\/flupol.pt\/es\/institucional\/one2one\/\"]}]},{\"@type\":\"BreadcrumbList\",\"@id\":\"https:\/\/flupol.pt\/es\/institucional\/one2one\/#breadcrumb\",\"itemListElement\":[{\"@type\":\"ListItem\",\"position\":1,\"name\":\"In\u00edcio\",\"item\":\"https:\/\/flupol.pt\/es\/\"},{\"@type\":\"ListItem\",\"position\":2,\"name\":\"INSTITUCIONAL\",\"item\":\"https:\/\/flupol.pt\/es\/institucional\/\"},{\"@type\":\"ListItem\",\"position\":3,\"name\":\"ONE2ONE\"}]}]}<\/script>\n<!-- \/ Yoast SEO plugin. -->","yoast_head_json":{"title":"ONE2ONE - Flupol","robots":{"index":"index","follow":"follow","max-snippet":"max-snippet:-1","max-image-preview":"max-image-preview:large","max-video-preview":"max-video-preview:-1"},"canonical":"https:\/\/flupol.pt\/es\/institucional\/one2one\/","og_locale":"es_ES","og_type":"article","og_title":"ONE2ONE - Flupol","og_description":"[vc_row row_padding_top=\u00bb20&#8243; row_padding_bottom=\u00bb50&#8243; row_margin_top=\u00bb50&#8243;][vc_column width=\u00bb2\/3&#8243;][vc_custom_heading text=\u00bbFlupol &#8211; ONE2ONE\u00bb use_theme_fonts=\u00bbyes\u00bb][vc_empty_space][vc_column_text] FLUPOL se identifica como una empresa totalmente orientada al cliente, que se dedica al desarrollo de SOLUCIONES espec\u00edficas para PROBLEMAS espec\u00edficos relativos al proceso de producci\u00f3n y al desarrollo de productos para cada cliente, recurriendo al DI\u00c1LOGO con el prop\u00f3sito de dar origen a SINERGIAS aRead more","og_url":"https:\/\/flupol.pt\/es\/institucional\/one2one\/","og_site_name":"Flupol","article_modified_time":"2017-07-17T14:51:25+00:00","og_image":[{"url":"https:\/\/flupol.pt\/wp-content\/uploads\/2015\/09\/one2one-serv1-300x176.jpg"}],"twitter_card":"summary","twitter_misc":{"Tiempo de lectura":"1 minuto"},"schema":{"@context":"https:\/\/schema.org","@graph":[{"@type":"WebSite","@id":"https:\/\/flupol.pt\/#website","url":"https:\/\/flupol.pt\/","name":"Flupol","description":"Surface Engineering","potentialAction":[{"@type":"SearchAction","target":{"@type":"EntryPoint","urlTemplate":"https:\/\/flupol.pt\/?s={search_term_string}"},"query-input":"required name=search_term_string"}],"inLanguage":"es"},{"@type":"ImageObject","inLanguage":"es","@id":"https:\/\/flupol.pt\/es\/institucional\/one2one\/#primaryimage","url":"https:\/\/flupol.pt\/wp-content\/uploads\/2015\/09\/one2one-serv1.jpg","contentUrl":"https:\/\/flupol.pt\/wp-content\/uploads\/2015\/09\/one2one-serv1.jpg","width":342,"height":201},{"@type":"WebPage","@id":"https:\/\/flupol.pt\/es\/institucional\/one2one\/#webpage","url":"https:\/\/flupol.pt\/es\/institucional\/one2one\/","name":"ONE2ONE - Flupol","isPartOf":{"@id":"https:\/\/flupol.pt\/#website"},"primaryImageOfPage":{"@id":"https:\/\/flupol.pt\/es\/institucional\/one2one\/#primaryimage"},"datePublished":"2015-09-09T11:28:44+00:00","dateModified":"2017-07-17T14:51:25+00:00","breadcrumb":{"@id":"https:\/\/flupol.pt\/es\/institucional\/one2one\/#breadcrumb"},"inLanguage":"es","potentialAction":[{"@type":"ReadAction","target":["https:\/\/flupol.pt\/es\/institucional\/one2one\/"]}]},{"@type":"BreadcrumbList","@id":"https:\/\/flupol.pt\/es\/institucional\/one2one\/#breadcrumb","itemListElement":[{"@type":"ListItem","position":1,"name":"In\u00edcio","item":"https:\/\/flupol.pt\/es\/"},{"@type":"ListItem","position":2,"name":"INSTITUCIONAL","item":"https:\/\/flupol.pt\/es\/institucional\/"},{"@type":"ListItem","position":3,"name":"ONE2ONE"}]}]}},"_links":{"self":[{"href":"https:\/\/flupol.pt\/es\/wp-json\/wp\/v2\/pages\/5199"}],"collection":[{"href":"https:\/\/flupol.pt\/es\/wp-json\/wp\/v2\/pages"}],"about":[{"href":"https:\/\/flupol.pt\/es\/wp-json\/wp\/v2\/types\/page"}],"author":[{"embeddable":true,"href":"https:\/\/flupol.pt\/es\/wp-json\/wp\/v2\/users\/1"}],"replies":[{"embeddable":true,"href":"https:\/\/flupol.pt\/es\/wp-json\/wp\/v2\/comments?post=5199"}],"version-history":[{"count":2,"href":"https:\/\/flupol.pt\/es\/wp-json\/wp\/v2\/pages\/5199\/revisions"}],"predecessor-version":[{"id":5201,"href":"https:\/\/flupol.pt\/es\/wp-json\/wp\/v2\/pages\/5199\/revisions\/5201"}],"up":[{"embeddable":true,"href":"https:\/\/flupol.pt\/es\/wp-json\/wp\/v2\/pages\/5187"}],"wp:attachment":[{"href":"https:\/\/flupol.pt\/es\/wp-json\/wp\/v2\/media?parent=5199"}],"curies":[{"name":"wp","href":"https:\/\/api.w.org\/{rel}","templated":true}]}}