
{"id":5192,"date":"2015-09-09T10:29:12","date_gmt":"2015-09-09T10:29:12","guid":{"rendered":"https:\/\/flupol.pt\/institucional\/cultura-flupol\/"},"modified":"2017-07-17T14:31:36","modified_gmt":"2017-07-17T14:31:36","slug":"cultura-flupol","status":"publish","type":"page","link":"https:\/\/flupol.pt\/es\/institucional\/cultura-flupol\/","title":{"rendered":"CULTURA FLUPOL"},"content":{"rendered":"<p>[vc_row row_padding_top=\u00bb20&#8243; row_padding_bottom=\u00bb50&#8243; row_margin_top=\u00bb50&#8243;][vc_column width=\u00bb2\/3&#8243;][vc_custom_heading text=\u00bbCultura Flupol\u00bb use_theme_fonts=\u00bbyes\u00bb]<style type=\"text\/css\" >#l_ueo8viqcwgr6wez4mnkk.sc_line ,#l_ueo8viqcwgr6wez4mnkk .sc_line {border-top:1px solid ; border-bottom:1px solid ; height:4px;}#l_ueo8viqcwgr6wez4mnkk {margin:0px 0 5px 0; padding:0;}<\/style><div class=\"clearfix\"><\/div><div id=\"l_ueo8viqcwgr6wez4mnkk\"  class=\"sc_line rd_line_double\" ><\/div>[vc_empty_space][vc_column_text]FLUPOL es una empresa internacional: desde Macao hasta Santiago de Chile, marcamos presencia donde quiera que nuestro cliente est\u00e9.<\/p>\n<p><img loading=\"lazy\" class=\"alignleft wp-image-2517\" src=\"https:\/\/flupol.pt\/wp-content\/uploads\/2015\/09\/121S.jpg\" alt=\"121S\" width=\"150\" height=\"131\" \/><\/p>\n<p>121S es una de nuestras marcas registradas, que tambi\u00e9n representa nuestra filosof\u00eda: FLUPOL desarrolla soluciones espec\u00edficas para problemas espec\u00edficos al interactuar con el equipo de los clientes. Nuestra f\u00e1brica se ajusta a cada momento a los proyectos en los que estamos involucrados y est\u00e1 en constante evoluci\u00f3n.<\/p>\n<p>Al incluir en nuestro equipo competencias cient\u00edficas en ingenier\u00eda de producto y proceso, somos capaces de participar en el desarrollo de proyectos complejos desde su concepto, terminando como un proveedor de piezas acabadas. FLUPOL se presenta actualmente como un proveedor de Tier 1 a OEM&#8217;s globales del sector del autom\u00f3vil y de los aparatos electrodom\u00e9sticos<\/p>\n<p>FLUPOL tiene como objetivo convertirse en uno de los anillos de conexi\u00f3n fuertes de la cadena de suministro de nuestros clientes.<\/p>\n<p><strong><br \/>\nAspiramos a ser<br \/>\n<\/strong><\/p>\n<p><img loading=\"lazy\" class=\"alignnone wp-image-2750\" src=\"https:\/\/flupol.pt\/wp-content\/uploads\/2015\/07\/tier1-serv1-300x199.jpg\" alt=\"tier1-serv\" width=\"280\" height=\"186\" srcset=\"https:\/\/flupol.pt\/wp-content\/uploads\/2015\/07\/tier1-serv1-300x199.jpg 300w, https:\/\/flupol.pt\/wp-content\/uploads\/2015\/07\/tier1-serv1.jpg 850w\" sizes=\"(max-width: 280px) 100vw, 280px\" \/>[\/vc_column_text][\/vc_column][vc_column width=\u00bb1\/3&#8243;][vc_widget_sidebar sidebar_id=\u00bbthefox_mc_sidebar\u00bb title=\u00bbINSTITUCIONAL\u00bb][vc_empty_space height=\u00bb20px\u00bb][\/vc_column][\/vc_row]<\/p>\n","protected":false},"excerpt":{"rendered":"<p>[vc_row row_padding_top=\u00bb20&#8243; row_padding_bottom=\u00bb50&#8243; row_margin_top=\u00bb50&#8243;][vc_column width=\u00bb2\/3&#8243;][vc_custom_heading text=\u00bbCultura Flupol\u00bb use_theme_fonts=\u00bbyes\u00bb][vc_empty_space][vc_column_text]FLUPOL es una empresa internacional: desde Macao hasta Santiago de Chile, marcamos presencia donde quiera que nuestro cliente est\u00e9. 121S es una de nuestras marcas registradas, que tambi\u00e9n representa nuestra filosof\u00eda: FLUPOL desarrolla soluciones espec\u00edficas para problemas espec\u00edficos al interactuar con el equipo de los clientes. Nuestra f\u00e1brica<br \/><a href=\"https:\/\/flupol.pt\/es\/institucional\/cultura-flupol\/\" class=\"more\">Read more<\/a><\/p>\n","protected":false},"author":1,"featured_media":0,"parent":5187,"menu_order":0,"comment_status":"closed","ping_status":"closed","template":"","meta":{"_joinchat":[]},"yoast_head":"<!-- This site is optimized with the Yoast SEO plugin v18.8 - https:\/\/yoast.com\/wordpress\/plugins\/seo\/ -->\n<title>CULTURA FLUPOL - Flupol<\/title>\n<meta name=\"robots\" content=\"index, follow, max-snippet:-1, max-image-preview:large, max-video-preview:-1\" \/>\n<link rel=\"canonical\" href=\"https:\/\/flupol.pt\/es\/institucional\/cultura-flupol\/\" \/>\n<meta property=\"og:locale\" content=\"es_ES\" \/>\n<meta property=\"og:type\" content=\"article\" \/>\n<meta property=\"og:title\" content=\"CULTURA FLUPOL - Flupol\" \/>\n<meta property=\"og:description\" content=\"[vc_row row_padding_top=\u00bb20&#8243; row_padding_bottom=\u00bb50&#8243; row_margin_top=\u00bb50&#8243;][vc_column width=\u00bb2\/3&#8243;][vc_custom_heading text=\u00bbCultura Flupol\u00bb use_theme_fonts=\u00bbyes\u00bb][vc_empty_space][vc_column_text]FLUPOL es una empresa internacional: desde Macao hasta Santiago de Chile, marcamos presencia donde quiera que nuestro cliente est\u00e9. 121S es una de nuestras marcas registradas, que tambi\u00e9n representa nuestra filosof\u00eda: FLUPOL desarrolla soluciones espec\u00edficas para problemas espec\u00edficos al interactuar con el equipo de los clientes. Nuestra f\u00e1bricaRead more\" \/>\n<meta property=\"og:url\" content=\"https:\/\/flupol.pt\/es\/institucional\/cultura-flupol\/\" \/>\n<meta property=\"og:site_name\" content=\"Flupol\" \/>\n<meta property=\"article:modified_time\" content=\"2017-07-17T14:31:36+00:00\" \/>\n<meta property=\"og:image\" content=\"https:\/\/flupol.pt\/wp-content\/uploads\/2015\/09\/121S.jpg\" \/>\n<meta name=\"twitter:card\" content=\"summary\" \/>\n<meta name=\"twitter:label1\" content=\"Tiempo de lectura\" \/>\n\t<meta name=\"twitter:data1\" content=\"1 minuto\" \/>\n<script type=\"application\/ld+json\" class=\"yoast-schema-graph\">{\"@context\":\"https:\/\/schema.org\",\"@graph\":[{\"@type\":\"WebSite\",\"@id\":\"https:\/\/flupol.pt\/#website\",\"url\":\"https:\/\/flupol.pt\/\",\"name\":\"Flupol\",\"description\":\"Surface Engineering\",\"potentialAction\":[{\"@type\":\"SearchAction\",\"target\":{\"@type\":\"EntryPoint\",\"urlTemplate\":\"https:\/\/flupol.pt\/?s={search_term_string}\"},\"query-input\":\"required name=search_term_string\"}],\"inLanguage\":\"es\"},{\"@type\":\"ImageObject\",\"inLanguage\":\"es\",\"@id\":\"https:\/\/flupol.pt\/es\/institucional\/cultura-flupol\/#primaryimage\",\"url\":\"https:\/\/flupol.pt\/wp-content\/uploads\/2015\/09\/121S.jpg\",\"contentUrl\":\"https:\/\/flupol.pt\/wp-content\/uploads\/2015\/09\/121S.jpg\",\"width\":214,\"height\":187},{\"@type\":\"WebPage\",\"@id\":\"https:\/\/flupol.pt\/es\/institucional\/cultura-flupol\/#webpage\",\"url\":\"https:\/\/flupol.pt\/es\/institucional\/cultura-flupol\/\",\"name\":\"CULTURA FLUPOL - Flupol\",\"isPartOf\":{\"@id\":\"https:\/\/flupol.pt\/#website\"},\"primaryImageOfPage\":{\"@id\":\"https:\/\/flupol.pt\/es\/institucional\/cultura-flupol\/#primaryimage\"},\"datePublished\":\"2015-09-09T10:29:12+00:00\",\"dateModified\":\"2017-07-17T14:31:36+00:00\",\"breadcrumb\":{\"@id\":\"https:\/\/flupol.pt\/es\/institucional\/cultura-flupol\/#breadcrumb\"},\"inLanguage\":\"es\",\"potentialAction\":[{\"@type\":\"ReadAction\",\"target\":[\"https:\/\/flupol.pt\/es\/institucional\/cultura-flupol\/\"]}]},{\"@type\":\"BreadcrumbList\",\"@id\":\"https:\/\/flupol.pt\/es\/institucional\/cultura-flupol\/#breadcrumb\",\"itemListElement\":[{\"@type\":\"ListItem\",\"position\":1,\"name\":\"In\u00edcio\",\"item\":\"https:\/\/flupol.pt\/es\/\"},{\"@type\":\"ListItem\",\"position\":2,\"name\":\"INSTITUCIONAL\",\"item\":\"https:\/\/flupol.pt\/es\/institucional\/\"},{\"@type\":\"ListItem\",\"position\":3,\"name\":\"CULTURA FLUPOL\"}]}]}<\/script>\n<!-- \/ Yoast SEO plugin. -->","yoast_head_json":{"title":"CULTURA FLUPOL - Flupol","robots":{"index":"index","follow":"follow","max-snippet":"max-snippet:-1","max-image-preview":"max-image-preview:large","max-video-preview":"max-video-preview:-1"},"canonical":"https:\/\/flupol.pt\/es\/institucional\/cultura-flupol\/","og_locale":"es_ES","og_type":"article","og_title":"CULTURA FLUPOL - Flupol","og_description":"[vc_row row_padding_top=\u00bb20&#8243; row_padding_bottom=\u00bb50&#8243; row_margin_top=\u00bb50&#8243;][vc_column width=\u00bb2\/3&#8243;][vc_custom_heading text=\u00bbCultura Flupol\u00bb use_theme_fonts=\u00bbyes\u00bb][vc_empty_space][vc_column_text]FLUPOL es una empresa internacional: desde Macao hasta Santiago de Chile, marcamos presencia donde quiera que nuestro cliente est\u00e9. 121S es una de nuestras marcas registradas, que tambi\u00e9n representa nuestra filosof\u00eda: FLUPOL desarrolla soluciones espec\u00edficas para problemas espec\u00edficos al interactuar con el equipo de los clientes. Nuestra f\u00e1bricaRead more","og_url":"https:\/\/flupol.pt\/es\/institucional\/cultura-flupol\/","og_site_name":"Flupol","article_modified_time":"2017-07-17T14:31:36+00:00","og_image":[{"url":"https:\/\/flupol.pt\/wp-content\/uploads\/2015\/09\/121S.jpg"}],"twitter_card":"summary","twitter_misc":{"Tiempo de lectura":"1 minuto"},"schema":{"@context":"https:\/\/schema.org","@graph":[{"@type":"WebSite","@id":"https:\/\/flupol.pt\/#website","url":"https:\/\/flupol.pt\/","name":"Flupol","description":"Surface Engineering","potentialAction":[{"@type":"SearchAction","target":{"@type":"EntryPoint","urlTemplate":"https:\/\/flupol.pt\/?s={search_term_string}"},"query-input":"required name=search_term_string"}],"inLanguage":"es"},{"@type":"ImageObject","inLanguage":"es","@id":"https:\/\/flupol.pt\/es\/institucional\/cultura-flupol\/#primaryimage","url":"https:\/\/flupol.pt\/wp-content\/uploads\/2015\/09\/121S.jpg","contentUrl":"https:\/\/flupol.pt\/wp-content\/uploads\/2015\/09\/121S.jpg","width":214,"height":187},{"@type":"WebPage","@id":"https:\/\/flupol.pt\/es\/institucional\/cultura-flupol\/#webpage","url":"https:\/\/flupol.pt\/es\/institucional\/cultura-flupol\/","name":"CULTURA FLUPOL - Flupol","isPartOf":{"@id":"https:\/\/flupol.pt\/#website"},"primaryImageOfPage":{"@id":"https:\/\/flupol.pt\/es\/institucional\/cultura-flupol\/#primaryimage"},"datePublished":"2015-09-09T10:29:12+00:00","dateModified":"2017-07-17T14:31:36+00:00","breadcrumb":{"@id":"https:\/\/flupol.pt\/es\/institucional\/cultura-flupol\/#breadcrumb"},"inLanguage":"es","potentialAction":[{"@type":"ReadAction","target":["https:\/\/flupol.pt\/es\/institucional\/cultura-flupol\/"]}]},{"@type":"BreadcrumbList","@id":"https:\/\/flupol.pt\/es\/institucional\/cultura-flupol\/#breadcrumb","itemListElement":[{"@type":"ListItem","position":1,"name":"In\u00edcio","item":"https:\/\/flupol.pt\/es\/"},{"@type":"ListItem","position":2,"name":"INSTITUCIONAL","item":"https:\/\/flupol.pt\/es\/institucional\/"},{"@type":"ListItem","position":3,"name":"CULTURA FLUPOL"}]}]}},"_links":{"self":[{"href":"https:\/\/flupol.pt\/es\/wp-json\/wp\/v2\/pages\/5192"}],"collection":[{"href":"https:\/\/flupol.pt\/es\/wp-json\/wp\/v2\/pages"}],"about":[{"href":"https:\/\/flupol.pt\/es\/wp-json\/wp\/v2\/types\/page"}],"author":[{"embeddable":true,"href":"https:\/\/flupol.pt\/es\/wp-json\/wp\/v2\/users\/1"}],"replies":[{"embeddable":true,"href":"https:\/\/flupol.pt\/es\/wp-json\/wp\/v2\/comments?post=5192"}],"version-history":[{"count":2,"href":"https:\/\/flupol.pt\/es\/wp-json\/wp\/v2\/pages\/5192\/revisions"}],"predecessor-version":[{"id":5193,"href":"https:\/\/flupol.pt\/es\/wp-json\/wp\/v2\/pages\/5192\/revisions\/5193"}],"up":[{"embeddable":true,"href":"https:\/\/flupol.pt\/es\/wp-json\/wp\/v2\/pages\/5187"}],"wp:attachment":[{"href":"https:\/\/flupol.pt\/es\/wp-json\/wp\/v2\/media?parent=5192"}],"curies":[{"name":"wp","href":"https:\/\/api.w.org\/{rel}","templated":true}]}}