
{"id":5190,"date":"2015-09-09T10:10:32","date_gmt":"2015-09-09T10:10:32","guid":{"rendered":"https:\/\/flupol.pt\/institucional\/empresa\/"},"modified":"2018-05-25T16:41:14","modified_gmt":"2018-05-25T16:41:14","slug":"empresa","status":"publish","type":"page","link":"https:\/\/flupol.pt\/es\/institucional\/empresa\/","title":{"rendered":"EMPRESA"},"content":{"rendered":"<p>[vc_row row_padding_top=\u00bb20&#8243; row_padding_bottom=\u00bb50&#8243; row_margin_top=\u00bb50&#8243;][vc_column width=\u00bb2\/3&#8243;][vc_custom_heading text=\u00bbFlupol &#8211; Surface Engineering\u00bb use_theme_fonts=\u00bbyes\u00bb]<style type=\"text\/css\" >#l_k6lqg705tfg2n0usenva.sc_line ,#l_k6lqg705tfg2n0usenva .sc_line {border-top:1px solid ; border-bottom:1px solid ; height:4px;}#l_k6lqg705tfg2n0usenva {margin:0px 0 5px 0; padding:0;}<\/style><div class=\"clearfix\"><\/div><div id=\"l_k6lqg705tfg2n0usenva\"  class=\"sc_line rd_line_double\" ><\/div>[vc_empty_space height=\u00bb12px\u00bb][vc_column_text]Constituida en 1986, FLUPOL es una empresa de INGENIER\u00cdA DE SUPERFICIES, especializada en la aplicaci\u00f3n de recubrimientos activos en superficies de piezas funcionales.<\/p>\n<p><strong>Nosotros Somos&#8230;<\/strong><\/p>\n<ul>\n<li>\u2026 una empresa innovadora en el campo de las superficies funcionales&#8230;<\/li>\n<li>\u2026 dotados de un experimentado equipo de ingenier\u00eda y con un fuerte v\u00ednculo con la comunidad cient\u00edfica y tecnol\u00f3gica&#8230;<\/li>\n<li>\u2026 capaces de desarrollar soluciones orientadas a casi todos los tipos de industria&#8230;<\/li>\n<li>&#8230; desde los fundamentos te\u00f3ricos a la producci\u00f3n a escala industrial.<\/li>\n<\/ul>\n<p>El concepto de nuestra empresa es sostenido por el conocimiento, desde el desarrollo de materias primas a escala nano y macro, de a la maquinaria y industrializaci\u00f3n de procesos.<\/p>\n<h3><strong>Acontecimientos importantes<\/strong><\/h3>\n<ul>\n<li><strong>1986: <\/strong>Proveedor oficial de\u00a0recubrimientos para rodillos de fotocopiadora de Rank Xerox;<\/li>\n<li><strong>1991: <\/strong>La primera empresa a nivel mundial en aplicar recubrimientos antiadherentes aprobados oficialmente en ollas de acero inoxidable;<\/li>\n<li><strong>1998: <\/strong>Proveedor Tier 1 de componentes innovadores de sistemas de ignici\u00f3n de autom\u00f3viles;<\/li>\n<li><strong>2004: <\/strong>Introducci\u00f3n del Flucoat 602, recubrimiento antiadherente de referencia para la industria de la panificaci\u00f3n;<\/li>\n<li><strong>2012:<\/strong>\n<ul>\n<li>Aplicaci\u00f3n de recubrimientos cer\u00e1micos sol-gel por procesos totalmente automatizados para quemadores de gas de gama alta;<\/li>\n<li>La primera empresa portuguesa a adoptar una tecnolog\u00eda de manipulaci\u00f3n rob\u00f3tica que utiliza la visi\u00f3n artificial para reproducir movimientos humanos. Tecnolog\u00eda desarrollada integralmente en Portugal con el apoyo de Flupol, y patentada.<\/li>\n<\/ul>\n<\/li>\n<li>\u00a0<strong>2014:<\/strong> Aprobaci\u00f3n por la Agencia Espacial Europea (ESA) del Flucoat X54 para uso en equipamiento espacial.<\/li>\n<\/ul>\n<p>&nbsp;<\/p>\n<h3><strong>Nuestra Pol\u00edtica de Calidad e Innovaci\u00f3n<br \/>\n<\/strong><\/h3>\n<p><a href=\"https:\/\/flupol.pt\/wp-content\/uploads\/2018\/05\/Pol\u00edtica-de-Qualidade-e-Inova\u00e7\u00e3o-ES-FLUPOL.jpg\"><img loading=\"lazy\" class=\"alignleft wp-image-5793\" src=\"https:\/\/flupol.pt\/wp-content\/uploads\/2018\/05\/Pol\u00edtica-de-Qualidade-e-Inova\u00e7\u00e3o-ES-FLUPOL.jpg\" alt=\"\" width=\"310\" height=\"174\" srcset=\"https:\/\/flupol.pt\/wp-content\/uploads\/2018\/05\/Pol\u00edtica-de-Qualidade-e-Inova\u00e7\u00e3o-ES-FLUPOL.jpg 1280w, https:\/\/flupol.pt\/wp-content\/uploads\/2018\/05\/Pol\u00edtica-de-Qualidade-e-Inova\u00e7\u00e3o-ES-FLUPOL-300x169.jpg 300w, https:\/\/flupol.pt\/wp-content\/uploads\/2018\/05\/Pol\u00edtica-de-Qualidade-e-Inova\u00e7\u00e3o-ES-FLUPOL-768x432.jpg 768w, https:\/\/flupol.pt\/wp-content\/uploads\/2018\/05\/Pol\u00edtica-de-Qualidade-e-Inova\u00e7\u00e3o-ES-FLUPOL-1024x576.jpg 1024w\" sizes=\"(max-width: 310px) 100vw, 310px\" \/><\/a>[\/vc_column_text][\/vc_column][vc_column width=\u00bb1\/3&#8243;][vc_widget_sidebar sidebar_id=\u00bbthefox_mc_sidebar\u00bb title=\u00bbINSTITUCIONAL\u00bb][vc_empty_space height=\u00bb20px\u00bb][\/vc_column][\/vc_row][vc_row][vc_column][vc_empty_space][\/vc_column][\/vc_row]<\/p>\n","protected":false},"excerpt":{"rendered":"<p>[vc_row row_padding_top=\u00bb20&#8243; row_padding_bottom=\u00bb50&#8243; row_margin_top=\u00bb50&#8243;][vc_column width=\u00bb2\/3&#8243;][vc_custom_heading text=\u00bbFlupol &#8211; Surface Engineering\u00bb use_theme_fonts=\u00bbyes\u00bb][vc_empty_space height=\u00bb12px\u00bb][vc_column_text]Constituida en 1986, FLUPOL es una empresa de INGENIER\u00cdA DE SUPERFICIES, especializada en la aplicaci\u00f3n de recubrimientos activos en superficies de piezas funcionales. Nosotros Somos&#8230; \u2026 una empresa innovadora en el campo de las superficies funcionales&#8230; \u2026 dotados de un experimentado equipo de ingenier\u00eda y<br \/><a href=\"https:\/\/flupol.pt\/es\/institucional\/empresa\/\" class=\"more\">Read more<\/a><\/p>\n","protected":false},"author":1,"featured_media":0,"parent":5187,"menu_order":0,"comment_status":"closed","ping_status":"closed","template":"","meta":{"_joinchat":[]},"yoast_head":"<!-- This site is optimized with the Yoast SEO plugin v18.8 - https:\/\/yoast.com\/wordpress\/plugins\/seo\/ -->\n<title>EMPRESA - Flupol<\/title>\n<meta name=\"robots\" content=\"index, follow, max-snippet:-1, max-image-preview:large, max-video-preview:-1\" \/>\n<link rel=\"canonical\" href=\"https:\/\/flupol.pt\/es\/institucional\/empresa\/\" \/>\n<meta property=\"og:locale\" content=\"es_ES\" \/>\n<meta property=\"og:type\" content=\"article\" \/>\n<meta property=\"og:title\" content=\"EMPRESA - Flupol\" \/>\n<meta property=\"og:description\" content=\"[vc_row row_padding_top=\u00bb20&#8243; row_padding_bottom=\u00bb50&#8243; row_margin_top=\u00bb50&#8243;][vc_column width=\u00bb2\/3&#8243;][vc_custom_heading text=\u00bbFlupol &#8211; Surface Engineering\u00bb use_theme_fonts=\u00bbyes\u00bb][vc_empty_space height=\u00bb12px\u00bb][vc_column_text]Constituida en 1986, FLUPOL es una empresa de INGENIER\u00cdA DE SUPERFICIES, especializada en la aplicaci\u00f3n de recubrimientos activos en superficies de piezas funcionales. Nosotros Somos&#8230; \u2026 una empresa innovadora en el campo de las superficies funcionales&#8230; \u2026 dotados de un experimentado equipo de ingenier\u00eda yRead more\" \/>\n<meta property=\"og:url\" content=\"https:\/\/flupol.pt\/es\/institucional\/empresa\/\" \/>\n<meta property=\"og:site_name\" content=\"Flupol\" \/>\n<meta property=\"article:modified_time\" content=\"2018-05-25T16:41:14+00:00\" \/>\n<meta name=\"twitter:card\" content=\"summary\" \/>\n<meta name=\"twitter:label1\" content=\"Tiempo de lectura\" \/>\n\t<meta name=\"twitter:data1\" content=\"2 minutos\" \/>\n<script type=\"application\/ld+json\" class=\"yoast-schema-graph\">{\"@context\":\"https:\/\/schema.org\",\"@graph\":[{\"@type\":\"WebSite\",\"@id\":\"https:\/\/flupol.pt\/#website\",\"url\":\"https:\/\/flupol.pt\/\",\"name\":\"Flupol\",\"description\":\"Surface Engineering\",\"potentialAction\":[{\"@type\":\"SearchAction\",\"target\":{\"@type\":\"EntryPoint\",\"urlTemplate\":\"https:\/\/flupol.pt\/?s={search_term_string}\"},\"query-input\":\"required name=search_term_string\"}],\"inLanguage\":\"es\"},{\"@type\":\"WebPage\",\"@id\":\"https:\/\/flupol.pt\/es\/institucional\/empresa\/#webpage\",\"url\":\"https:\/\/flupol.pt\/es\/institucional\/empresa\/\",\"name\":\"EMPRESA - Flupol\",\"isPartOf\":{\"@id\":\"https:\/\/flupol.pt\/#website\"},\"datePublished\":\"2015-09-09T10:10:32+00:00\",\"dateModified\":\"2018-05-25T16:41:14+00:00\",\"breadcrumb\":{\"@id\":\"https:\/\/flupol.pt\/es\/institucional\/empresa\/#breadcrumb\"},\"inLanguage\":\"es\",\"potentialAction\":[{\"@type\":\"ReadAction\",\"target\":[\"https:\/\/flupol.pt\/es\/institucional\/empresa\/\"]}]},{\"@type\":\"BreadcrumbList\",\"@id\":\"https:\/\/flupol.pt\/es\/institucional\/empresa\/#breadcrumb\",\"itemListElement\":[{\"@type\":\"ListItem\",\"position\":1,\"name\":\"In\u00edcio\",\"item\":\"https:\/\/flupol.pt\/es\/\"},{\"@type\":\"ListItem\",\"position\":2,\"name\":\"INSTITUCIONAL\",\"item\":\"https:\/\/flupol.pt\/es\/institucional\/\"},{\"@type\":\"ListItem\",\"position\":3,\"name\":\"EMPRESA\"}]}]}<\/script>\n<!-- \/ Yoast SEO plugin. -->","yoast_head_json":{"title":"EMPRESA - Flupol","robots":{"index":"index","follow":"follow","max-snippet":"max-snippet:-1","max-image-preview":"max-image-preview:large","max-video-preview":"max-video-preview:-1"},"canonical":"https:\/\/flupol.pt\/es\/institucional\/empresa\/","og_locale":"es_ES","og_type":"article","og_title":"EMPRESA - Flupol","og_description":"[vc_row row_padding_top=\u00bb20&#8243; row_padding_bottom=\u00bb50&#8243; row_margin_top=\u00bb50&#8243;][vc_column width=\u00bb2\/3&#8243;][vc_custom_heading text=\u00bbFlupol &#8211; Surface Engineering\u00bb use_theme_fonts=\u00bbyes\u00bb][vc_empty_space height=\u00bb12px\u00bb][vc_column_text]Constituida en 1986, FLUPOL es una empresa de INGENIER\u00cdA DE SUPERFICIES, especializada en la aplicaci\u00f3n de recubrimientos activos en superficies de piezas funcionales. Nosotros Somos&#8230; \u2026 una empresa innovadora en el campo de las superficies funcionales&#8230; \u2026 dotados de un experimentado equipo de ingenier\u00eda yRead more","og_url":"https:\/\/flupol.pt\/es\/institucional\/empresa\/","og_site_name":"Flupol","article_modified_time":"2018-05-25T16:41:14+00:00","twitter_card":"summary","twitter_misc":{"Tiempo de lectura":"2 minutos"},"schema":{"@context":"https:\/\/schema.org","@graph":[{"@type":"WebSite","@id":"https:\/\/flupol.pt\/#website","url":"https:\/\/flupol.pt\/","name":"Flupol","description":"Surface Engineering","potentialAction":[{"@type":"SearchAction","target":{"@type":"EntryPoint","urlTemplate":"https:\/\/flupol.pt\/?s={search_term_string}"},"query-input":"required name=search_term_string"}],"inLanguage":"es"},{"@type":"WebPage","@id":"https:\/\/flupol.pt\/es\/institucional\/empresa\/#webpage","url":"https:\/\/flupol.pt\/es\/institucional\/empresa\/","name":"EMPRESA - Flupol","isPartOf":{"@id":"https:\/\/flupol.pt\/#website"},"datePublished":"2015-09-09T10:10:32+00:00","dateModified":"2018-05-25T16:41:14+00:00","breadcrumb":{"@id":"https:\/\/flupol.pt\/es\/institucional\/empresa\/#breadcrumb"},"inLanguage":"es","potentialAction":[{"@type":"ReadAction","target":["https:\/\/flupol.pt\/es\/institucional\/empresa\/"]}]},{"@type":"BreadcrumbList","@id":"https:\/\/flupol.pt\/es\/institucional\/empresa\/#breadcrumb","itemListElement":[{"@type":"ListItem","position":1,"name":"In\u00edcio","item":"https:\/\/flupol.pt\/es\/"},{"@type":"ListItem","position":2,"name":"INSTITUCIONAL","item":"https:\/\/flupol.pt\/es\/institucional\/"},{"@type":"ListItem","position":3,"name":"EMPRESA"}]}]}},"_links":{"self":[{"href":"https:\/\/flupol.pt\/es\/wp-json\/wp\/v2\/pages\/5190"}],"collection":[{"href":"https:\/\/flupol.pt\/es\/wp-json\/wp\/v2\/pages"}],"about":[{"href":"https:\/\/flupol.pt\/es\/wp-json\/wp\/v2\/types\/page"}],"author":[{"embeddable":true,"href":"https:\/\/flupol.pt\/es\/wp-json\/wp\/v2\/users\/1"}],"replies":[{"embeddable":true,"href":"https:\/\/flupol.pt\/es\/wp-json\/wp\/v2\/comments?post=5190"}],"version-history":[{"count":4,"href":"https:\/\/flupol.pt\/es\/wp-json\/wp\/v2\/pages\/5190\/revisions"}],"predecessor-version":[{"id":5795,"href":"https:\/\/flupol.pt\/es\/wp-json\/wp\/v2\/pages\/5190\/revisions\/5795"}],"up":[{"embeddable":true,"href":"https:\/\/flupol.pt\/es\/wp-json\/wp\/v2\/pages\/5187"}],"wp:attachment":[{"href":"https:\/\/flupol.pt\/es\/wp-json\/wp\/v2\/media?parent=5190"}],"curies":[{"name":"wp","href":"https:\/\/api.w.org\/{rel}","templated":true}]}}