
{"id":5184,"date":"2016-08-10T07:50:42","date_gmt":"2016-08-10T07:50:42","guid":{"rendered":"https:\/\/flupol.pt\/home-page\/"},"modified":"2017-07-20T14:43:08","modified_gmt":"2017-07-20T14:43:08","slug":"home-page","status":"publish","type":"page","link":"https:\/\/flupol.pt\/es\/","title":{"rendered":"Inicio"},"content":{"rendered":"<p>[vc_row][vc_column][vc_custom_heading text=\u00bbNoticias destacadas\u00bb font_container=\u00bbtag:h2|text_align:center|line_height:5&#8243; use_theme_fonts=\u00bbyes\u00bb]<style type=\"text\/css\" >#l_elzv7ob0c8p0fsqte4wg{width:150px;}#l_elzv7ob0c8p0fsqte4wg.sc_line ,#l_elzv7ob0c8p0fsqte4wg .sc_line {border-top:1px solid ; border-bottom:1px solid ; height:4px;}#l_elzv7ob0c8p0fsqte4wg.sc_line ,#l_elzv7ob0c8p0fsqte4wg .sc_line{margin-left:auto!important; margin-right:auto!important;}#l_elzv7ob0c8p0fsqte4wg {margin:-50px 0 20px 0; padding:0;}<\/style><div class=\"clearfix\"><\/div><div id=\"l_elzv7ob0c8p0fsqte4wg\"  class=\"sc_line rd_line_double\" ><\/div><div class=\"clearfix\" style=\"padding-top:0px\"><\/div><style type=\"text\/css\" >.randn36wbyn3a1ma1629v9xe_post .widget_post_title a,.randn36wbyn3a1ma1629v9xe_post .rp_date a,.randn36wbyn3a1ma1629v9xe_post .rp_date { color:#fff;}.randn36wbyn3a1ma1629v9xe_post .rp_date a,.randn36wbyn3a1ma1629v9xe_post .rp_date {padding-bottom:0; margin-bottom:0;}.randn36wbyn3a1ma1629v9xe_post .blog_box_content {position:absolute; bottom: 20px ;min-width: 100%; text-align: center;}.cbp_type01 .recent_port_ctn:hover .blog_box_content {bottom:85px;}.recent_port_ctn:hover .blog_img_link,.recent_port_ctn:hover .blog_post_link{bottom:35px}<\/style>\r\n\t\t<script type=\"text\/javascript\" charset=\"utf-8\">\r\n\t\tjQuery.noConflict();\r\n\t\t\r\n\t\/\/setup up Carousel\r\n\t\tjQuery(document).ready(function($){\r\n\t\t\t\r\n\t\t\t\"use strict\";\r\n\t\t\t\r\n\t\t\t$(window).load(function(){\r\n\t\t$(\".rd_sjrzoxsj66ep27kgfj0t.rp_sc ul\").carouFredSel({\r\n\t\t\t\t\tresponsive: true,\r\n\t\t\t\t\twidth: \"100%\",\r\n\t\t\t\t\t\theight: \"variable\",scroll: 1,\r\n\t\t\t\t\tauto: false,prev: \".rd_sjrzoxsj66ep27kgfj0t.rp_left\",\r\n\t\t\t\t\tnext: \".rd_sjrzoxsj66ep27kgfj0t.rp_right\",swipe       : {\r\n             \t\t   onTouch     : true,\r\n\t\t               onMouse     : false\r\n        \t\t    },\r\n\t\t\t\t\titems: {\r\n\t\t\t\t\t\twidth: 399,\r\n\t\t\t\t\t\theight: \"variable\",\r\n\t\t\t\t\t\tvisible: {\r\n\t\t\t\t\t\t\tmin: 1,\r\n\t\t\t\t\t\t\tmax: 4\r\n\t\t\t\t\t\t}\r\n\t\t\t\t\t}\r\n\t\t\t\t});\r\n\t\t\t\t});\r\n\t\t\t\t});\r\n\t<\/script><div class=\"rd_sjrzoxsj66ep27kgfj0t rp_sc cbp_type01 clearfix\"><div class=\"rp_nav\">\r\n  <p class=\"rd_sjrzoxsj66ep27kgfj0t rp_left\"><\/p>\r\n  <p class=\"rd_sjrzoxsj66ep27kgfj0t rp_right\"><\/p>\r\n<\/div><ul>\r\n      <li class=\"carousel_recent_post brsc\">\r\n      <div class=\"recent_port_ctn randn36wbyn3a1ma1629v9xe_post \">\r\n      <div class=\"blog_box\">\r\n<img width=\"768\" height=\"1000\" src=\"https:\/\/flupol.pt\/wp-content\/uploads\/2025\/10\/PFAS-free_title-2-scaled-768x1000.jpg\" class=\"attachment-768x1000 size-768x1000 wp-post-image\" alt=\"\" loading=\"lazy\" title=\"\" \/><a href=\"https:\/\/flupol.pt\/wp-content\/uploads\/2025\/10\/PFAS-free_title-2-scaled.jpg\" class=\"prettyPhoto blog_img_link_ctn\"><span class='blog_img_link'><\/span><\/a><a class='blog_post_link_ctn' href='https:\/\/flupol.pt\/es\/revestimentos-livres-de-pfas-um-compromisso-com-a-sustentabilidade\/'><span class='blog_post_link'><\/span><\/a>\r\n<div class=\"blog_box_content\">\r\n<h5 class=\"widget_post_title\"> <a href=\"https:\/\/flupol.pt\/es\/revestimentos-livres-de-pfas-um-compromisso-com-a-sustentabilidade\/\" rel=\"bookmark\" title=\"Permanent Link to Recubrimientos libres de PFAS: un compromiso con la sostenibilidad\">\r\nRecubrimientos libres de PFAS: un compromiso con la sostenibilidad<\/a> <\/h5>\r\n<div class=\"clearfix\"><\/div>\r\n\r\n<p class=\"rp_date\" ><a href=\"https:\/\/flupol.pt\/es\/catalogo\/noticias-es\/\" rel=\"category tag\">Noticias-es<\/a> \/ 27 octubre, 2025<\/p>\r\n\r\n\r\n\r\n\r\n<\/div>\r\n<\/div>\r\n<\/div>\r\n<\/li>\r\n\r\n\r\n      <li class=\"carousel_recent_post brsc\">\r\n      <div class=\"recent_port_ctn randn36wbyn3a1ma1629v9xe_post \">\r\n      <div class=\"blog_box\">\r\n<img width=\"768\" height=\"1000\" src=\"https:\/\/flupol.pt\/wp-content\/uploads\/2025\/03\/1738834681173-2-scaled-768x1000.jpg\" class=\"attachment-768x1000 size-768x1000 wp-post-image\" alt=\"\" loading=\"lazy\" title=\"\" \/><a href=\"https:\/\/flupol.pt\/wp-content\/uploads\/2025\/03\/1738834681173-2-scaled.jpg\" class=\"prettyPhoto blog_img_link_ctn\"><span class='blog_img_link'><\/span><\/a><a class='blog_post_link_ctn' href='https:\/\/flupol.pt\/es\/implementacao-de-um-sistema-de-energia-solar-fotovoltaica\/'><span class='blog_post_link'><\/span><\/a>\r\n<div class=\"blog_box_content\">\r\n<h5 class=\"widget_post_title\"> <a href=\"https:\/\/flupol.pt\/es\/implementacao-de-um-sistema-de-energia-solar-fotovoltaica\/\" rel=\"bookmark\" title=\"Permanent Link to Implementaci\u00f3n de un Sistema de Energ\u00eda Solar Fotovoltaica\">\r\nImplementaci\u00f3n de un Sistema de Energ\u00eda Solar Fotovoltaica<\/a> <\/h5>\r\n<div class=\"clearfix\"><\/div>\r\n\r\n<p class=\"rp_date\" ><a href=\"https:\/\/flupol.pt\/es\/catalogo\/noticias-es\/\" rel=\"category tag\">Noticias-es<\/a> \/ 25 marzo, 2025<\/p>\r\n\r\n\r\n\r\n\r\n<\/div>\r\n<\/div>\r\n<\/div>\r\n<\/li>\r\n\r\n\r\n      <li class=\"carousel_recent_post brsc\">\r\n      <div class=\"recent_port_ctn randn36wbyn3a1ma1629v9xe_post \">\r\n      <div class=\"blog_box\">\r\n<img width=\"768\" height=\"1000\" src=\"https:\/\/flupol.pt\/wp-content\/uploads\/2024\/12\/Postal-Natal_38-anos-768x1000.jpg\" class=\"attachment-768x1000 size-768x1000 wp-post-image\" alt=\"\" loading=\"lazy\" title=\"\" \/><a href=\"https:\/\/flupol.pt\/wp-content\/uploads\/2024\/12\/Postal-Natal_38-anos.jpg\" class=\"prettyPhoto blog_img_link_ctn\"><span class='blog_img_link'><\/span><\/a><a class='blog_post_link_ctn' href='https:\/\/flupol.pt\/es\/votos-de-boas-festas-da-flupol\/'><span class='blog_post_link'><\/span><\/a>\r\n<div class=\"blog_box_content\">\r\n<h5 class=\"widget_post_title\"> <a href=\"https:\/\/flupol.pt\/es\/votos-de-boas-festas-da-flupol\/\" rel=\"bookmark\" title=\"Permanent Link to Felices Fiestas de parte de FLUPOL\">\r\nFelices Fiestas de parte de FLUPOL<\/a> <\/h5>\r\n<div class=\"clearfix\"><\/div>\r\n\r\n<p class=\"rp_date\" ><a href=\"https:\/\/flupol.pt\/es\/catalogo\/noticias-es\/\" rel=\"category tag\">Noticias-es<\/a> \/ 13 diciembre, 2024<\/p>\r\n\r\n\r\n\r\n\r\n<\/div>\r\n<\/div>\r\n<\/div>\r\n<\/li>\r\n\r\n\r\n      <li class=\"carousel_recent_post brsc\">\r\n      <div class=\"recent_port_ctn randn36wbyn3a1ma1629v9xe_post \">\r\n      <div class=\"blog_box\">\r\n<img width=\"768\" height=\"1000\" src=\"https:\/\/flupol.pt\/wp-content\/uploads\/2024\/12\/8-768x1000.jpg\" class=\"attachment-768x1000 size-768x1000 wp-post-image\" alt=\"\" loading=\"lazy\" title=\"\" \/><a href=\"https:\/\/flupol.pt\/wp-content\/uploads\/2024\/12\/8.jpg\" class=\"prettyPhoto blog_img_link_ctn\"><span class='blog_img_link'><\/span><\/a><a class='blog_post_link_ctn' href='https:\/\/flupol.pt\/es\/revestimentos-etfe-ao-servico-da-industria-farmaceutica\/'><span class='blog_post_link'><\/span><\/a>\r\n<div class=\"blog_box_content\">\r\n<h5 class=\"widget_post_title\"> <a href=\"https:\/\/flupol.pt\/es\/revestimentos-etfe-ao-servico-da-industria-farmaceutica\/\" rel=\"bookmark\" title=\"Permanent Link to Recubrimientos ETFE al servicio de la industria farmac\u00e9utica\">\r\nRecubrimientos ETFE al servicio de la industria farmac\u00e9utica<\/a> <\/h5>\r\n<div class=\"clearfix\"><\/div>\r\n\r\n<p class=\"rp_date\" ><a href=\"https:\/\/flupol.pt\/es\/catalogo\/noticias-es\/\" rel=\"category tag\">Noticias-es<\/a> \/ 9 diciembre, 2024<\/p>\r\n\r\n\r\n\r\n\r\n<\/div>\r\n<\/div>\r\n<\/div>\r\n<\/li>\r\n\r\n\r\n      <li class=\"carousel_recent_post brsc\">\r\n      <div class=\"recent_port_ctn randn36wbyn3a1ma1629v9xe_post \">\r\n      <div class=\"blog_box\">\r\n<img width=\"768\" height=\"1000\" src=\"https:\/\/flupol.pt\/wp-content\/uploads\/2024\/11\/Foto-Celula-Limpa_1-768x1000.jpg\" class=\"attachment-768x1000 size-768x1000 wp-post-image\" alt=\"\" loading=\"lazy\" title=\"\" \/><a href=\"https:\/\/flupol.pt\/wp-content\/uploads\/2024\/11\/Foto-Celula-Limpa_1.jpg\" class=\"prettyPhoto blog_img_link_ctn\"><span class='blog_img_link'><\/span><\/a><a class='blog_post_link_ctn' href='https:\/\/flupol.pt\/es\/nova-celula-produtiva-para-mercados-com-elevada-exigencia-estetica\/'><span class='blog_post_link'><\/span><\/a>\r\n<div class=\"blog_box_content\">\r\n<h5 class=\"widget_post_title\"> <a href=\"https:\/\/flupol.pt\/es\/nova-celula-produtiva-para-mercados-com-elevada-exigencia-estetica\/\" rel=\"bookmark\" title=\"Permanent Link to Nueva c\u00e9lula productiva para mercados con alta exigencia est\u00e9tica\">\r\nNueva c\u00e9lula productiva para mercados con alta exigencia est\u00e9tica<\/a> <\/h5>\r\n<div class=\"clearfix\"><\/div>\r\n\r\n<p class=\"rp_date\" ><a href=\"https:\/\/flupol.pt\/es\/catalogo\/noticias-es\/\" rel=\"category tag\">Noticias-es<\/a> \/ 27 noviembre, 2024<\/p>\r\n\r\n\r\n\r\n\r\n<\/div>\r\n<\/div>\r\n<\/div>\r\n<\/li>\r\n\r\n\r\n      <li class=\"carousel_recent_post brsc\">\r\n      <div class=\"recent_port_ctn randn36wbyn3a1ma1629v9xe_post \">\r\n      <div class=\"blog_box\">\r\n<img width=\"768\" height=\"1000\" src=\"https:\/\/flupol.pt\/wp-content\/uploads\/2024\/09\/1721812548895-a-768x1000.jpg\" class=\"attachment-768x1000 size-768x1000 wp-post-image\" alt=\"\" loading=\"lazy\" title=\"\" \/><a href=\"https:\/\/flupol.pt\/wp-content\/uploads\/2024\/09\/1721812548895-a.jpg\" class=\"prettyPhoto blog_img_link_ctn\"><span class='blog_img_link'><\/span><\/a><a class='blog_post_link_ctn' href='https:\/\/flupol.pt\/es\/estamos-onde-os-nossos-clientes-precisam\/'><span class='blog_post_link'><\/span><\/a>\r\n<div class=\"blog_box_content\">\r\n<h5 class=\"widget_post_title\"> <a href=\"https:\/\/flupol.pt\/es\/estamos-onde-os-nossos-clientes-precisam\/\" rel=\"bookmark\" title=\"Permanent Link to Estamos donde nuestros clientes necesitan\">\r\nEstamos donde nuestros clientes necesitan<\/a> <\/h5>\r\n<div class=\"clearfix\"><\/div>\r\n\r\n<p class=\"rp_date\" ><a href=\"https:\/\/flupol.pt\/es\/catalogo\/noticias-es\/\" rel=\"category tag\">Noticias-es<\/a> \/ 4 septiembre, 2024<\/p>\r\n\r\n\r\n\r\n\r\n<\/div>\r\n<\/div>\r\n<\/div>\r\n<\/li>\r\n\r\n\r\n      <li class=\"carousel_recent_post brsc\">\r\n      <div class=\"recent_port_ctn randn36wbyn3a1ma1629v9xe_post \">\r\n      <div class=\"blog_box\">\r\n<img width=\"768\" height=\"1000\" src=\"https:\/\/flupol.pt\/wp-content\/uploads\/2024\/07\/inovadora_cotec_24-7-768x1000.jpg\" class=\"attachment-768x1000 size-768x1000 wp-post-image\" alt=\"\" loading=\"lazy\" title=\"\" \/><a href=\"https:\/\/flupol.pt\/wp-content\/uploads\/2024\/07\/inovadora_cotec_24-7.jpg\" class=\"prettyPhoto blog_img_link_ctn\"><span class='blog_img_link'><\/span><\/a><a class='blog_post_link_ctn' href='https:\/\/flupol.pt\/es\/innovative-cotec-2024\/'><span class='blog_post_link'><\/span><\/a>\r\n<div class=\"blog_box_content\">\r\n<h5 class=\"widget_post_title\"> <a href=\"https:\/\/flupol.pt\/es\/innovative-cotec-2024\/\" rel=\"bookmark\" title=\"Permanent Link to Cotec innovador 2024\">\r\nCotec innovador 2024<\/a> <\/h5>\r\n<div class=\"clearfix\"><\/div>\r\n\r\n<p class=\"rp_date\" ><a href=\"https:\/\/flupol.pt\/es\/catalogo\/noticias-es\/\" rel=\"category tag\">Noticias-es<\/a> \/ 19 julio, 2024<\/p>\r\n\r\n\r\n\r\n\r\n<\/div>\r\n<\/div>\r\n<\/div>\r\n<\/li>\r\n\r\n\r\n      <li class=\"carousel_recent_post brsc\">\r\n      <div class=\"recent_port_ctn randn36wbyn3a1ma1629v9xe_post \">\r\n      <div class=\"blog_box\">\r\n<img width=\"768\" height=\"1000\" src=\"https:\/\/flupol.pt\/wp-content\/uploads\/2024\/05\/customer-testimonials-768x1000.jpg\" class=\"attachment-768x1000 size-768x1000 wp-post-image\" alt=\"\" loading=\"lazy\" title=\"\" \/><a href=\"https:\/\/flupol.pt\/wp-content\/uploads\/2024\/05\/customer-testimonials.jpg\" class=\"prettyPhoto blog_img_link_ctn\"><span class='blog_img_link'><\/span><\/a><a class='blog_post_link_ctn' href='https:\/\/flupol.pt\/es\/o-nosso-servico-na-perspetiva-de-alguns-dos-nossos-clientes\/'><span class='blog_post_link'><\/span><\/a>\r\n<div class=\"blog_box_content\">\r\n<h5 class=\"widget_post_title\"> <a href=\"https:\/\/flupol.pt\/es\/o-nosso-servico-na-perspetiva-de-alguns-dos-nossos-clientes\/\" rel=\"bookmark\" title=\"Permanent Link to Nuestro servicio desde la perspectiva de algunos de nuestros clientes\">\r\nNuestro servicio desde la perspectiva de algunos de nuestros clientes<\/a> <\/h5>\r\n<div class=\"clearfix\"><\/div>\r\n\r\n<p class=\"rp_date\" ><a href=\"https:\/\/flupol.pt\/es\/catalogo\/noticias-es\/\" rel=\"category tag\">Noticias-es<\/a> \/ 16 mayo, 2024<\/p>\r\n\r\n\r\n\r\n\r\n<\/div>\r\n<\/div>\r\n<\/div>\r\n<\/li>\r\n\r\n\r\n      <li class=\"carousel_recent_post brsc\">\r\n      <div class=\"recent_port_ctn randn36wbyn3a1ma1629v9xe_post \">\r\n      <div class=\"blog_box\">\r\n<img width=\"768\" height=\"1000\" src=\"https:\/\/flupol.pt\/wp-content\/uploads\/2024\/04\/PICT0035-768x1000.jpg\" class=\"attachment-768x1000 size-768x1000 wp-post-image\" alt=\"\" loading=\"lazy\" title=\"\" \/><a href=\"https:\/\/flupol.pt\/wp-content\/uploads\/2024\/04\/PICT0035.jpg\" class=\"prettyPhoto blog_img_link_ctn\"><span class='blog_img_link'><\/span><\/a><a class='blog_post_link_ctn' href='https:\/\/flupol.pt\/es\/38o-aniversario\/'><span class='blog_post_link'><\/span><\/a>\r\n<div class=\"blog_box_content\">\r\n<h5 class=\"widget_post_title\"> <a href=\"https:\/\/flupol.pt\/es\/38o-aniversario\/\" rel=\"bookmark\" title=\"Permanent Link to 38 Aniversario\">\r\n38 Aniversario<\/a> <\/h5>\r\n<div class=\"clearfix\"><\/div>\r\n\r\n<p class=\"rp_date\" ><a href=\"https:\/\/flupol.pt\/es\/catalogo\/noticias-es\/\" rel=\"category tag\">Noticias-es<\/a> \/ 9 abril, 2024<\/p>\r\n\r\n\r\n\r\n\r\n<\/div>\r\n<\/div>\r\n<\/div>\r\n<\/li>\r\n\r\n\r\n      <li class=\"carousel_recent_post brsc\">\r\n      <div class=\"recent_port_ctn randn36wbyn3a1ma1629v9xe_post \">\r\n      <div class=\"blog_box\">\r\n<img width=\"768\" height=\"1000\" src=\"https:\/\/flupol.pt\/wp-content\/uploads\/2024\/03\/Painel-decorativo-Flucoat-735.6-768x1000.png\" class=\"attachment-768x1000 size-768x1000 wp-post-image\" alt=\"\" loading=\"lazy\" title=\"\" \/><a href=\"https:\/\/flupol.pt\/wp-content\/uploads\/2024\/03\/Painel-decorativo-Flucoat-735.6.png\" class=\"prettyPhoto blog_img_link_ctn\"><span class='blog_img_link'><\/span><\/a><a class='blog_post_link_ctn' href='https:\/\/flupol.pt\/es\/flucoat-735-cinza-escuro\/'><span class='blog_post_link'><\/span><\/a>\r\n<div class=\"blog_box_content\">\r\n<h5 class=\"widget_post_title\"> <a href=\"https:\/\/flupol.pt\/es\/flucoat-735-cinza-escuro\/\" rel=\"bookmark\" title=\"Permanent Link to FLUCOAT 735 Gris Oscuro\">\r\nFLUCOAT 735 Gris Oscuro<\/a> <\/h5>\r\n<div class=\"clearfix\"><\/div>\r\n\r\n<p class=\"rp_date\" ><a href=\"https:\/\/flupol.pt\/es\/catalogo\/noticias-es\/\" rel=\"category tag\">Noticias-es<\/a> \/ 19 marzo, 2024<\/p>\r\n\r\n\r\n\r\n\r\n<\/div>\r\n<\/div>\r\n<\/div>\r\n<\/li>\r\n\r\n\r\n\r\n\r\n<\/ul>\r\n\r\n<\/div>\r\n\r\n<div class=\"clearfix\" style=\"padding-top:0px\"><\/div>[\/vc_column][\/vc_row][vc_row][vc_column][\/vc_column][\/vc_row]<\/p>\n","protected":false},"excerpt":{"rendered":"<p>[vc_row][vc_column width=\u00bb1\/2&#8243;][vc_column_text]Basado en la Tecnolog\u00eda Sol-Gel, el sistema de recubrimiento cer\u00e1mico FLUCOAT 735 aplicado por FLUPOL est\u00e1 libre de PFAS y est\u00e1 disponible en el mercado y puede combinar caracter\u00edsticas adem\u00e1s de su funcionalidad: ANTIADHERENCIA y DECORACI\u00d3N La foto ilustra esta misma complicidad, donde por necesidad, la facilidad de limpieza que proporciona el recubrimiento antiadherente<br \/><a href=\"https:\/\/flupol.pt\/es\/flucoat-735-cinza-escuro\/\" class=\"more\">Read more<\/a><\/p>\n","protected":false},"author":1,"featured_media":0,"parent":0,"menu_order":0,"comment_status":"closed","ping_status":"open","template":"","meta":{"_joinchat":[]},"yoast_head":"<!-- This site is optimized with the Yoast SEO plugin v18.8 - https:\/\/yoast.com\/wordpress\/plugins\/seo\/ -->\n<title>Inicio - Flupol<\/title>\n<meta name=\"robots\" content=\"index, follow, max-snippet:-1, max-image-preview:large, max-video-preview:-1\" \/>\n<link rel=\"canonical\" href=\"https:\/\/flupol.pt\/es\/\" \/>\n<meta property=\"og:locale\" content=\"es_ES\" \/>\n<meta property=\"og:type\" content=\"article\" \/>\n<meta property=\"og:title\" content=\"Inicio - Flupol\" \/>\n<meta property=\"og:description\" content=\"[vc_row][vc_column width=\u00bb1\/2&#8243;][vc_column_text]Basado en la Tecnolog\u00eda Sol-Gel, el sistema de recubrimiento cer\u00e1mico FLUCOAT 735 aplicado por FLUPOL est\u00e1 libre de PFAS y est\u00e1 disponible en el mercado y puede combinar caracter\u00edsticas adem\u00e1s de su funcionalidad: ANTIADHERENCIA y DECORACI\u00d3N La foto ilustra esta misma complicidad, donde por necesidad, la facilidad de limpieza que proporciona el recubrimiento antiadherenteRead more\" \/>\n<meta property=\"og:url\" content=\"https:\/\/flupol.pt\/es\/\" \/>\n<meta property=\"og:site_name\" content=\"Flupol\" \/>\n<meta property=\"article:modified_time\" content=\"2017-07-20T14:43:08+00:00\" \/>\n<meta name=\"twitter:card\" content=\"summary\" \/>\n<script type=\"application\/ld+json\" class=\"yoast-schema-graph\">{\"@context\":\"https:\/\/schema.org\",\"@graph\":[{\"@type\":\"WebSite\",\"@id\":\"https:\/\/flupol.pt\/#website\",\"url\":\"https:\/\/flupol.pt\/\",\"name\":\"Flupol\",\"description\":\"Surface Engineering\",\"potentialAction\":[{\"@type\":\"SearchAction\",\"target\":{\"@type\":\"EntryPoint\",\"urlTemplate\":\"https:\/\/flupol.pt\/?s={search_term_string}\"},\"query-input\":\"required name=search_term_string\"}],\"inLanguage\":\"es\"},{\"@type\":\"WebPage\",\"@id\":\"https:\/\/flupol.pt\/es\/#webpage\",\"url\":\"https:\/\/flupol.pt\/es\/\",\"name\":\"Inicio - Flupol\",\"isPartOf\":{\"@id\":\"https:\/\/flupol.pt\/#website\"},\"datePublished\":\"2016-08-10T07:50:42+00:00\",\"dateModified\":\"2017-07-20T14:43:08+00:00\",\"breadcrumb\":{\"@id\":\"https:\/\/flupol.pt\/es\/#breadcrumb\"},\"inLanguage\":\"es\",\"potentialAction\":[{\"@type\":\"ReadAction\",\"target\":[\"https:\/\/flupol.pt\/es\/\"]}]},{\"@type\":\"BreadcrumbList\",\"@id\":\"https:\/\/flupol.pt\/es\/#breadcrumb\",\"itemListElement\":[{\"@type\":\"ListItem\",\"position\":1,\"name\":\"In\u00edcio\",\"item\":\"https:\/\/flupol.pt\/es\/\"},{\"@type\":\"ListItem\",\"position\":2,\"name\":\"Inicio\"}]}]}<\/script>\n<!-- \/ Yoast SEO plugin. -->","yoast_head_json":{"title":"Inicio - Flupol","robots":{"index":"index","follow":"follow","max-snippet":"max-snippet:-1","max-image-preview":"max-image-preview:large","max-video-preview":"max-video-preview:-1"},"canonical":"https:\/\/flupol.pt\/es\/","og_locale":"es_ES","og_type":"article","og_title":"Inicio - Flupol","og_description":"[vc_row][vc_column width=\u00bb1\/2&#8243;][vc_column_text]Basado en la Tecnolog\u00eda Sol-Gel, el sistema de recubrimiento cer\u00e1mico FLUCOAT 735 aplicado por FLUPOL est\u00e1 libre de PFAS y est\u00e1 disponible en el mercado y puede combinar caracter\u00edsticas adem\u00e1s de su funcionalidad: ANTIADHERENCIA y DECORACI\u00d3N La foto ilustra esta misma complicidad, donde por necesidad, la facilidad de limpieza que proporciona el recubrimiento antiadherenteRead more","og_url":"https:\/\/flupol.pt\/es\/","og_site_name":"Flupol","article_modified_time":"2017-07-20T14:43:08+00:00","twitter_card":"summary","schema":{"@context":"https:\/\/schema.org","@graph":[{"@type":"WebSite","@id":"https:\/\/flupol.pt\/#website","url":"https:\/\/flupol.pt\/","name":"Flupol","description":"Surface Engineering","potentialAction":[{"@type":"SearchAction","target":{"@type":"EntryPoint","urlTemplate":"https:\/\/flupol.pt\/?s={search_term_string}"},"query-input":"required name=search_term_string"}],"inLanguage":"es"},{"@type":"WebPage","@id":"https:\/\/flupol.pt\/es\/#webpage","url":"https:\/\/flupol.pt\/es\/","name":"Inicio - Flupol","isPartOf":{"@id":"https:\/\/flupol.pt\/#website"},"datePublished":"2016-08-10T07:50:42+00:00","dateModified":"2017-07-20T14:43:08+00:00","breadcrumb":{"@id":"https:\/\/flupol.pt\/es\/#breadcrumb"},"inLanguage":"es","potentialAction":[{"@type":"ReadAction","target":["https:\/\/flupol.pt\/es\/"]}]},{"@type":"BreadcrumbList","@id":"https:\/\/flupol.pt\/es\/#breadcrumb","itemListElement":[{"@type":"ListItem","position":1,"name":"In\u00edcio","item":"https:\/\/flupol.pt\/es\/"},{"@type":"ListItem","position":2,"name":"Inicio"}]}]}},"_links":{"self":[{"href":"https:\/\/flupol.pt\/es\/wp-json\/wp\/v2\/pages\/5184"}],"collection":[{"href":"https:\/\/flupol.pt\/es\/wp-json\/wp\/v2\/pages"}],"about":[{"href":"https:\/\/flupol.pt\/es\/wp-json\/wp\/v2\/types\/page"}],"author":[{"embeddable":true,"href":"https:\/\/flupol.pt\/es\/wp-json\/wp\/v2\/users\/1"}],"replies":[{"embeddable":true,"href":"https:\/\/flupol.pt\/es\/wp-json\/wp\/v2\/comments?post=5184"}],"version-history":[{"count":19,"href":"https:\/\/flupol.pt\/es\/wp-json\/wp\/v2\/pages\/5184\/revisions"}],"predecessor-version":[{"id":5667,"href":"https:\/\/flupol.pt\/es\/wp-json\/wp\/v2\/pages\/5184\/revisions\/5667"}],"wp:attachment":[{"href":"https:\/\/flupol.pt\/es\/wp-json\/wp\/v2\/media?parent=5184"}],"curies":[{"name":"wp","href":"https:\/\/api.w.org\/{rel}","templated":true}]}}