
{"id":3139,"date":"2015-09-10T15:00:28","date_gmt":"2015-09-10T15:00:28","guid":{"rendered":"https:\/\/flupol.pt\/en\/funcoes-de-superficie\/anti-aderencia-2\/"},"modified":"2020-05-22T08:56:02","modified_gmt":"2020-05-22T08:56:02","slug":"non-stick","status":"publish","type":"page","link":"https:\/\/flupol.pt\/en\/surface-functions\/non-stick\/","title":{"rendered":"NON-STICK"},"content":{"rendered":"<p>[vc_row row_padding_top=&#8221;100&#8243;][vc_column width=&#8221;1\/2&#8243; css=&#8221;.vc_custom_1438428223593{padding-bottom: 70px !important;}&#8221;][vc_custom_heading text=&#8221;NON-STICK&#8221; font_container=&#8221;tag:h1|text_align:right&#8221; use_theme_fonts=&#8221;yes&#8221; css=&#8221;.vc_custom_1452188749584{margin-bottom: 4px !important;}&#8221;][vc_custom_heading text=&#8221;Fun\u00e7\u00f5es de Superf\u00edcie&#8221; font_container=&#8221;tag:h4|font_size:12|text_align:right|color:%23af0c0f|line_height:16px&#8221; use_theme_fonts=&#8221;yes&#8221; css=&#8221;.vc_custom_1447695513615{margin-top: 2px !important;margin-bottom: 5px !important;}&#8221;]<style type=\"text\/css\" >#l_ipdyogbqw7ss6044750x{width:200px;}#l_ipdyogbqw7ss6044750x.sc_line ,#l_ipdyogbqw7ss6044750x .sc_line {border-top:1px solid #bcbcbc; border-bottom:1px solid #bcbcbc; height:4px;}#l_ipdyogbqw7ss6044750x.sc_line ,#l_ipdyogbqw7ss6044750x .sc_line{margin-left:auto!important;}#l_ipdyogbqw7ss6044750x {margin:5px 0 5px 0; padding:0;}<\/style><div class=\"clearfix\"><\/div><div id=\"l_ipdyogbqw7ss6044750x\"  class=\"sc_line rd_line_double\" ><\/div>[vc_column_text]Flupol\u2019s range comprehensively covers the different customer needs for non stick coatings, from sweet and sour food dough processing, to foul reducing in chemical processing.<\/p>\n<p>The nature of non-stick behavior is related to the surface-energy difference between two different materials and to their chemical reactivity. A low surface-energy surface cannot be wet by any substance of higher surface-energy. Fluoropolymers are among the lowest surface energy materials known as well as the most non-reactive, and this explains their reluctance in being wet by other substances.<\/p>\n<p>In service conditions however, the surface energy of a given substance is changed and further considerations have to be considered in coating engineering. When a low surface energy coating presents pin-holes, cracks, or even a microporous structure, its non-stick properties are bound to be reduced. The contacting materials accumulate in said crevices and provide mechanical anchorage leading to premature failure of non-stick behavior, or even delamination. These defects can be avoided by skilled applicators.<\/p>\n<p>Despite all the fluoropolymers\u2019 amazing properties, they have a well recognized weakness when used in pure form, which is they poor resistance to abrasion. Carefully selected reinforcing agents are typically used to allow extended durability without hampering low surface energy.<\/p>\n<p>An engineered non-stick coating must provide all the benefits of low surface-energy materials, combined with exceptional service life, which demands knowledge in chemistry and industrial processing.[\/vc_column_text][\/vc_column][vc_column width=&#8221;1\/2&#8243;][vc_single_image image=&#8221;4102&#8243; img_size=&#8221;large&#8221; onclick=&#8221;zoom&#8221;][\/vc_column][\/vc_row][vc_row row_padding_top=&#8221;20&#8243; row_padding_bottom=&#8221;20&#8243;][vc_column width=&#8221;1\/4&#8243; css=&#8221;.vc_custom_1447676653767{padding-top: 55px !important;padding-bottom: 50px !important;}&#8221;][\/vc_column][vc_column width=&#8221;1\/2&#8243;]<style type=\"text\/css\" >#rand_pk8spzm0l6l6wetl7mfx {margin-top:60px; margin-bottom:50px; }<\/style><style type=\"text\/css\" >#rand_pk8spzm0l6l6wetl7mfx:hover .icon_circle i{color:#ad1718 !important;}#rand_pk8spzm0l6l6wetl7mfx:hover .icon_circle{background:#2d3e50 !important; border:4px solid #ad1718!important;}<\/style> <style type='text\/css'> @font-face{font-family: 'ws'; src:url('https:\/\/flupol.pt\/wp-content\/themes\/TheFox\/includes\/4k-icons\/icons\/4k-icons-pack05\/icons\/fonts\/ws.eot'); src:url('https:\/\/flupol.pt\/wp-content\/themes\/TheFox\/includes\/4k-icons\/icons\/4k-icons-pack05\/icons\/fonts\/ws.eot?#iefix') format('embedded-opentype'), url('https:\/\/flupol.pt\/wp-content\/themes\/TheFox\/includes\/4k-icons\/icons\/4k-icons-pack05\/icons\/fonts\/ws.woff') format('woff'), url('https:\/\/flupol.pt\/wp-content\/themes\/TheFox\/includes\/4k-icons\/icons\/4k-icons-pack05\/icons\/fonts\/ws.ttf') format('truetype'), url('https:\/\/flupol.pt\/wp-content\/themes\/TheFox\/includes\/4k-icons\/icons\/4k-icons-pack05\/icons\/fonts\/ws.svg#oi') format('svg'); font-weight: normal; font-style: normal;}#rand_pk8spzm0l6l6wetl7mfx .ws-retweet:before{font-family: 'ws'; font-weight: normal; font-style: normal;}#rand_pk8spzm0l6l6wetl7mfx .ws-retweet:before{content: \"\\e81a\";}<\/style>\n<div id=\"rand_pk8spzm0l6l6wetl7mfx\" class=\"icon_box2_alt \" style=\"background:rgba(0,0,0,0); border:1px solid #b2b2b2; \"><div class=\"icon_circle\" style=\"background-color:#ad1718;\"><i class=\"ws-retweet\" ><\/i><\/div><h3 style=\"color:;\" >FLUPOL PRODUCTS<\/h3><p style=\"color:;\" ><\/p>\n<p style=\"text-align: center;\"><a href=\"https:\/\/flupol.pt\/en\/produtos\/flucoat-602-3\/\">Flucoat 602<\/a>, <a href=\"https:\/\/flupol.pt\/en\/produtos\/flucoat-720-3\/\">Flucoat 720<\/a>, <a href=\"https:\/\/flupol.pt\/en\/produtos\/flucoat-725-3\/\">Flucoat 725<\/a><\/p>\n<p><\/p><\/div>[\/vc_column][vc_column width=&#8221;1\/4&#8243;][\/vc_column][\/vc_row]<\/p>\n","protected":false},"excerpt":{"rendered":"<p>[vc_row row_padding_top=&#8221;100&#8243;][vc_column width=&#8221;1\/2&#8243; css=&#8221;.vc_custom_1438428223593{padding-bottom: 70px !important;}&#8221;][vc_custom_heading text=&#8221;NON-STICK&#8221; font_container=&#8221;tag:h1|text_align:right&#8221; use_theme_fonts=&#8221;yes&#8221; css=&#8221;.vc_custom_1452188749584{margin-bottom: 4px !important;}&#8221;][vc_custom_heading text=&#8221;Fun\u00e7\u00f5es de Superf\u00edcie&#8221; font_container=&#8221;tag:h4|font_size:12|text_align:right|color:%23af0c0f|line_height:16px&#8221; use_theme_fonts=&#8221;yes&#8221; css=&#8221;.vc_custom_1447695513615{margin-top: 2px !important;margin-bottom: 5px !important;}&#8221;][vc_column_text]Flupol\u2019s range comprehensively covers the different customer needs for non stick coatings, from sweet and sour food dough processing, to foul reducing in chemical processing. The nature of non-stick behavior is related to the<br \/><a href=\"https:\/\/flupol.pt\/en\/surface-functions\/non-stick\/\" class=\"more\">Read more<\/a><\/p>\n","protected":false},"author":1,"featured_media":0,"parent":3138,"menu_order":0,"comment_status":"closed","ping_status":"closed","template":"","meta":{"_joinchat":[]},"yoast_head":"<!-- This site is optimized with the Yoast SEO plugin v18.8 - https:\/\/yoast.com\/wordpress\/plugins\/seo\/ -->\n<title>NON-STICK - Flupol<\/title>\n<meta name=\"robots\" content=\"index, follow, max-snippet:-1, max-image-preview:large, max-video-preview:-1\" \/>\n<link rel=\"canonical\" href=\"https:\/\/flupol.pt\/en\/surface-functions\/non-stick\/\" \/>\n<meta property=\"og:locale\" content=\"en_US\" \/>\n<meta property=\"og:type\" content=\"article\" \/>\n<meta property=\"og:title\" content=\"NON-STICK - Flupol\" \/>\n<meta property=\"og:description\" content=\"[vc_row row_padding_top=&#8221;100&#8243;][vc_column width=&#8221;1\/2&#8243; css=&#8221;.vc_custom_1438428223593{padding-bottom: 70px !important;}&#8221;][vc_custom_heading text=&#8221;NON-STICK&#8221; font_container=&#8221;tag:h1|text_align:right&#8221; use_theme_fonts=&#8221;yes&#8221; css=&#8221;.vc_custom_1452188749584{margin-bottom: 4px !important;}&#8221;][vc_custom_heading text=&#8221;Fun\u00e7\u00f5es de Superf\u00edcie&#8221; font_container=&#8221;tag:h4|font_size:12|text_align:right|color:%23af0c0f|line_height:16px&#8221; use_theme_fonts=&#8221;yes&#8221; css=&#8221;.vc_custom_1447695513615{margin-top: 2px !important;margin-bottom: 5px !important;}&#8221;][vc_column_text]Flupol\u2019s range comprehensively covers the different customer needs for non stick coatings, from sweet and sour food dough processing, to foul reducing in chemical processing. The nature of non-stick behavior is related to theRead more\" \/>\n<meta property=\"og:url\" content=\"https:\/\/flupol.pt\/en\/surface-functions\/non-stick\/\" \/>\n<meta property=\"og:site_name\" content=\"Flupol\" \/>\n<meta property=\"article:modified_time\" content=\"2020-05-22T08:56:02+00:00\" \/>\n<meta name=\"twitter:card\" content=\"summary\" \/>\n<meta name=\"twitter:label1\" content=\"Est. reading time\" \/>\n\t<meta name=\"twitter:data1\" content=\"2 minutes\" \/>\n<script type=\"application\/ld+json\" class=\"yoast-schema-graph\">{\"@context\":\"https:\/\/schema.org\",\"@graph\":[{\"@type\":\"WebSite\",\"@id\":\"https:\/\/flupol.pt\/#website\",\"url\":\"https:\/\/flupol.pt\/\",\"name\":\"Flupol\",\"description\":\"Surface Engineering\",\"potentialAction\":[{\"@type\":\"SearchAction\",\"target\":{\"@type\":\"EntryPoint\",\"urlTemplate\":\"https:\/\/flupol.pt\/?s={search_term_string}\"},\"query-input\":\"required name=search_term_string\"}],\"inLanguage\":\"en-US\"},{\"@type\":\"WebPage\",\"@id\":\"https:\/\/flupol.pt\/en\/surface-functions\/non-stick\/#webpage\",\"url\":\"https:\/\/flupol.pt\/en\/surface-functions\/non-stick\/\",\"name\":\"NON-STICK - Flupol\",\"isPartOf\":{\"@id\":\"https:\/\/flupol.pt\/#website\"},\"datePublished\":\"2015-09-10T15:00:28+00:00\",\"dateModified\":\"2020-05-22T08:56:02+00:00\",\"breadcrumb\":{\"@id\":\"https:\/\/flupol.pt\/en\/surface-functions\/non-stick\/#breadcrumb\"},\"inLanguage\":\"en-US\",\"potentialAction\":[{\"@type\":\"ReadAction\",\"target\":[\"https:\/\/flupol.pt\/en\/surface-functions\/non-stick\/\"]}]},{\"@type\":\"BreadcrumbList\",\"@id\":\"https:\/\/flupol.pt\/en\/surface-functions\/non-stick\/#breadcrumb\",\"itemListElement\":[{\"@type\":\"ListItem\",\"position\":1,\"name\":\"In\u00edcio\",\"item\":\"https:\/\/flupol.pt\/en\/\"},{\"@type\":\"ListItem\",\"position\":2,\"name\":\"SURFACE FUNCTIONS\",\"item\":\"https:\/\/flupol.pt\/en\/surface-functions\/\"},{\"@type\":\"ListItem\",\"position\":3,\"name\":\"NON-STICK\"}]}]}<\/script>\n<!-- \/ Yoast SEO plugin. -->","yoast_head_json":{"title":"NON-STICK - Flupol","robots":{"index":"index","follow":"follow","max-snippet":"max-snippet:-1","max-image-preview":"max-image-preview:large","max-video-preview":"max-video-preview:-1"},"canonical":"https:\/\/flupol.pt\/en\/surface-functions\/non-stick\/","og_locale":"en_US","og_type":"article","og_title":"NON-STICK - Flupol","og_description":"[vc_row row_padding_top=&#8221;100&#8243;][vc_column width=&#8221;1\/2&#8243; css=&#8221;.vc_custom_1438428223593{padding-bottom: 70px !important;}&#8221;][vc_custom_heading text=&#8221;NON-STICK&#8221; font_container=&#8221;tag:h1|text_align:right&#8221; use_theme_fonts=&#8221;yes&#8221; css=&#8221;.vc_custom_1452188749584{margin-bottom: 4px !important;}&#8221;][vc_custom_heading text=&#8221;Fun\u00e7\u00f5es de Superf\u00edcie&#8221; font_container=&#8221;tag:h4|font_size:12|text_align:right|color:%23af0c0f|line_height:16px&#8221; use_theme_fonts=&#8221;yes&#8221; css=&#8221;.vc_custom_1447695513615{margin-top: 2px !important;margin-bottom: 5px !important;}&#8221;][vc_column_text]Flupol\u2019s range comprehensively covers the different customer needs for non stick coatings, from sweet and sour food dough processing, to foul reducing in chemical processing. The nature of non-stick behavior is related to theRead more","og_url":"https:\/\/flupol.pt\/en\/surface-functions\/non-stick\/","og_site_name":"Flupol","article_modified_time":"2020-05-22T08:56:02+00:00","twitter_card":"summary","twitter_misc":{"Est. reading time":"2 minutes"},"schema":{"@context":"https:\/\/schema.org","@graph":[{"@type":"WebSite","@id":"https:\/\/flupol.pt\/#website","url":"https:\/\/flupol.pt\/","name":"Flupol","description":"Surface Engineering","potentialAction":[{"@type":"SearchAction","target":{"@type":"EntryPoint","urlTemplate":"https:\/\/flupol.pt\/?s={search_term_string}"},"query-input":"required name=search_term_string"}],"inLanguage":"en-US"},{"@type":"WebPage","@id":"https:\/\/flupol.pt\/en\/surface-functions\/non-stick\/#webpage","url":"https:\/\/flupol.pt\/en\/surface-functions\/non-stick\/","name":"NON-STICK - Flupol","isPartOf":{"@id":"https:\/\/flupol.pt\/#website"},"datePublished":"2015-09-10T15:00:28+00:00","dateModified":"2020-05-22T08:56:02+00:00","breadcrumb":{"@id":"https:\/\/flupol.pt\/en\/surface-functions\/non-stick\/#breadcrumb"},"inLanguage":"en-US","potentialAction":[{"@type":"ReadAction","target":["https:\/\/flupol.pt\/en\/surface-functions\/non-stick\/"]}]},{"@type":"BreadcrumbList","@id":"https:\/\/flupol.pt\/en\/surface-functions\/non-stick\/#breadcrumb","itemListElement":[{"@type":"ListItem","position":1,"name":"In\u00edcio","item":"https:\/\/flupol.pt\/en\/"},{"@type":"ListItem","position":2,"name":"SURFACE FUNCTIONS","item":"https:\/\/flupol.pt\/en\/surface-functions\/"},{"@type":"ListItem","position":3,"name":"NON-STICK"}]}]}},"_links":{"self":[{"href":"https:\/\/flupol.pt\/en\/wp-json\/wp\/v2\/pages\/3139"}],"collection":[{"href":"https:\/\/flupol.pt\/en\/wp-json\/wp\/v2\/pages"}],"about":[{"href":"https:\/\/flupol.pt\/en\/wp-json\/wp\/v2\/types\/page"}],"author":[{"embeddable":true,"href":"https:\/\/flupol.pt\/en\/wp-json\/wp\/v2\/users\/1"}],"replies":[{"embeddable":true,"href":"https:\/\/flupol.pt\/en\/wp-json\/wp\/v2\/comments?post=3139"}],"version-history":[{"count":11,"href":"https:\/\/flupol.pt\/en\/wp-json\/wp\/v2\/pages\/3139\/revisions"}],"predecessor-version":[{"id":5851,"href":"https:\/\/flupol.pt\/en\/wp-json\/wp\/v2\/pages\/3139\/revisions\/5851"}],"up":[{"embeddable":true,"href":"https:\/\/flupol.pt\/en\/wp-json\/wp\/v2\/pages\/3138"}],"wp:attachment":[{"href":"https:\/\/flupol.pt\/en\/wp-json\/wp\/v2\/media?parent=3139"}],"curies":[{"name":"wp","href":"https:\/\/api.w.org\/{rel}","templated":true}]}}