
{"id":3058,"date":"2015-09-21T15:29:02","date_gmt":"2015-09-21T15:29:02","guid":{"rendered":"https:\/\/flupol.pt\/en\/surface-engineering\/quimica\/"},"modified":"2017-05-30T14:17:42","modified_gmt":"2017-05-30T14:17:42","slug":"chemical-pharmaceutical","status":"publish","type":"page","link":"https:\/\/flupol.pt\/en\/surface-engineering\/chemical-pharmaceutical\/","title":{"rendered":"CHEMICAL &#038; PHARMACEUTICAL"},"content":{"rendered":"<p>[vc_row row_padding_top=&#8221;100&#8243;][vc_column width=&#8221;1\/2&#8243;][vc_custom_heading text=&#8221;CHEMICAL &amp; PHARMACEUTICAL&#8221; font_container=&#8221;tag:h1|text_align:right&#8221; use_theme_fonts=&#8221;yes&#8221; css=&#8221;.vc_custom_1452159088530{margin-bottom: 4px !important;}&#8221;][vc_custom_heading text=&#8221;Surface Enginnering&#8221; font_container=&#8221;tag:h4|font_size:12|text_align:right|color:%23af0c0f|line_height:16px&#8221; use_theme_fonts=&#8221;yes&#8221; css=&#8221;.vc_custom_1450709638523{margin-top: 2px !important;margin-bottom: 5px !important;}&#8221;]<style type=\"text\/css\" >#l_4ms28nyksy709z7i9t1l{width:200px;}#l_4ms28nyksy709z7i9t1l.sc_line ,#l_4ms28nyksy709z7i9t1l .sc_line {border-top:1px solid #bcbcbc; border-bottom:1px solid #bcbcbc; height:4px;}#l_4ms28nyksy709z7i9t1l.sc_line ,#l_4ms28nyksy709z7i9t1l .sc_line{margin-left:auto!important;}#l_4ms28nyksy709z7i9t1l {margin:5px 0 0px 0; padding:0;}<\/style><div class=\"clearfix\"><\/div><div id=\"l_4ms28nyksy709z7i9t1l\"  class=\"sc_line rd_line_double\" ><\/div>[vc_column_text]<\/p>\n<p style=\"text-align: left;\"><u>Generic cases<\/u><\/p>\n<p style=\"text-align: left;\">Polymer or ceramic\/polymer coatings:<\/p>\n<ul style=\"text-align: left;\">\n<li>Thick coatings to operate continuously in extremely aggressive chemical environments;<\/li>\n<li>Coatings applied in components with dimensions up to 5 x 2.5 x 2.5m, or 7 x 0,8 x 0,6m;<\/li>\n<li>Applied also on medical equipment.<\/li>\n<\/ul>\n<p>[\/vc_column_text][\/vc_column][vc_column width=&#8221;1\/2&#8243; css=&#8221;.vc_custom_1438428223593{padding-bottom: 70px !important;}&#8221;][vc_single_image image=&#8221;2351&#8243; img_size=&#8221;large&#8221; onclick=&#8221;zoom&#8221;][\/vc_column][\/vc_row][vc_row row_padding_top=&#8221;20&#8243; row_padding_bottom=&#8221;20&#8243;][vc_column width=&#8221;1\/6&#8243; css=&#8221;.vc_custom_1447676653767{padding-top: 55px !important;padding-bottom: 50px !important;}&#8221;][\/vc_column][vc_column width=&#8221;2\/3&#8243;]<style type=\"text\/css\" >#rand_dvpjp669golc752mkei2 {margin-top:60px; margin-bottom:60px; }<\/style><style type=\"text\/css\" >#rand_dvpjp669golc752mkei2:hover .icon_circle i{color:#ad1718 !important;}#rand_dvpjp669golc752mkei2:hover .icon_circle{background:#2d3e50 !important; border:4px solid #ad1718!important;}<\/style> <style type='text\/css'> @font-face{font-family: 'ws'; src:url('https:\/\/flupol.pt\/wp-content\/themes\/TheFox\/includes\/4k-icons\/icons\/4k-icons-pack05\/icons\/fonts\/ws.eot'); src:url('https:\/\/flupol.pt\/wp-content\/themes\/TheFox\/includes\/4k-icons\/icons\/4k-icons-pack05\/icons\/fonts\/ws.eot?#iefix') format('embedded-opentype'), url('https:\/\/flupol.pt\/wp-content\/themes\/TheFox\/includes\/4k-icons\/icons\/4k-icons-pack05\/icons\/fonts\/ws.woff') format('woff'), url('https:\/\/flupol.pt\/wp-content\/themes\/TheFox\/includes\/4k-icons\/icons\/4k-icons-pack05\/icons\/fonts\/ws.ttf') format('truetype'), url('https:\/\/flupol.pt\/wp-content\/themes\/TheFox\/includes\/4k-icons\/icons\/4k-icons-pack05\/icons\/fonts\/ws.svg#oi') format('svg'); font-weight: normal; font-style: normal;}#rand_dvpjp669golc752mkei2 .ws-retweet:before{font-family: 'ws'; font-weight: normal; font-style: normal;}#rand_dvpjp669golc752mkei2 .ws-retweet:before{content: \"\\e81a\";}<\/style>\n<div id=\"rand_dvpjp669golc752mkei2\" class=\"icon_box2_alt \" style=\"background:rgba(0,0,0,0); border:1px solid #b2b2b2; \"><div class=\"icon_circle\" style=\"background-color:#ad1718;\"><i class=\"ws-retweet\" ><\/i><\/div><h3 style=\"color:;\" >PARTNERS<\/h3><p style=\"color:;\" ><\/p>\n<p style=\"text-align: center;\"><a href=\"https:\/\/flupol.pt\/detail\/hovione\/\">HOVIONE<\/a>, <a href=\"https:\/\/flupol.pt\/en\/detail\/cipan\/\">CIPAN<\/a><\/p>\n<p><\/p><\/div>[\/vc_column][vc_column width=&#8221;1\/6&#8243;][\/vc_column][\/vc_row][vc_row][vc_column][vc_custom_heading text=&#8221;GALLERY&#8221; font_container=&#8221;tag:h3|text_align:center&#8221; use_theme_fonts=&#8221;yes&#8221;]<style type=\"text\/css\" >#l_odivnxjcb2ximtphb23s{width:100px;}#l_odivnxjcb2ximtphb23s.sc_line ,#l_odivnxjcb2ximtphb23s .sc_line {border-top:1px solid #e8e8e8; border-bottom:1px solid #e8e8e8; height:4px;}#l_odivnxjcb2ximtphb23s.sc_line ,#l_odivnxjcb2ximtphb23s .sc_line{margin-left:auto!important; margin-right:auto!important;}#l_odivnxjcb2ximtphb23s {margin:0px 0 10px 0; padding:0;}<\/style><div class=\"clearfix\"><\/div><div id=\"l_odivnxjcb2ximtphb23s\"  class=\"sc_line rd_line_double\" ><\/div><div class=\"rd_img_gallery_ctn clearfix\" style=\"margin:0px auto 0px;\"><a class=\"ig_col_3 \" href=\"https:\/\/flupol.pt\/wp-content\/uploads\/2015\/11\/maritima1.jpg\"  rel=\"prettyPhoto[rel-1430272425]\" ><img class=\"\" src=\"https:\/\/flupol.pt\/wp-content\/uploads\/2015\/11\/maritima1-300x250.jpg\" width=\"300\" height=\"250\" alt=\"maritima1\" title=\"maritima1\" \/><\/a><a class=\"ig_col_3 \" href=\"https:\/\/flupol.pt\/wp-content\/uploads\/2015\/11\/maritima3.jpg\"  rel=\"prettyPhoto[rel-1430272425]\" ><img class=\"\" src=\"https:\/\/flupol.pt\/wp-content\/uploads\/2015\/11\/maritima3-300x250.jpg\" width=\"300\" height=\"250\" alt=\"maritima3\" title=\"maritima3\" \/><\/a><a class=\"ig_col_3 \" href=\"https:\/\/flupol.pt\/wp-content\/uploads\/2015\/11\/maritima2.jpg\"  rel=\"prettyPhoto[rel-1430272425]\" ><img class=\"\" src=\"https:\/\/flupol.pt\/wp-content\/uploads\/2015\/11\/maritima2-300x250.jpg\" width=\"300\" height=\"250\" alt=\"maritima2\" title=\"maritima2\" \/><\/a><a class=\"ig_col_3 \" href=\"https:\/\/flupol.pt\/wp-content\/uploads\/2015\/09\/13321234_1125361177506129_1005913010_o1-1024x768.jpg\"  rel=\"prettyPhoto[rel-1430272425]\" ><img class=\"\" src=\"https:\/\/flupol.pt\/wp-content\/uploads\/2015\/09\/13321234_1125361177506129_1005913010_o1-300x250.jpg\" width=\"300\" height=\"250\" alt=\"13321234_1125361177506129_1005913010_o\" title=\"13321234_1125361177506129_1005913010_o\" \/><\/a><a class=\"ig_col_3 \" href=\"https:\/\/flupol.pt\/wp-content\/uploads\/2015\/09\/13334297_1125363047505942_816521144_o1-1024x768.jpg\"  rel=\"prettyPhoto[rel-1430272425]\" ><img class=\"\" src=\"https:\/\/flupol.pt\/wp-content\/uploads\/2015\/09\/13334297_1125363047505942_816521144_o1-300x250.jpg\" width=\"300\" height=\"250\" alt=\"13334297_1125363047505942_816521144_o\" title=\"13334297_1125363047505942_816521144_o\" \/><\/a><a class=\"ig_col_3 \" href=\"https:\/\/flupol.pt\/wp-content\/uploads\/2015\/09\/13334855_1125363030839277_1639083109_o-1024x768.jpg\"  rel=\"prettyPhoto[rel-1430272425]\" ><img class=\"\" src=\"https:\/\/flupol.pt\/wp-content\/uploads\/2015\/09\/13334855_1125363030839277_1639083109_o-300x250.jpg\" width=\"300\" height=\"250\" alt=\"13334855_1125363030839277_1639083109_o\" title=\"13334855_1125363030839277_1639083109_o\" \/><\/a><a class=\"ig_col_3 \" href=\"https:\/\/flupol.pt\/wp-content\/uploads\/2015\/09\/Aplica\u00e7\u00e3o-na-ind\u00fastria-Qu\u00edmica1-1024x750.png\"  rel=\"prettyPhoto[rel-1430272425]\" ><img class=\"\" src=\"https:\/\/flupol.pt\/wp-content\/uploads\/2015\/09\/Aplica\u00e7\u00e3o-na-ind\u00fastria-Qu\u00edmica1-300x250.png\" width=\"300\" height=\"250\" alt=\"Aplica\u00e7\u00e3o na ind\u00fastria Qu\u00edmica\" title=\"Aplica\u00e7\u00e3o na ind\u00fastria Qu\u00edmica\" \/><\/a><a class=\"ig_col_3 \" href=\"https:\/\/flupol.pt\/wp-content\/uploads\/2015\/09\/Cuba3-1024x750.png\"  rel=\"prettyPhoto[rel-1430272425]\" ><img class=\"\" src=\"https:\/\/flupol.pt\/wp-content\/uploads\/2015\/09\/Cuba3-300x250.png\" width=\"300\" height=\"250\" alt=\"Cuba\" title=\"Cuba\" \/><\/a><a class=\"ig_col_3 \" href=\"https:\/\/flupol.pt\/wp-content\/uploads\/2015\/09\/Conduta-7.jpg\"  rel=\"prettyPhoto[rel-1430272425]\" ><img class=\"\" src=\"https:\/\/flupol.pt\/wp-content\/uploads\/2015\/09\/Conduta-7-300x250.jpg\" width=\"300\" height=\"250\" alt=\"Conduta\" title=\"Conduta\" \/><\/a><a class=\"ig_col_3 \" href=\"https:\/\/flupol.pt\/wp-content\/uploads\/2015\/09\/Conduta-3-1.jpg\"  rel=\"prettyPhoto[rel-1430272425]\" ><img class=\"\" src=\"https:\/\/flupol.pt\/wp-content\/uploads\/2015\/09\/Conduta-3-1-300x250.jpg\" width=\"300\" height=\"250\" alt=\"Conduta 3\" title=\"Conduta 3\" \/><\/a><\/div>[\/vc_column][\/vc_row][vc_row][vc_column]<style type=\"text\/css\" >#b_od9scmjvnee6oqo0kgju a{color:; background:; margin-top:0px; margin-bottom:0px;  margin-left:0px; margin-right:0px; font-weight:900; border-radius:5px;}#b_od9scmjvnee6oqo0kgju a:hover{color: ; background: ;}<\/style><div class=\"ta_center tf_btn_pos\" id=\"b_od9scmjvnee6oqo0kgju\" ><a class=\"rd_normal_bt medium_rd_bt  \" href=\"https:\/\/flupol.pt\/en\/surface-engineering\/\" target=\"\" >+ SURFACE ENGINEERING<\/a><\/div>[\/vc_column][\/vc_row]<\/p>\n","protected":false},"excerpt":{"rendered":"<p>[vc_row row_padding_top=&#8221;100&#8243;][vc_column width=&#8221;1\/2&#8243;][vc_custom_heading text=&#8221;CHEMICAL &amp; PHARMACEUTICAL&#8221; font_container=&#8221;tag:h1|text_align:right&#8221; use_theme_fonts=&#8221;yes&#8221; css=&#8221;.vc_custom_1452159088530{margin-bottom: 4px !important;}&#8221;][vc_custom_heading text=&#8221;Surface Enginnering&#8221; font_container=&#8221;tag:h4|font_size:12|text_align:right|color:%23af0c0f|line_height:16px&#8221; use_theme_fonts=&#8221;yes&#8221; css=&#8221;.vc_custom_1450709638523{margin-top: 2px !important;margin-bottom: 5px !important;}&#8221;][vc_column_text] Generic cases Polymer or ceramic\/polymer coatings: Thick coatings to operate continuously in extremely aggressive chemical environments; Coatings applied in components with dimensions up to 5 x 2.5 x 2.5m, or 7 x 0,8 x 0,6m;<br \/><a href=\"https:\/\/flupol.pt\/en\/surface-engineering\/chemical-pharmaceutical\/\" class=\"more\">Read more<\/a><\/p>\n","protected":false},"author":1,"featured_media":0,"parent":3038,"menu_order":0,"comment_status":"closed","ping_status":"closed","template":"","meta":{"_joinchat":[]},"yoast_head":"<!-- This site is optimized with the Yoast SEO plugin v18.8 - https:\/\/yoast.com\/wordpress\/plugins\/seo\/ -->\n<title>CHEMICAL &amp; PHARMACEUTICAL - Flupol<\/title>\n<meta name=\"robots\" content=\"index, follow, max-snippet:-1, max-image-preview:large, max-video-preview:-1\" \/>\n<link rel=\"canonical\" href=\"https:\/\/flupol.pt\/en\/surface-engineering\/chemical-pharmaceutical\/\" \/>\n<meta property=\"og:locale\" content=\"en_US\" \/>\n<meta property=\"og:type\" content=\"article\" \/>\n<meta property=\"og:title\" content=\"CHEMICAL &amp; PHARMACEUTICAL - Flupol\" \/>\n<meta property=\"og:description\" content=\"[vc_row row_padding_top=&#8221;100&#8243;][vc_column width=&#8221;1\/2&#8243;][vc_custom_heading text=&#8221;CHEMICAL &amp; PHARMACEUTICAL&#8221; font_container=&#8221;tag:h1|text_align:right&#8221; use_theme_fonts=&#8221;yes&#8221; css=&#8221;.vc_custom_1452159088530{margin-bottom: 4px !important;}&#8221;][vc_custom_heading text=&#8221;Surface Enginnering&#8221; font_container=&#8221;tag:h4|font_size:12|text_align:right|color:%23af0c0f|line_height:16px&#8221; use_theme_fonts=&#8221;yes&#8221; css=&#8221;.vc_custom_1450709638523{margin-top: 2px !important;margin-bottom: 5px !important;}&#8221;][vc_column_text] Generic cases Polymer or ceramic\/polymer coatings: Thick coatings to operate continuously in extremely aggressive chemical environments; Coatings applied in components with dimensions up to 5 x 2.5 x 2.5m, or 7 x 0,8 x 0,6m;Read more\" \/>\n<meta property=\"og:url\" content=\"https:\/\/flupol.pt\/en\/surface-engineering\/chemical-pharmaceutical\/\" \/>\n<meta property=\"og:site_name\" content=\"Flupol\" \/>\n<meta property=\"article:modified_time\" content=\"2017-05-30T14:17:42+00:00\" \/>\n<meta name=\"twitter:card\" content=\"summary\" \/>\n<meta name=\"twitter:label1\" content=\"Est. reading time\" \/>\n\t<meta name=\"twitter:data1\" content=\"1 minute\" \/>\n<script type=\"application\/ld+json\" class=\"yoast-schema-graph\">{\"@context\":\"https:\/\/schema.org\",\"@graph\":[{\"@type\":\"WebSite\",\"@id\":\"https:\/\/flupol.pt\/#website\",\"url\":\"https:\/\/flupol.pt\/\",\"name\":\"Flupol\",\"description\":\"Surface Engineering\",\"potentialAction\":[{\"@type\":\"SearchAction\",\"target\":{\"@type\":\"EntryPoint\",\"urlTemplate\":\"https:\/\/flupol.pt\/?s={search_term_string}\"},\"query-input\":\"required name=search_term_string\"}],\"inLanguage\":\"en-US\"},{\"@type\":\"WebPage\",\"@id\":\"https:\/\/flupol.pt\/en\/surface-engineering\/chemical-pharmaceutical\/#webpage\",\"url\":\"https:\/\/flupol.pt\/en\/surface-engineering\/chemical-pharmaceutical\/\",\"name\":\"CHEMICAL & PHARMACEUTICAL - Flupol\",\"isPartOf\":{\"@id\":\"https:\/\/flupol.pt\/#website\"},\"datePublished\":\"2015-09-21T15:29:02+00:00\",\"dateModified\":\"2017-05-30T14:17:42+00:00\",\"breadcrumb\":{\"@id\":\"https:\/\/flupol.pt\/en\/surface-engineering\/chemical-pharmaceutical\/#breadcrumb\"},\"inLanguage\":\"en-US\",\"potentialAction\":[{\"@type\":\"ReadAction\",\"target\":[\"https:\/\/flupol.pt\/en\/surface-engineering\/chemical-pharmaceutical\/\"]}]},{\"@type\":\"BreadcrumbList\",\"@id\":\"https:\/\/flupol.pt\/en\/surface-engineering\/chemical-pharmaceutical\/#breadcrumb\",\"itemListElement\":[{\"@type\":\"ListItem\",\"position\":1,\"name\":\"In\u00edcio\",\"item\":\"https:\/\/flupol.pt\/en\/\"},{\"@type\":\"ListItem\",\"position\":2,\"name\":\"SURFACE ENGINEERING\",\"item\":\"https:\/\/flupol.pt\/en\/surface-engineering\/\"},{\"@type\":\"ListItem\",\"position\":3,\"name\":\"CHEMICAL &#038; PHARMACEUTICAL\"}]}]}<\/script>\n<!-- \/ Yoast SEO plugin. -->","yoast_head_json":{"title":"CHEMICAL & PHARMACEUTICAL - Flupol","robots":{"index":"index","follow":"follow","max-snippet":"max-snippet:-1","max-image-preview":"max-image-preview:large","max-video-preview":"max-video-preview:-1"},"canonical":"https:\/\/flupol.pt\/en\/surface-engineering\/chemical-pharmaceutical\/","og_locale":"en_US","og_type":"article","og_title":"CHEMICAL & PHARMACEUTICAL - Flupol","og_description":"[vc_row row_padding_top=&#8221;100&#8243;][vc_column width=&#8221;1\/2&#8243;][vc_custom_heading text=&#8221;CHEMICAL &amp; PHARMACEUTICAL&#8221; font_container=&#8221;tag:h1|text_align:right&#8221; use_theme_fonts=&#8221;yes&#8221; css=&#8221;.vc_custom_1452159088530{margin-bottom: 4px !important;}&#8221;][vc_custom_heading text=&#8221;Surface Enginnering&#8221; font_container=&#8221;tag:h4|font_size:12|text_align:right|color:%23af0c0f|line_height:16px&#8221; use_theme_fonts=&#8221;yes&#8221; css=&#8221;.vc_custom_1450709638523{margin-top: 2px !important;margin-bottom: 5px !important;}&#8221;][vc_column_text] Generic cases Polymer or ceramic\/polymer coatings: Thick coatings to operate continuously in extremely aggressive chemical environments; Coatings applied in components with dimensions up to 5 x 2.5 x 2.5m, or 7 x 0,8 x 0,6m;Read more","og_url":"https:\/\/flupol.pt\/en\/surface-engineering\/chemical-pharmaceutical\/","og_site_name":"Flupol","article_modified_time":"2017-05-30T14:17:42+00:00","twitter_card":"summary","twitter_misc":{"Est. reading time":"1 minute"},"schema":{"@context":"https:\/\/schema.org","@graph":[{"@type":"WebSite","@id":"https:\/\/flupol.pt\/#website","url":"https:\/\/flupol.pt\/","name":"Flupol","description":"Surface Engineering","potentialAction":[{"@type":"SearchAction","target":{"@type":"EntryPoint","urlTemplate":"https:\/\/flupol.pt\/?s={search_term_string}"},"query-input":"required name=search_term_string"}],"inLanguage":"en-US"},{"@type":"WebPage","@id":"https:\/\/flupol.pt\/en\/surface-engineering\/chemical-pharmaceutical\/#webpage","url":"https:\/\/flupol.pt\/en\/surface-engineering\/chemical-pharmaceutical\/","name":"CHEMICAL & PHARMACEUTICAL - Flupol","isPartOf":{"@id":"https:\/\/flupol.pt\/#website"},"datePublished":"2015-09-21T15:29:02+00:00","dateModified":"2017-05-30T14:17:42+00:00","breadcrumb":{"@id":"https:\/\/flupol.pt\/en\/surface-engineering\/chemical-pharmaceutical\/#breadcrumb"},"inLanguage":"en-US","potentialAction":[{"@type":"ReadAction","target":["https:\/\/flupol.pt\/en\/surface-engineering\/chemical-pharmaceutical\/"]}]},{"@type":"BreadcrumbList","@id":"https:\/\/flupol.pt\/en\/surface-engineering\/chemical-pharmaceutical\/#breadcrumb","itemListElement":[{"@type":"ListItem","position":1,"name":"In\u00edcio","item":"https:\/\/flupol.pt\/en\/"},{"@type":"ListItem","position":2,"name":"SURFACE ENGINEERING","item":"https:\/\/flupol.pt\/en\/surface-engineering\/"},{"@type":"ListItem","position":3,"name":"CHEMICAL &#038; PHARMACEUTICAL"}]}]}},"_links":{"self":[{"href":"https:\/\/flupol.pt\/en\/wp-json\/wp\/v2\/pages\/3058"}],"collection":[{"href":"https:\/\/flupol.pt\/en\/wp-json\/wp\/v2\/pages"}],"about":[{"href":"https:\/\/flupol.pt\/en\/wp-json\/wp\/v2\/types\/page"}],"author":[{"embeddable":true,"href":"https:\/\/flupol.pt\/en\/wp-json\/wp\/v2\/users\/1"}],"replies":[{"embeddable":true,"href":"https:\/\/flupol.pt\/en\/wp-json\/wp\/v2\/comments?post=3058"}],"version-history":[{"count":10,"href":"https:\/\/flupol.pt\/en\/wp-json\/wp\/v2\/pages\/3058\/revisions"}],"predecessor-version":[{"id":5105,"href":"https:\/\/flupol.pt\/en\/wp-json\/wp\/v2\/pages\/3058\/revisions\/5105"}],"up":[{"embeddable":true,"href":"https:\/\/flupol.pt\/en\/wp-json\/wp\/v2\/pages\/3038"}],"wp:attachment":[{"href":"https:\/\/flupol.pt\/en\/wp-json\/wp\/v2\/media?parent=3058"}],"curies":[{"name":"wp","href":"https:\/\/api.w.org\/{rel}","templated":true}]}}