
{"id":3022,"date":"2015-09-09T10:10:32","date_gmt":"2015-09-09T10:10:32","guid":{"rendered":"https:\/\/flupol.pt\/en\/institutional\/empresa\/"},"modified":"2018-05-25T16:28:19","modified_gmt":"2018-05-25T16:28:19","slug":"company","status":"publish","type":"page","link":"https:\/\/flupol.pt\/en\/institutional\/company\/","title":{"rendered":"COMPANY"},"content":{"rendered":"<p>[vc_row row_padding_top=&#8221;20&#8243; row_padding_bottom=&#8221;50&#8243; row_margin_top=&#8221;50&#8243;][vc_column width=&#8221;2\/3&#8243;][vc_custom_heading text=&#8221;Flupol &#8211; Surface Engineering&#8221; use_theme_fonts=&#8221;yes&#8221;]<style type=\"text\/css\" >#l_vsqso3rv0md0lqav4tfg.sc_line ,#l_vsqso3rv0md0lqav4tfg .sc_line {border-top:1px solid ; border-bottom:1px solid ; height:4px;}#l_vsqso3rv0md0lqav4tfg {margin:0px 0 5px 0; padding:0;}<\/style><div class=\"clearfix\"><\/div><div id=\"l_vsqso3rv0md0lqav4tfg\"  class=\"sc_line rd_line_double\" ><\/div>[vc_empty_space height=&#8221;12px&#8221;][vc_column_text]Born in 1986, FLUPOL is a company specialized in designing SURFACE ENGINEERING solutions through the application of active coatings on the surface of functional parts.<\/p>\n<p><strong>We are\u2026<\/strong><\/p>\n<ul>\n<li>\u2026an innovative company in the segment of functional surfaces\u2026<\/li>\n<li>\u2026supported by highly skilled engineering staff and a strong connection with the scientific cluster\u2026<\/li>\n<li>\u2026developing customized solutions for practically any type of industry.<\/li>\n<\/ul>\n<p>Our company concept is supported by knowledge and focused in technology for development of raw materials from nano to macro scale, processing equipment and full scale industrialization.<\/p>\n<h3><strong>Highlights<\/strong><\/h3>\n<ul>\n<li><strong>1986:<\/strong> Official recoater for Rank Xerox photocopier rollers;<\/li>\n<li><strong>1991:<\/strong> First company worldwide to apply non-stick coatings on stainless-steel cookware;<\/li>\n<li><strong>1998:<\/strong> Automotive Tier 1 supplier for innovative ignition systems components;<\/li>\n<li><strong>2004:<\/strong> Introduction of Flucoat 602, the reference non-stick coating for industrial baking systems;<\/li>\n<li><strong>2012: <\/strong>\n<ul>\n<li>Fully automated sol-gel ceramic coatings application for range-topping gas burners;<\/li>\n<li>First Portuguese company to adopt a robotic manipulator that uses artificial vision to reproduce human movements.<\/li>\n<\/ul>\n<\/li>\n<li><strong>2014:<\/strong> ESA approval of Flucoat X54 for spaceflight.<\/li>\n<\/ul>\n<p>&nbsp;<\/p>\n<h3><strong>Our Quality and Innovation Policy<\/strong><\/h3>\n<h3><strong><a href=\"https:\/\/flupol.pt\/wp-content\/uploads\/2018\/05\/Pol\u00edtica-de-Qualidade-e-Inova\u00e7\u00e3o-EN-FLUPOL.jpg\"><img loading=\"lazy\" class=\"alignleft wp-image-5791\" src=\"https:\/\/flupol.pt\/wp-content\/uploads\/2018\/05\/Pol\u00edtica-de-Qualidade-e-Inova\u00e7\u00e3o-EN-FLUPOL.jpg\" alt=\"\" width=\"303\" height=\"170\" srcset=\"https:\/\/flupol.pt\/wp-content\/uploads\/2018\/05\/Pol\u00edtica-de-Qualidade-e-Inova\u00e7\u00e3o-EN-FLUPOL.jpg 1280w, https:\/\/flupol.pt\/wp-content\/uploads\/2018\/05\/Pol\u00edtica-de-Qualidade-e-Inova\u00e7\u00e3o-EN-FLUPOL-300x169.jpg 300w, https:\/\/flupol.pt\/wp-content\/uploads\/2018\/05\/Pol\u00edtica-de-Qualidade-e-Inova\u00e7\u00e3o-EN-FLUPOL-768x432.jpg 768w, https:\/\/flupol.pt\/wp-content\/uploads\/2018\/05\/Pol\u00edtica-de-Qualidade-e-Inova\u00e7\u00e3o-EN-FLUPOL-1024x576.jpg 1024w\" sizes=\"(max-width: 303px) 100vw, 303px\" \/><\/a><\/strong><\/h3>\n<p>[\/vc_column_text][\/vc_column][vc_column width=&#8221;1\/3&#8243;][vc_widget_sidebar sidebar_id=&#8221;thefox_mc_sidebar&#8221; title=&#8221;INSTITUCIONAL&#8221;][vc_empty_space height=&#8221;20px&#8221;][\/vc_column][\/vc_row]<\/p>\n","protected":false},"excerpt":{"rendered":"<p>[vc_row row_padding_top=&#8221;20&#8243; row_padding_bottom=&#8221;50&#8243; row_margin_top=&#8221;50&#8243;][vc_column width=&#8221;2\/3&#8243;][vc_custom_heading text=&#8221;Flupol &#8211; Surface Engineering&#8221; use_theme_fonts=&#8221;yes&#8221;][vc_empty_space height=&#8221;12px&#8221;][vc_column_text]Born in 1986, FLUPOL is a company specialized in designing SURFACE ENGINEERING solutions through the application of active coatings on the surface of functional parts. We are\u2026 \u2026an innovative company in the segment of functional surfaces\u2026 \u2026supported by highly skilled engineering staff and a strong<br \/><a href=\"https:\/\/flupol.pt\/en\/institutional\/company\/\" class=\"more\">Read more<\/a><\/p>\n","protected":false},"author":1,"featured_media":0,"parent":3006,"menu_order":0,"comment_status":"closed","ping_status":"closed","template":"","meta":{"_joinchat":[]},"yoast_head":"<!-- This site is optimized with the Yoast SEO plugin v18.8 - https:\/\/yoast.com\/wordpress\/plugins\/seo\/ -->\n<title>COMPANY - Flupol<\/title>\n<meta name=\"robots\" content=\"index, follow, max-snippet:-1, max-image-preview:large, max-video-preview:-1\" \/>\n<link rel=\"canonical\" href=\"https:\/\/flupol.pt\/en\/institutional\/company\/\" \/>\n<meta property=\"og:locale\" content=\"en_US\" \/>\n<meta property=\"og:type\" content=\"article\" \/>\n<meta property=\"og:title\" content=\"COMPANY - Flupol\" \/>\n<meta property=\"og:description\" content=\"[vc_row row_padding_top=&#8221;20&#8243; row_padding_bottom=&#8221;50&#8243; row_margin_top=&#8221;50&#8243;][vc_column width=&#8221;2\/3&#8243;][vc_custom_heading text=&#8221;Flupol &#8211; Surface Engineering&#8221; use_theme_fonts=&#8221;yes&#8221;][vc_empty_space height=&#8221;12px&#8221;][vc_column_text]Born in 1986, FLUPOL is a company specialized in designing SURFACE ENGINEERING solutions through the application of active coatings on the surface of functional parts. We are\u2026 \u2026an innovative company in the segment of functional surfaces\u2026 \u2026supported by highly skilled engineering staff and a strongRead more\" \/>\n<meta property=\"og:url\" content=\"https:\/\/flupol.pt\/en\/institutional\/company\/\" \/>\n<meta property=\"og:site_name\" content=\"Flupol\" \/>\n<meta property=\"article:modified_time\" content=\"2018-05-25T16:28:19+00:00\" \/>\n<meta name=\"twitter:card\" content=\"summary\" \/>\n<meta name=\"twitter:label1\" content=\"Est. reading time\" \/>\n\t<meta name=\"twitter:data1\" content=\"1 minute\" \/>\n<script type=\"application\/ld+json\" class=\"yoast-schema-graph\">{\"@context\":\"https:\/\/schema.org\",\"@graph\":[{\"@type\":\"WebSite\",\"@id\":\"https:\/\/flupol.pt\/#website\",\"url\":\"https:\/\/flupol.pt\/\",\"name\":\"Flupol\",\"description\":\"Surface Engineering\",\"potentialAction\":[{\"@type\":\"SearchAction\",\"target\":{\"@type\":\"EntryPoint\",\"urlTemplate\":\"https:\/\/flupol.pt\/?s={search_term_string}\"},\"query-input\":\"required name=search_term_string\"}],\"inLanguage\":\"en-US\"},{\"@type\":\"WebPage\",\"@id\":\"https:\/\/flupol.pt\/en\/institutional\/company\/#webpage\",\"url\":\"https:\/\/flupol.pt\/en\/institutional\/company\/\",\"name\":\"COMPANY - Flupol\",\"isPartOf\":{\"@id\":\"https:\/\/flupol.pt\/#website\"},\"datePublished\":\"2015-09-09T10:10:32+00:00\",\"dateModified\":\"2018-05-25T16:28:19+00:00\",\"breadcrumb\":{\"@id\":\"https:\/\/flupol.pt\/en\/institutional\/company\/#breadcrumb\"},\"inLanguage\":\"en-US\",\"potentialAction\":[{\"@type\":\"ReadAction\",\"target\":[\"https:\/\/flupol.pt\/en\/institutional\/company\/\"]}]},{\"@type\":\"BreadcrumbList\",\"@id\":\"https:\/\/flupol.pt\/en\/institutional\/company\/#breadcrumb\",\"itemListElement\":[{\"@type\":\"ListItem\",\"position\":1,\"name\":\"In\u00edcio\",\"item\":\"https:\/\/flupol.pt\/en\/\"},{\"@type\":\"ListItem\",\"position\":2,\"name\":\"INSTITUTIONAL\",\"item\":\"https:\/\/flupol.pt\/en\/institutional\/\"},{\"@type\":\"ListItem\",\"position\":3,\"name\":\"COMPANY\"}]}]}<\/script>\n<!-- \/ Yoast SEO plugin. -->","yoast_head_json":{"title":"COMPANY - Flupol","robots":{"index":"index","follow":"follow","max-snippet":"max-snippet:-1","max-image-preview":"max-image-preview:large","max-video-preview":"max-video-preview:-1"},"canonical":"https:\/\/flupol.pt\/en\/institutional\/company\/","og_locale":"en_US","og_type":"article","og_title":"COMPANY - Flupol","og_description":"[vc_row row_padding_top=&#8221;20&#8243; row_padding_bottom=&#8221;50&#8243; row_margin_top=&#8221;50&#8243;][vc_column width=&#8221;2\/3&#8243;][vc_custom_heading text=&#8221;Flupol &#8211; Surface Engineering&#8221; use_theme_fonts=&#8221;yes&#8221;][vc_empty_space height=&#8221;12px&#8221;][vc_column_text]Born in 1986, FLUPOL is a company specialized in designing SURFACE ENGINEERING solutions through the application of active coatings on the surface of functional parts. We are\u2026 \u2026an innovative company in the segment of functional surfaces\u2026 \u2026supported by highly skilled engineering staff and a strongRead more","og_url":"https:\/\/flupol.pt\/en\/institutional\/company\/","og_site_name":"Flupol","article_modified_time":"2018-05-25T16:28:19+00:00","twitter_card":"summary","twitter_misc":{"Est. reading time":"1 minute"},"schema":{"@context":"https:\/\/schema.org","@graph":[{"@type":"WebSite","@id":"https:\/\/flupol.pt\/#website","url":"https:\/\/flupol.pt\/","name":"Flupol","description":"Surface Engineering","potentialAction":[{"@type":"SearchAction","target":{"@type":"EntryPoint","urlTemplate":"https:\/\/flupol.pt\/?s={search_term_string}"},"query-input":"required name=search_term_string"}],"inLanguage":"en-US"},{"@type":"WebPage","@id":"https:\/\/flupol.pt\/en\/institutional\/company\/#webpage","url":"https:\/\/flupol.pt\/en\/institutional\/company\/","name":"COMPANY - Flupol","isPartOf":{"@id":"https:\/\/flupol.pt\/#website"},"datePublished":"2015-09-09T10:10:32+00:00","dateModified":"2018-05-25T16:28:19+00:00","breadcrumb":{"@id":"https:\/\/flupol.pt\/en\/institutional\/company\/#breadcrumb"},"inLanguage":"en-US","potentialAction":[{"@type":"ReadAction","target":["https:\/\/flupol.pt\/en\/institutional\/company\/"]}]},{"@type":"BreadcrumbList","@id":"https:\/\/flupol.pt\/en\/institutional\/company\/#breadcrumb","itemListElement":[{"@type":"ListItem","position":1,"name":"In\u00edcio","item":"https:\/\/flupol.pt\/en\/"},{"@type":"ListItem","position":2,"name":"INSTITUTIONAL","item":"https:\/\/flupol.pt\/en\/institutional\/"},{"@type":"ListItem","position":3,"name":"COMPANY"}]}]}},"_links":{"self":[{"href":"https:\/\/flupol.pt\/en\/wp-json\/wp\/v2\/pages\/3022"}],"collection":[{"href":"https:\/\/flupol.pt\/en\/wp-json\/wp\/v2\/pages"}],"about":[{"href":"https:\/\/flupol.pt\/en\/wp-json\/wp\/v2\/types\/page"}],"author":[{"embeddable":true,"href":"https:\/\/flupol.pt\/en\/wp-json\/wp\/v2\/users\/1"}],"replies":[{"embeddable":true,"href":"https:\/\/flupol.pt\/en\/wp-json\/wp\/v2\/comments?post=3022"}],"version-history":[{"count":4,"href":"https:\/\/flupol.pt\/en\/wp-json\/wp\/v2\/pages\/3022\/revisions"}],"predecessor-version":[{"id":5792,"href":"https:\/\/flupol.pt\/en\/wp-json\/wp\/v2\/pages\/3022\/revisions\/5792"}],"up":[{"embeddable":true,"href":"https:\/\/flupol.pt\/en\/wp-json\/wp\/v2\/pages\/3006"}],"wp:attachment":[{"href":"https:\/\/flupol.pt\/en\/wp-json\/wp\/v2\/media?parent=3022"}],"curies":[{"name":"wp","href":"https:\/\/api.w.org\/{rel}","templated":true}]}}